{"id":21,"date":"2023-09-22T15:08:12","date_gmt":"2023-09-22T13:08:12","guid":{"rendered":"https:\/\/kalandoroktarsasaga.hu\/?page_id=21"},"modified":"2023-09-22T15:08:16","modified_gmt":"2023-09-22T13:08:16","slug":"kik-vagyunk","status":"publish","type":"page","link":"https:\/\/kalandoroktarsasaga.hu\/index.php\/kik-vagyunk\/","title":{"rendered":"Kik vagyunk?"},"content":{"rendered":"\n<p><strong>Sz\u0171kebb \u00e9rtelemben v\u00e9ve<\/strong>: h\u00e1rom \u00f6reged\u0151 kocka, akik a 90-es \u00e9vek t\u00e1j\u00e1n r\u00e1bukkantak a &#8222;szerepj\u00e1t\u00e9k&#8221; nev\u0171 hobbira, \u00e9s az\u00f3ta sem tudtak elszakadni t\u0151le. A hazai oldschool D&amp;D szc\u00e9na vir\u00e1gkor\u00e1ban, 2010 k\u00f6rny\u00e9k\u00e9n ismerkedt\u00fcnk meg egym\u00e1ssal, a V\u00e9letlen Tal\u00e1lkoz\u00e1sok rendezv\u00e9nysorozaton. Amikor a VT megsz\u0171nt folytat\u00f3dni, \u00fagy d\u00f6nt\u00f6tt\u00fck, felvessz\u00fck a staf\u00e9t\u00e1t, \u00e9s folytatjuk a hagyom\u00e1nyt.<\/p>\n\n\n\n<p><strong>T\u00e1gabb \u00e9rtelemben v\u00e9ve<\/strong>: szeret\u00fcnk \u00fagy gondolni a T\u00e1rsas\u00e1gra, mint mag\u00e1ra a rendezv\u00e9nyt l\u00e1togat\u00f3, \u00e9s egyben az azt \u00e9letben tart\u00f3 mes\u00e9l\u0151i \u00e9s j\u00e1t\u00e9kosi k\u00f6z\u00f6ss\u00e9gre.<\/p>\n\n\n\n<p>2014 \u00e9s 2020 k\u00f6z\u00f6tt \u00f6sszesen t\u00edz tal\u00e1lkoz\u00f3t szervezt\u00fcnk. Rendezv\u00e9nyeinken a D&amp;D \u00e9s az azzal rokon rendszerek mindig kiemelt f\u00f3kuszt \u00e9lveztek, de igyekezt\u00fcnk teret adni egy\u00e9b j\u00e1t\u00e9koknak is. K\u00f6zel negyven mes\u00e9l\u0151 k\u00f6zel 100 kalandja gondoskodott r\u00f3la, hogy minden j\u00e1t\u00e9kos megtal\u00e1lja a sz\u00e1m\u00edt\u00e1s\u00e1t: ak\u00e1r hagyom\u00e1nyos, ak\u00e1r egzotikus zs\u00e1nerre v\u00e1gyott, ak\u00e1r ismer\u0151s, ak\u00e1r \u00fajszer\u0171 rendszerre, \u00e9s persze arr\u00f3l is, hogy a rendezv\u00e9nyeket l\u00e1togat\u00f3, az internetr\u0151l egym\u00e1st csak r\u00e9szben vagy semennyire sem ismer\u0151 emberekb\u0151l egy val\u00f3di k\u00f6z\u00f6ss\u00e9g kov\u00e1csol\u00f3djon, amely \u00fajra meg \u00fajra \u00f6r\u00f6mmel fut \u00f6ssze j\u00e1tszani.<\/p>\n\n\n\n<p>Tizedik rendezv\u00e9ny\u00fcnk, a &#8222;Hal\u00e1l utols\u00f3, v\u00f6r\u00f6s titka&#8221; majdnem \u00f6nbev\u00e1lt\u00f3 j\u00f3slat lett: el\u0151bb a Covid-j\u00e1rv\u00e1ny, ut\u00f3bb egy informatikai katasztr\u00f3fa g\u00f6rd\u00edtett akad\u00e1lyt utunkba (le\u00e9gett a honlapunkat hostol\u00f3 g\u00e9pterem, meg a backup site is). De mi mindig im\u00e1dtuk a giccses fantasy toposzokat, \u00fagyhogy a hamvakb\u00f3l felt\u00e1mad\u00f3 f\u0151nixmad\u00e1rk\u00e9nt t\u00e9r\u00fcnk vissza, hogy folytassuk a sokak \u00e1ltal hi\u00e1nyolt \u00f6sszej\u00f6veteleink megszervez\u00e9s\u00e9t!<\/p>\n\n\n\n<p>Ahogy a hobbinkat \u00fatj\u00e1ra ind\u00edt\u00f3 \u00fariember mondan\u00e1: <strong>Fight On!<\/strong><\/p>\n\n\n<div class=\"wp-block-image\">\n<figure class=\"aligncenter size-large\"><img loading=\"lazy\" decoding=\"async\" width=\"1024\" height=\"575\" src=\"https:\/\/kalandoroktarsasaga.hu\/wp-content\/uploads\/2023\/08\/image-2-1024x575.png\" alt=\"\" class=\"wp-image-22\" srcset=\"https:\/\/kalandoroktarsasaga.hu\/wp-content\/uploads\/2023\/08\/image-2-1024x575.png 1024w, https:\/\/kalandoroktarsasaga.hu\/wp-content\/uploads\/2023\/08\/image-2-300x169.png 300w, https:\/\/kalandoroktarsasaga.hu\/wp-content\/uploads\/2023\/08\/image-2-768x432.png 768w, https:\/\/kalandoroktarsasaga.hu\/wp-content\/uploads\/2023\/08\/image-2-1536x863.png 1536w, https:\/\/kalandoroktarsasaga.hu\/wp-content\/uploads\/2023\/08\/image-2-2048x1151.png 2048w\" sizes=\"auto, (max-width: 1024px) 100vw, 1024px\" \/><\/figure>\n<\/div>","protected":false},"excerpt":{"rendered":"<p>Sz\u0171kebb \u00e9rtelemben v\u00e9ve: h\u00e1rom \u00f6reged\u0151 kocka, akik a 90-es \u00e9vek t\u00e1j\u00e1n r\u00e1bukkantak a &#8222;szerepj\u00e1t\u00e9k&#8221; nev\u0171 hobbira, \u00e9s az\u00f3ta sem tudtak elszakadni t\u0151le. A hazai oldschool D&amp;D szc\u00e9na vir\u00e1gkor\u00e1ban, 2010 k\u00f6rny\u00e9k\u00e9n ismerkedt\u00fcnk meg egym\u00e1ssal, a V\u00e9letlen Tal\u00e1lkoz\u00e1sok rendezv\u00e9nysorozaton. Amikor a VT megsz\u0171nt folytat\u00f3dni, \u00fagy d\u00f6nt\u00f6tt\u00fck, felvessz\u00fck a staf\u00e9t\u00e1t, \u00e9s folytatjuk a hagyom\u00e1nyt. T\u00e1gabb \u00e9rtelemben v\u00e9ve: szeret\u00fcnk&#8230;<\/p>\n","protected":false},"author":1,"featured_media":0,"parent":0,"menu_order":0,"comment_status":"closed","ping_status":"closed","template":"","meta":{"_kadence_starter_templates_imported_post":false,"_kad_post_transparent":"","_kad_post_title":"","_kad_post_layout":"","_kad_post_sidebar_id":"","_kad_post_content_style":"","_kad_post_vertical_padding":"","_kad_post_feature":"","_kad_post_feature_position":"","_kad_post_header":false,"_kad_post_footer":false,"footnotes":""},"class_list":["post-21","page","type-page","status-publish","hentry"],"yoast_head":"<!-- This site is optimized with the Yoast SEO plugin v26.2 - https:\/\/yoast.com\/wordpress\/plugins\/seo\/ -->\n<title>Kik vagyunk? - Kalandorok T\u00e1rsas\u00e1ga<\/title>\n<meta name=\"robots\" content=\"index, follow, max-snippet:-1, max-image-preview:large, max-video-preview:-1\" \/>\n<link rel=\"canonical\" href=\"https:\/\/kalandoroktarsasaga.hu\/index.php\/kik-vagyunk\/\" \/>\n<meta property=\"og:locale\" content=\"hu_HU\" \/>\n<meta property=\"og:type\" content=\"article\" \/>\n<meta property=\"og:title\" content=\"Kik vagyunk? - Kalandorok T\u00e1rsas\u00e1ga\" \/>\n<meta property=\"og:description\" content=\"Sz\u0171kebb \u00e9rtelemben v\u00e9ve: h\u00e1rom \u00f6reged\u0151 kocka, akik a 90-es \u00e9vek t\u00e1j\u00e1n r\u00e1bukkantak a &#8222;szerepj\u00e1t\u00e9k&#8221; nev\u0171 hobbira, \u00e9s az\u00f3ta sem tudtak elszakadni t\u0151le. A hazai oldschool D&amp;D szc\u00e9na vir\u00e1gkor\u00e1ban, 2010 k\u00f6rny\u00e9k\u00e9n ismerkedt\u00fcnk meg egym\u00e1ssal, a V\u00e9letlen Tal\u00e1lkoz\u00e1sok rendezv\u00e9nysorozaton. Amikor a VT megsz\u0171nt folytat\u00f3dni, \u00fagy d\u00f6nt\u00f6tt\u00fck, felvessz\u00fck a staf\u00e9t\u00e1t, \u00e9s folytatjuk a hagyom\u00e1nyt. T\u00e1gabb \u00e9rtelemben v\u00e9ve: szeret\u00fcnk...\" \/>\n<meta property=\"og:url\" content=\"https:\/\/kalandoroktarsasaga.hu\/index.php\/kik-vagyunk\/\" \/>\n<meta property=\"og:site_name\" content=\"Kalandorok T\u00e1rsas\u00e1ga\" \/>\n<meta property=\"article:modified_time\" content=\"2023-09-22T13:08:16+00:00\" \/>\n<meta property=\"og:image\" content=\"https:\/\/kalandoroktarsasaga.hu\/wp-content\/uploads\/2023\/08\/image-2-1024x575.png\" \/>\n<meta name=\"twitter:card\" content=\"summary_large_image\" \/>\n<meta name=\"twitter:label1\" content=\"Becs\u00fclt olvas\u00e1si id\u0151\" \/>\n\t<meta name=\"twitter:data1\" content=\"2 perc\" \/>\n<script type=\"application\/ld+json\" class=\"yoast-schema-graph\">{\"@context\":\"https:\/\/schema.org\",\"@graph\":[{\"@type\":\"WebPage\",\"@id\":\"https:\/\/kalandoroktarsasaga.hu\/index.php\/kik-vagyunk\/\",\"url\":\"https:\/\/kalandoroktarsasaga.hu\/index.php\/kik-vagyunk\/\",\"name\":\"Kik vagyunk? - Kalandorok T\u00e1rsas\u00e1ga\",\"isPartOf\":{\"@id\":\"https:\/\/kalandoroktarsasaga.hu\/#website\"},\"primaryImageOfPage\":{\"@id\":\"https:\/\/kalandoroktarsasaga.hu\/index.php\/kik-vagyunk\/#primaryimage\"},\"image\":{\"@id\":\"https:\/\/kalandoroktarsasaga.hu\/index.php\/kik-vagyunk\/#primaryimage\"},\"thumbnailUrl\":\"https:\/\/kalandoroktarsasaga.hu\/wp-content\/uploads\/2023\/08\/image-2-1024x575.png\",\"datePublished\":\"2023-09-22T13:08:12+00:00\",\"dateModified\":\"2023-09-22T13:08:16+00:00\",\"breadcrumb\":{\"@id\":\"https:\/\/kalandoroktarsasaga.hu\/index.php\/kik-vagyunk\/#breadcrumb\"},\"inLanguage\":\"hu\",\"potentialAction\":[{\"@type\":\"ReadAction\",\"target\":[\"https:\/\/kalandoroktarsasaga.hu\/index.php\/kik-vagyunk\/\"]}]},{\"@type\":\"ImageObject\",\"inLanguage\":\"hu\",\"@id\":\"https:\/\/kalandoroktarsasaga.hu\/index.php\/kik-vagyunk\/#primaryimage\",\"url\":\"https:\/\/kalandoroktarsasaga.hu\/wp-content\/uploads\/2023\/08\/image-2.png\",\"contentUrl\":\"https:\/\/kalandoroktarsasaga.hu\/wp-content\/uploads\/2023\/08\/image-2.png\",\"width\":4912,\"height\":2760},{\"@type\":\"BreadcrumbList\",\"@id\":\"https:\/\/kalandoroktarsasaga.hu\/index.php\/kik-vagyunk\/#breadcrumb\",\"itemListElement\":[{\"@type\":\"ListItem\",\"position\":1,\"name\":\"Kezd\u0151lap\",\"item\":\"https:\/\/kalandoroktarsasaga.hu\/\"},{\"@type\":\"ListItem\",\"position\":2,\"name\":\"Kik vagyunk?\"}]},{\"@type\":\"WebSite\",\"@id\":\"https:\/\/kalandoroktarsasaga.hu\/#website\",\"url\":\"https:\/\/kalandoroktarsasaga.hu\/\",\"name\":\"Kalandorok T\u00e1rsas\u00e1ga\",\"description\":\"Szerepj\u00e1t\u00e9kos rendezv\u00e9nyeket szervez\u00fcnk - veletek, nektek\",\"publisher\":{\"@id\":\"https:\/\/kalandoroktarsasaga.hu\/#organization\"},\"potentialAction\":[{\"@type\":\"SearchAction\",\"target\":{\"@type\":\"EntryPoint\",\"urlTemplate\":\"https:\/\/kalandoroktarsasaga.hu\/?s={search_term_string}\"},\"query-input\":{\"@type\":\"PropertyValueSpecification\",\"valueRequired\":true,\"valueName\":\"search_term_string\"}}],\"inLanguage\":\"hu\"},{\"@type\":\"Organization\",\"@id\":\"https:\/\/kalandoroktarsasaga.hu\/#organization\",\"name\":\"Kalandorok T\u00e1rsas\u00e1ga\",\"url\":\"https:\/\/kalandoroktarsasaga.hu\/\",\"logo\":{\"@type\":\"ImageObject\",\"inLanguage\":\"hu\",\"@id\":\"https:\/\/kalandoroktarsasaga.hu\/#\/schema\/logo\/image\/\",\"url\":\"https:\/\/kalandoroktarsasaga.hu\/wp-content\/uploads\/2023\/08\/cropped-Logo-1.png\",\"contentUrl\":\"https:\/\/kalandoroktarsasaga.hu\/wp-content\/uploads\/2023\/08\/cropped-Logo-1.png\",\"width\":599,\"height\":832,\"caption\":\"Kalandorok T\u00e1rsas\u00e1ga\"},\"image\":{\"@id\":\"https:\/\/kalandoroktarsasaga.hu\/#\/schema\/logo\/image\/\"}}]}<\/script>\n<!-- \/ Yoast SEO plugin. -->","yoast_head_json":{"title":"Kik vagyunk? - Kalandorok T\u00e1rsas\u00e1ga","robots":{"index":"index","follow":"follow","max-snippet":"max-snippet:-1","max-image-preview":"max-image-preview:large","max-video-preview":"max-video-preview:-1"},"canonical":"https:\/\/kalandoroktarsasaga.hu\/index.php\/kik-vagyunk\/","og_locale":"hu_HU","og_type":"article","og_title":"Kik vagyunk? - Kalandorok T\u00e1rsas\u00e1ga","og_description":"Sz\u0171kebb \u00e9rtelemben v\u00e9ve: h\u00e1rom \u00f6reged\u0151 kocka, akik a 90-es \u00e9vek t\u00e1j\u00e1n r\u00e1bukkantak a &#8222;szerepj\u00e1t\u00e9k&#8221; nev\u0171 hobbira, \u00e9s az\u00f3ta sem tudtak elszakadni t\u0151le. A hazai oldschool D&amp;D szc\u00e9na vir\u00e1gkor\u00e1ban, 2010 k\u00f6rny\u00e9k\u00e9n ismerkedt\u00fcnk meg egym\u00e1ssal, a V\u00e9letlen Tal\u00e1lkoz\u00e1sok rendezv\u00e9nysorozaton. Amikor a VT megsz\u0171nt folytat\u00f3dni, \u00fagy d\u00f6nt\u00f6tt\u00fck, felvessz\u00fck a staf\u00e9t\u00e1t, \u00e9s folytatjuk a hagyom\u00e1nyt. T\u00e1gabb \u00e9rtelemben v\u00e9ve: szeret\u00fcnk...","og_url":"https:\/\/kalandoroktarsasaga.hu\/index.php\/kik-vagyunk\/","og_site_name":"Kalandorok T\u00e1rsas\u00e1ga","article_modified_time":"2023-09-22T13:08:16+00:00","og_image":[{"url":"https:\/\/kalandoroktarsasaga.hu\/wp-content\/uploads\/2023\/08\/image-2-1024x575.png","type":"","width":"","height":""}],"twitter_card":"summary_large_image","twitter_misc":{"Becs\u00fclt olvas\u00e1si id\u0151":"2 perc"},"schema":{"@context":"https:\/\/schema.org","@graph":[{"@type":"WebPage","@id":"https:\/\/kalandoroktarsasaga.hu\/index.php\/kik-vagyunk\/","url":"https:\/\/kalandoroktarsasaga.hu\/index.php\/kik-vagyunk\/","name":"Kik vagyunk? - Kalandorok T\u00e1rsas\u00e1ga","isPartOf":{"@id":"https:\/\/kalandoroktarsasaga.hu\/#website"},"primaryImageOfPage":{"@id":"https:\/\/kalandoroktarsasaga.hu\/index.php\/kik-vagyunk\/#primaryimage"},"image":{"@id":"https:\/\/kalandoroktarsasaga.hu\/index.php\/kik-vagyunk\/#primaryimage"},"thumbnailUrl":"https:\/\/kalandoroktarsasaga.hu\/wp-content\/uploads\/2023\/08\/image-2-1024x575.png","datePublished":"2023-09-22T13:08:12+00:00","dateModified":"2023-09-22T13:08:16+00:00","breadcrumb":{"@id":"https:\/\/kalandoroktarsasaga.hu\/index.php\/kik-vagyunk\/#breadcrumb"},"inLanguage":"hu","potentialAction":[{"@type":"ReadAction","target":["https:\/\/kalandoroktarsasaga.hu\/index.php\/kik-vagyunk\/"]}]},{"@type":"ImageObject","inLanguage":"hu","@id":"https:\/\/kalandoroktarsasaga.hu\/index.php\/kik-vagyunk\/#primaryimage","url":"https:\/\/kalandoroktarsasaga.hu\/wp-content\/uploads\/2023\/08\/image-2.png","contentUrl":"https:\/\/kalandoroktarsasaga.hu\/wp-content\/uploads\/2023\/08\/image-2.png","width":4912,"height":2760},{"@type":"BreadcrumbList","@id":"https:\/\/kalandoroktarsasaga.hu\/index.php\/kik-vagyunk\/#breadcrumb","itemListElement":[{"@type":"ListItem","position":1,"name":"Kezd\u0151lap","item":"https:\/\/kalandoroktarsasaga.hu\/"},{"@type":"ListItem","position":2,"name":"Kik vagyunk?"}]},{"@type":"WebSite","@id":"https:\/\/kalandoroktarsasaga.hu\/#website","url":"https:\/\/kalandoroktarsasaga.hu\/","name":"Kalandorok T\u00e1rsas\u00e1ga","description":"Szerepj\u00e1t\u00e9kos rendezv\u00e9nyeket szervez\u00fcnk - veletek, nektek","publisher":{"@id":"https:\/\/kalandoroktarsasaga.hu\/#organization"},"potentialAction":[{"@type":"SearchAction","target":{"@type":"EntryPoint","urlTemplate":"https:\/\/kalandoroktarsasaga.hu\/?s={search_term_string}"},"query-input":{"@type":"PropertyValueSpecification","valueRequired":true,"valueName":"search_term_string"}}],"inLanguage":"hu"},{"@type":"Organization","@id":"https:\/\/kalandoroktarsasaga.hu\/#organization","name":"Kalandorok T\u00e1rsas\u00e1ga","url":"https:\/\/kalandoroktarsasaga.hu\/","logo":{"@type":"ImageObject","inLanguage":"hu","@id":"https:\/\/kalandoroktarsasaga.hu\/#\/schema\/logo\/image\/","url":"https:\/\/kalandoroktarsasaga.hu\/wp-content\/uploads\/2023\/08\/cropped-Logo-1.png","contentUrl":"https:\/\/kalandoroktarsasaga.hu\/wp-content\/uploads\/2023\/08\/cropped-Logo-1.png","width":599,"height":832,"caption":"Kalandorok T\u00e1rsas\u00e1ga"},"image":{"@id":"https:\/\/kalandoroktarsasaga.hu\/#\/schema\/logo\/image\/"}}]}},"_links":{"self":[{"href":"https:\/\/kalandoroktarsasaga.hu\/index.php\/wp-json\/wp\/v2\/pages\/21","targetHints":{"allow":["GET"]}}],"collection":[{"href":"https:\/\/kalandoroktarsasaga.hu\/index.php\/wp-json\/wp\/v2\/pages"}],"about":[{"href":"https:\/\/kalandoroktarsasaga.hu\/index.php\/wp-json\/wp\/v2\/types\/page"}],"author":[{"embeddable":true,"href":"https:\/\/kalandoroktarsasaga.hu\/index.php\/wp-json\/wp\/v2\/users\/1"}],"replies":[{"embeddable":true,"href":"https:\/\/kalandoroktarsasaga.hu\/index.php\/wp-json\/wp\/v2\/comments?post=21"}],"version-history":[{"count":5,"href":"https:\/\/kalandoroktarsasaga.hu\/index.php\/wp-json\/wp\/v2\/pages\/21\/revisions"}],"predecessor-version":[{"id":492,"href":"https:\/\/kalandoroktarsasaga.hu\/index.php\/wp-json\/wp\/v2\/pages\/21\/revisions\/492"}],"wp:attachment":[{"href":"https:\/\/kalandoroktarsasaga.hu\/index.php\/wp-json\/wp\/v2\/media?parent=21"}],"curies":[{"name":"wp","href":"https:\/\/api.w.org\/{rel}","templated":true}]}}