{"id":25,"date":"2023-09-22T15:05:33","date_gmt":"2023-09-22T13:05:33","guid":{"rendered":"https:\/\/kalandoroktarsasaga.hu\/?page_id=25"},"modified":"2023-09-22T15:05:35","modified_gmt":"2023-09-22T13:05:35","slug":"hogyan-mukodunk","status":"publish","type":"page","link":"https:\/\/kalandoroktarsasaga.hu\/index.php\/hogyan-mukodunk\/","title":{"rendered":"Hogyan m\u0171k\u00f6d\u00fcnk?"},"content":{"rendered":"\n<p>\u00daj l\u00e1togat\u00f3ink \u00e9s leend\u0151 mes\u00e9l\u0151ink kedv\u00e9\u00e9rt al\u00e1bb ismertetj\u00fck, \u00e1ltal\u00e1noss\u00e1gban <strong>hogyan is m\u0171k\u00f6dnek a rendezv\u00e9nyeink<\/strong> \u2013 nos, el\u00e9g egyszer\u0171en.<\/p>\n\n\n\n<p>Miut\u00e1n az aktu\u00e1lis rendezv\u00e9ny <strong>tematik\u00e1j\u00e1t <\/strong>kital\u00e1ltuk, n\u00e9h\u00e1ny h\u00f3nappal a t\u00e9nyleges esem\u00e9ny el\u0151tt nekil\u00e1tunk <strong>mes\u00e9l\u0151ket toborozni<\/strong>. Ez olykor nyilv\u00e1nos p\u00e1ly\u00e1zat alapj\u00e1n, olykor direkt megkeres\u00e9ssel t\u00f6rt\u00e9nik; nagy sz\u00f3r\u00e1ssal, de k\u00f6r\u00fclbel\u00fcl fele-fele ar\u00e1nyban igyeksz\u00fcnk a tematik\u00e1hoz illeszked\u0151 \u00e9s att\u00f3l devi\u00e1l\u00f3 mes\u00e9kb\u0151l, k\u00f6zkedvelt \u00e9s egzotikus rendszerekb\u0151l \u00f6ssze\u00e1ll\u00edtani programunkat. Az, hogy v\u00e9g\u00fcl h\u00e1ny mese ker\u00fcl be rendezv\u00e9nyre, els\u0151sorban \u2013 b\u00e1r nem kiz\u00e1r\u00f3lag \u2013 a hely korl\u00e1tja.<\/p>\n\n\n\n<p>Amikor ez megt\u00f6rt\u00e9nt, \u00f6ssze\u00e1ll\u00edtjuk a programot <strong>d\u00e9lel\u0151tti<\/strong>, <strong>d\u00e9lut\u00e1ni <\/strong>\u00e9s <strong>eg\u00e9sz napos<\/strong> blokkokra. Az eg\u00e9sz napos blokkb\u00f3l \u00e1ltal\u00e1ban egyet prefer\u00e1lunk, \u00e9s sohasem enged\u00fcnk t\u00f6bbet kett\u0151n\u00e9l. Az ok egyszer\u0171: a legt\u00f6bben az\u00e9rt j\u00f6nnek a rendezv\u00e9nyre, hogy min\u00e9l t\u00f6bb \u00faj mes\u00e9l\u0151t, rendszert \u00e9s t\u00e1rsas\u00e1got megismerjenek. A d\u00e9lel\u0151tti \u00e9s a d\u00e9lut\u00e1ni blokk egyar\u00e1nt <strong>4,5 \u00f3r\u00e1s<\/strong> \u2013 ez el\u00e9g szokott lenni hozz\u00e1, hogy egy r\u00f6vid, de eml\u00e9kezetes mese belef\u00e9rjen. A program blokkokra oszt\u00e1sakor megintcsak sz\u00e1mtalan apr\u00f3s\u00e1g befoly\u00e1sol minket, a mes\u00e9l\u0151k ig\u00e9nyeit\u0151l a n\u00e9pszer\u0171 rendszerek ar\u00e1nyos eloszt\u00e1s\u00e1ig.<\/p>\n\n\n\n<p>A mes\u00e9kre <strong>fix l\u00e9tsz\u00e1m\u00fa j\u00e1t\u00e9kos <\/strong>\u2013 tipikusan \u00f6t, de a mes\u00e9l\u0151 k\u00e9r\u00e9s\u00e9re ett\u0151l elt\u00e9rhet\u00fcnk \u2013 \u00fclhet be j\u00e1tszani, m\u00e9ghozz\u00e1 a rendezv\u00e9nyt j\u00f3val megel\u0151z\u0151 <strong>jelentkez\u00e9s <\/strong>szerint. A jelentkez\u00e9sek lead\u00e1s\u00e1ra <strong>emailben, egy sablon kit\u00f6lt\u00e9s\u00e9vel <\/strong>van lehet\u0151s\u00e9g. A mes\u00e9l\u0151inknek \u2013 munk\u00e1jukat honor\u00e1land\u00f3 \u2013 <strong>el\u0151jelentkez\u00e9si jogot<\/strong> biztos\u00edtunk; ez n\u00e9h\u00e1ny nappal megel\u0151zi a publikus jelentkez\u00e9s id\u0151pontj\u00e1t. (\u00c9rtelemszer\u0171en, ez m\u00e9g j\u00f3csk\u00e1n hagy szabadon helyeket, hiszen minden mes\u00e9l\u0151 csak olyan blokkban tud j\u00e1tszani, amiben nem mes\u00e9l; eg\u00e9sznapos mes\u00e9l\u0151k pedig sehol.) A publikus jelentkez\u00e9s d\u00e1tum\u00e1t mindig <strong>el\u0151re kommunik\u00e1ljuk<\/strong> <strong><a href=\"https:\/\/www.facebook.com\/kalandoroktarsasaga\/\" target=\"_blank\" rel=\"noreferrer noopener\">Facebook-oldalunkon<\/a><\/strong> (a rendezv\u00e9nyhez tartoz\u00f3 esem\u00e9ny alatt) \u00e9s a honlapunkon is. <\/p>\n\n\n\n<p><strong>Kezd\u0151 mes\u00e9l\u0151ink<\/strong> r\u00e9sz\u00e9r\u0151l olykor felmer\u00fcl a k\u00e9rd\u00e9s, ig\u00e9ny eset\u00e9n mes\u00e9lheti-e f\u00e9lnapos blokkj\u00e1t m\u00e9gis eg\u00e9sz nap. Nos, a fentiekb\u0151l m\u00e1r tal\u00e1n l\u00e1tszik: <strong>semmilyen k\u00f6r\u00fclm\u00e9nyek k\u00f6z\u00f6tt sem<\/strong>. Ezzel ugyanis megbontan\u00e1 a t\u00f6bbi mes\u00e9l\u0151, j\u00e1t\u00e9kos el\u0151jelentkez\u00e9sek sor\u00e1n kialakult j\u00e1t\u00e9kasztal\u00e1t, potenci\u00e1lisan t\u00f6nkre t\u00e9ve m\u00e1sok sz\u00f3rakoz\u00e1s\u00e1t \u00e9s mes\u00e9j\u00e9be fektetett munk\u00e1j\u00e1t. Az el\u0151jelentkez\u00e9ses rendszer nem v\u00e9letlen; mindenki sz\u00e1m\u00e1ra egyfajta biztos\u00edt\u00e9kk\u00e9nt funkcion\u00e1l.<\/p>\n\n\n\n<p>A leadott jelentkez\u00e9sek akkor v\u00e1lnak \u00e9rv\u00e9nyess\u00e9, ha a nevez\u0151 <strong>\u00e1tutalja <\/strong>a rendezv\u00e9ny <strong>r\u00e9szv\u00e9teli d\u00edj\u00e1t <\/strong>(\u00e9s az meg is \u00e9rkezik), <strong>megjegyz\u00e9s rovatban a nev\u00e9vel\/nicknev\u00e9vel.<\/strong> Sikeres nevez\u00e9s eset\u00e9n a j\u00e1t\u00e9kos r\u00e9szt vehet egy d\u00e9lel\u0151tti \u00e9s egy d\u00e9lut\u00e1ni, vagy (ezek helyett) egy eg\u00e9sznapos mes\u00e9n, valamint a rendezv\u00e9nyt z\u00e1r\u00f3 tombol\u00e1n. Mivel nagyban a mes\u00e9l\u0151k \u00e9rdeme, ha a rendezv\u00e9ny sikeres, \u00e9s a r\u00e9sztvev\u0151k min\u0151s\u00e9gi sz\u00f3rakoz\u00e1sban r\u00e9szes\u00fclhetnek, ez\u00e9rt mes\u00e9l\u0151ink sz\u00e1m\u00e1ra a r\u00e9szv\u00e9tel minden esetben <strong>ingyenes<\/strong>.<\/p>\n\n\n\n<p><strong>A Kalandorok T\u00e1rsas\u00e1ga teljesen nonprofit, k\u00f6z\u00f6ss\u00e9g\u00e9p\u00edt\u0151 kezdem\u00e9nyez\u00e9s.<\/strong> A r\u00e9szv\u00e9teli d\u00edjat a rendezv\u00e9ny k\u00f6lts\u00e9geire ford\u00edtjuk \u2013 b\u00e9rleti d\u00edjra, tombolanyerem\u00e9nyekre, stb.<\/p>\n\n\n\n<p>Rendezv\u00e9nyeinknek jelenleg \u2013 \u00e9s rem\u00e9nyeink szerint m\u00e9g sok\u00e1ig \u2013 a <strong><a href=\"https:\/\/www.zic.hu\/\" target=\"_blank\" rel=\"noreferrer noopener\">Zugl\u00f3i Ifj\u00fas\u00e1gi Centrum<\/a><\/strong> biztos\u00edt kultur\u00e1lt \u00e9s n\u00edv\u00f3s <strong>helysz\u00ednt<\/strong>. A k\u00f6rny\u00e9ken <strong>parkol\u00f3helyben <\/strong>nincs hi\u00e1ny, <strong>bolt <\/strong>kb. 5 perc s\u00e9t\u00e1ra tal\u00e1lhat\u00f3. A rendezv\u00e9nyeken biztos\u00edtunk becs\u00fcletkassz\u00e1s <strong>k\u00e1v\u00e9z\u00e1si <\/strong>lehet\u0151s\u00e9get, \u00e9s (kinek-kinek ig\u00e9nye szerint) int\u00e9z\u00fcnk <strong>k\u00f6z\u00f6s eb\u00e9drendel\u00e9st <\/strong>is egy k\u00f6zeli pizz\u00e9ri\u00e1b\u00f3l.<\/p>\n\n\n\n<p>Rendezv\u00e9ny\u00fcnket \u00e1ltal\u00e1ban <strong>tombol\u00e1val <\/strong>z\u00e1rjuk, majd az \u00e9rdekl\u0151d\u0151kkel \u00e1tvonulunk egy <strong>belv\u00e1rosi s\u00f6r\u00f6z\u0151be<\/strong> (tipikusan a <strong><a href=\"https:\/\/www.facebook.com\/helveciasorozo\" target=\"_blank\" rel=\"noreferrer noopener\">Helv\u00e9ci\u00e1ba<\/a><\/strong>), hogy tov\u00e1bb folytassuk az ismerked\u00e9st, besz\u00e9lget\u00e9st, \u00e9lm\u00e9nybesz\u00e1mol\u00f3t, rendszerm\u00e1ngorl\u00e1st, edition war-t, stb-stb., imm\u00e1r k\u00f6tetlen form\u00e1ban.<\/p>\n\n\n\n<p><strong>Rem\u00e9lj\u00fck, bemutatkoz\u00e1sunk meghozta a kedved a csatlakoz\u00e1shoz, \u00e9s k\u00f6vetkez\u0151 rendezv\u00e9nyen Veled is tal\u00e1lkozunk!<\/strong><\/p>\n","protected":false},"excerpt":{"rendered":"<p>\u00daj l\u00e1togat\u00f3ink \u00e9s leend\u0151 mes\u00e9l\u0151ink kedv\u00e9\u00e9rt al\u00e1bb ismertetj\u00fck, \u00e1ltal\u00e1noss\u00e1gban hogyan is m\u0171k\u00f6dnek a rendezv\u00e9nyeink \u2013 nos, el\u00e9g egyszer\u0171en. Miut\u00e1n az aktu\u00e1lis rendezv\u00e9ny tematik\u00e1j\u00e1t kital\u00e1ltuk, n\u00e9h\u00e1ny h\u00f3nappal a t\u00e9nyleges esem\u00e9ny el\u0151tt nekil\u00e1tunk mes\u00e9l\u0151ket toborozni. Ez olykor nyilv\u00e1nos p\u00e1ly\u00e1zat alapj\u00e1n, olykor direkt megkeres\u00e9ssel t\u00f6rt\u00e9nik; nagy sz\u00f3r\u00e1ssal, de k\u00f6r\u00fclbel\u00fcl fele-fele ar\u00e1nyban igyeksz\u00fcnk a tematik\u00e1hoz illeszked\u0151 \u00e9s att\u00f3l devi\u00e1l\u00f3&#8230;<\/p>\n","protected":false},"author":1,"featured_media":0,"parent":0,"menu_order":0,"comment_status":"closed","ping_status":"closed","template":"","meta":{"_kadence_starter_templates_imported_post":false,"_kad_post_transparent":"","_kad_post_title":"","_kad_post_layout":"","_kad_post_sidebar_id":"","_kad_post_content_style":"","_kad_post_vertical_padding":"","_kad_post_feature":"","_kad_post_feature_position":"","_kad_post_header":false,"_kad_post_footer":false,"footnotes":""},"class_list":["post-25","page","type-page","status-publish","hentry"],"yoast_head":"<!-- This site is optimized with the Yoast SEO plugin v26.2 - https:\/\/yoast.com\/wordpress\/plugins\/seo\/ -->\n<title>Hogyan m\u0171k\u00f6d\u00fcnk? - Kalandorok T\u00e1rsas\u00e1ga<\/title>\n<meta name=\"robots\" content=\"index, follow, max-snippet:-1, max-image-preview:large, max-video-preview:-1\" \/>\n<link rel=\"canonical\" href=\"https:\/\/kalandoroktarsasaga.hu\/index.php\/hogyan-mukodunk\/\" \/>\n<meta property=\"og:locale\" content=\"hu_HU\" \/>\n<meta property=\"og:type\" content=\"article\" \/>\n<meta property=\"og:title\" content=\"Hogyan m\u0171k\u00f6d\u00fcnk? - Kalandorok T\u00e1rsas\u00e1ga\" \/>\n<meta property=\"og:description\" content=\"\u00daj l\u00e1togat\u00f3ink \u00e9s leend\u0151 mes\u00e9l\u0151ink kedv\u00e9\u00e9rt al\u00e1bb ismertetj\u00fck, \u00e1ltal\u00e1noss\u00e1gban hogyan is m\u0171k\u00f6dnek a rendezv\u00e9nyeink \u2013 nos, el\u00e9g egyszer\u0171en. Miut\u00e1n az aktu\u00e1lis rendezv\u00e9ny tematik\u00e1j\u00e1t kital\u00e1ltuk, n\u00e9h\u00e1ny h\u00f3nappal a t\u00e9nyleges esem\u00e9ny el\u0151tt nekil\u00e1tunk mes\u00e9l\u0151ket toborozni. Ez olykor nyilv\u00e1nos p\u00e1ly\u00e1zat alapj\u00e1n, olykor direkt megkeres\u00e9ssel t\u00f6rt\u00e9nik; nagy sz\u00f3r\u00e1ssal, de k\u00f6r\u00fclbel\u00fcl fele-fele ar\u00e1nyban igyeksz\u00fcnk a tematik\u00e1hoz illeszked\u0151 \u00e9s att\u00f3l devi\u00e1l\u00f3...\" \/>\n<meta property=\"og:url\" content=\"https:\/\/kalandoroktarsasaga.hu\/index.php\/hogyan-mukodunk\/\" \/>\n<meta property=\"og:site_name\" content=\"Kalandorok T\u00e1rsas\u00e1ga\" \/>\n<meta property=\"article:modified_time\" content=\"2023-09-22T13:05:35+00:00\" \/>\n<meta name=\"twitter:card\" content=\"summary_large_image\" \/>\n<meta name=\"twitter:label1\" content=\"Becs\u00fclt olvas\u00e1si id\u0151\" \/>\n\t<meta name=\"twitter:data1\" content=\"3 perc\" \/>\n<script type=\"application\/ld+json\" class=\"yoast-schema-graph\">{\"@context\":\"https:\/\/schema.org\",\"@graph\":[{\"@type\":\"WebPage\",\"@id\":\"https:\/\/kalandoroktarsasaga.hu\/index.php\/hogyan-mukodunk\/\",\"url\":\"https:\/\/kalandoroktarsasaga.hu\/index.php\/hogyan-mukodunk\/\",\"name\":\"Hogyan m\u0171k\u00f6d\u00fcnk? - Kalandorok T\u00e1rsas\u00e1ga\",\"isPartOf\":{\"@id\":\"https:\/\/kalandoroktarsasaga.hu\/#website\"},\"datePublished\":\"2023-09-22T13:05:33+00:00\",\"dateModified\":\"2023-09-22T13:05:35+00:00\",\"breadcrumb\":{\"@id\":\"https:\/\/kalandoroktarsasaga.hu\/index.php\/hogyan-mukodunk\/#breadcrumb\"},\"inLanguage\":\"hu\",\"potentialAction\":[{\"@type\":\"ReadAction\",\"target\":[\"https:\/\/kalandoroktarsasaga.hu\/index.php\/hogyan-mukodunk\/\"]}]},{\"@type\":\"BreadcrumbList\",\"@id\":\"https:\/\/kalandoroktarsasaga.hu\/index.php\/hogyan-mukodunk\/#breadcrumb\",\"itemListElement\":[{\"@type\":\"ListItem\",\"position\":1,\"name\":\"Kezd\u0151lap\",\"item\":\"https:\/\/kalandoroktarsasaga.hu\/\"},{\"@type\":\"ListItem\",\"position\":2,\"name\":\"Hogyan m\u0171k\u00f6d\u00fcnk?\"}]},{\"@type\":\"WebSite\",\"@id\":\"https:\/\/kalandoroktarsasaga.hu\/#website\",\"url\":\"https:\/\/kalandoroktarsasaga.hu\/\",\"name\":\"Kalandorok T\u00e1rsas\u00e1ga\",\"description\":\"Szerepj\u00e1t\u00e9kos rendezv\u00e9nyeket szervez\u00fcnk - veletek, nektek\",\"publisher\":{\"@id\":\"https:\/\/kalandoroktarsasaga.hu\/#organization\"},\"potentialAction\":[{\"@type\":\"SearchAction\",\"target\":{\"@type\":\"EntryPoint\",\"urlTemplate\":\"https:\/\/kalandoroktarsasaga.hu\/?s={search_term_string}\"},\"query-input\":{\"@type\":\"PropertyValueSpecification\",\"valueRequired\":true,\"valueName\":\"search_term_string\"}}],\"inLanguage\":\"hu\"},{\"@type\":\"Organization\",\"@id\":\"https:\/\/kalandoroktarsasaga.hu\/#organization\",\"name\":\"Kalandorok T\u00e1rsas\u00e1ga\",\"url\":\"https:\/\/kalandoroktarsasaga.hu\/\",\"logo\":{\"@type\":\"ImageObject\",\"inLanguage\":\"hu\",\"@id\":\"https:\/\/kalandoroktarsasaga.hu\/#\/schema\/logo\/image\/\",\"url\":\"https:\/\/kalandoroktarsasaga.hu\/wp-content\/uploads\/2023\/08\/cropped-Logo-1.png\",\"contentUrl\":\"https:\/\/kalandoroktarsasaga.hu\/wp-content\/uploads\/2023\/08\/cropped-Logo-1.png\",\"width\":599,\"height\":832,\"caption\":\"Kalandorok T\u00e1rsas\u00e1ga\"},\"image\":{\"@id\":\"https:\/\/kalandoroktarsasaga.hu\/#\/schema\/logo\/image\/\"}}]}<\/script>\n<!-- \/ Yoast SEO plugin. -->","yoast_head_json":{"title":"Hogyan m\u0171k\u00f6d\u00fcnk? - Kalandorok T\u00e1rsas\u00e1ga","robots":{"index":"index","follow":"follow","max-snippet":"max-snippet:-1","max-image-preview":"max-image-preview:large","max-video-preview":"max-video-preview:-1"},"canonical":"https:\/\/kalandoroktarsasaga.hu\/index.php\/hogyan-mukodunk\/","og_locale":"hu_HU","og_type":"article","og_title":"Hogyan m\u0171k\u00f6d\u00fcnk? - Kalandorok T\u00e1rsas\u00e1ga","og_description":"\u00daj l\u00e1togat\u00f3ink \u00e9s leend\u0151 mes\u00e9l\u0151ink kedv\u00e9\u00e9rt al\u00e1bb ismertetj\u00fck, \u00e1ltal\u00e1noss\u00e1gban hogyan is m\u0171k\u00f6dnek a rendezv\u00e9nyeink \u2013 nos, el\u00e9g egyszer\u0171en. Miut\u00e1n az aktu\u00e1lis rendezv\u00e9ny tematik\u00e1j\u00e1t kital\u00e1ltuk, n\u00e9h\u00e1ny h\u00f3nappal a t\u00e9nyleges esem\u00e9ny el\u0151tt nekil\u00e1tunk mes\u00e9l\u0151ket toborozni. Ez olykor nyilv\u00e1nos p\u00e1ly\u00e1zat alapj\u00e1n, olykor direkt megkeres\u00e9ssel t\u00f6rt\u00e9nik; nagy sz\u00f3r\u00e1ssal, de k\u00f6r\u00fclbel\u00fcl fele-fele ar\u00e1nyban igyeksz\u00fcnk a tematik\u00e1hoz illeszked\u0151 \u00e9s att\u00f3l devi\u00e1l\u00f3...","og_url":"https:\/\/kalandoroktarsasaga.hu\/index.php\/hogyan-mukodunk\/","og_site_name":"Kalandorok T\u00e1rsas\u00e1ga","article_modified_time":"2023-09-22T13:05:35+00:00","twitter_card":"summary_large_image","twitter_misc":{"Becs\u00fclt olvas\u00e1si id\u0151":"3 perc"},"schema":{"@context":"https:\/\/schema.org","@graph":[{"@type":"WebPage","@id":"https:\/\/kalandoroktarsasaga.hu\/index.php\/hogyan-mukodunk\/","url":"https:\/\/kalandoroktarsasaga.hu\/index.php\/hogyan-mukodunk\/","name":"Hogyan m\u0171k\u00f6d\u00fcnk? - Kalandorok T\u00e1rsas\u00e1ga","isPartOf":{"@id":"https:\/\/kalandoroktarsasaga.hu\/#website"},"datePublished":"2023-09-22T13:05:33+00:00","dateModified":"2023-09-22T13:05:35+00:00","breadcrumb":{"@id":"https:\/\/kalandoroktarsasaga.hu\/index.php\/hogyan-mukodunk\/#breadcrumb"},"inLanguage":"hu","potentialAction":[{"@type":"ReadAction","target":["https:\/\/kalandoroktarsasaga.hu\/index.php\/hogyan-mukodunk\/"]}]},{"@type":"BreadcrumbList","@id":"https:\/\/kalandoroktarsasaga.hu\/index.php\/hogyan-mukodunk\/#breadcrumb","itemListElement":[{"@type":"ListItem","position":1,"name":"Kezd\u0151lap","item":"https:\/\/kalandoroktarsasaga.hu\/"},{"@type":"ListItem","position":2,"name":"Hogyan m\u0171k\u00f6d\u00fcnk?"}]},{"@type":"WebSite","@id":"https:\/\/kalandoroktarsasaga.hu\/#website","url":"https:\/\/kalandoroktarsasaga.hu\/","name":"Kalandorok T\u00e1rsas\u00e1ga","description":"Szerepj\u00e1t\u00e9kos rendezv\u00e9nyeket szervez\u00fcnk - veletek, nektek","publisher":{"@id":"https:\/\/kalandoroktarsasaga.hu\/#organization"},"potentialAction":[{"@type":"SearchAction","target":{"@type":"EntryPoint","urlTemplate":"https:\/\/kalandoroktarsasaga.hu\/?s={search_term_string}"},"query-input":{"@type":"PropertyValueSpecification","valueRequired":true,"valueName":"search_term_string"}}],"inLanguage":"hu"},{"@type":"Organization","@id":"https:\/\/kalandoroktarsasaga.hu\/#organization","name":"Kalandorok T\u00e1rsas\u00e1ga","url":"https:\/\/kalandoroktarsasaga.hu\/","logo":{"@type":"ImageObject","inLanguage":"hu","@id":"https:\/\/kalandoroktarsasaga.hu\/#\/schema\/logo\/image\/","url":"https:\/\/kalandoroktarsasaga.hu\/wp-content\/uploads\/2023\/08\/cropped-Logo-1.png","contentUrl":"https:\/\/kalandoroktarsasaga.hu\/wp-content\/uploads\/2023\/08\/cropped-Logo-1.png","width":599,"height":832,"caption":"Kalandorok T\u00e1rsas\u00e1ga"},"image":{"@id":"https:\/\/kalandoroktarsasaga.hu\/#\/schema\/logo\/image\/"}}]}},"_links":{"self":[{"href":"https:\/\/kalandoroktarsasaga.hu\/index.php\/wp-json\/wp\/v2\/pages\/25","targetHints":{"allow":["GET"]}}],"collection":[{"href":"https:\/\/kalandoroktarsasaga.hu\/index.php\/wp-json\/wp\/v2\/pages"}],"about":[{"href":"https:\/\/kalandoroktarsasaga.hu\/index.php\/wp-json\/wp\/v2\/types\/page"}],"author":[{"embeddable":true,"href":"https:\/\/kalandoroktarsasaga.hu\/index.php\/wp-json\/wp\/v2\/users\/1"}],"replies":[{"embeddable":true,"href":"https:\/\/kalandoroktarsasaga.hu\/index.php\/wp-json\/wp\/v2\/comments?post=25"}],"version-history":[{"count":1,"href":"https:\/\/kalandoroktarsasaga.hu\/index.php\/wp-json\/wp\/v2\/pages\/25\/revisions"}],"predecessor-version":[{"id":26,"href":"https:\/\/kalandoroktarsasaga.hu\/index.php\/wp-json\/wp\/v2\/pages\/25\/revisions\/26"}],"wp:attachment":[{"href":"https:\/\/kalandoroktarsasaga.hu\/index.php\/wp-json\/wp\/v2\/media?parent=25"}],"curies":[{"name":"wp","href":"https:\/\/api.w.org\/{rel}","templated":true}]}}