{"id":258,"date":"2023-09-17T17:58:15","date_gmt":"2023-09-17T15:58:15","guid":{"rendered":"https:\/\/kalandoroktarsasaga.hu\/?page_id=258"},"modified":"2023-09-22T18:25:27","modified_gmt":"2023-09-22T16:25:27","slug":"a-sotet-hajsza-legendaja","status":"publish","type":"page","link":"https:\/\/kalandoroktarsasaga.hu\/index.php\/meseink-nagy-lajstroma\/a-sotet-hajsza-legendaja\/","title":{"rendered":"A S\u00f6t\u00e9t Hajsza legend\u00e1ja"},"content":{"rendered":"\n<p><strong>Mes\u00e9l\u0151<\/strong>:&nbsp;Chomy<br><strong>Rendszer\/vil\u00e1g<\/strong>: AD&amp;D 2. kiad\u00e1s, heroikus hiiiigh fantasy a Rhapsody-lemezbor\u00edt\u00f3k hangulat\u00e1ban<\/p>\n\n\n\n<p>A \u201cSz\u0171z \u00e9s Unikornis\u201d sosem volt frekvent\u00e1lt hely. M\u00e1r azel\u0151tt sem, hogy Dragor, a S\u00f6t\u00e9t \u00dar kiirtotta volna a Halhatatlan Birodalom kir\u00e1lyi dinaszti\u00e1j\u00e1t, \u00e9s \u00e1tvette volna az uralmat az ismert vil\u00e1g felett. Elhagyatott kereszt\u00faton fekszik, a vadon hat\u00e1r\u00e1n. Ezen t\u00fal? T\u00fcnd\u00e9rek, boszork\u00e1nyok, k\u00eds\u00e9rtetek j\u00e1rta erd\u0151k, s\u00e1rk\u00e1nyok, baziliszkuszok \u00e9s tit\u00e1nok lakta hegyek, meg ki tudja m\u00e9g milyen veszedelmek, amikr\u0151l senki sem \u00e9rte meg, hogy besz\u00e1molhasson. Teremtett l\u00e9lek sem j\u00e1r ezen a vid\u00e9ken, legfeljebb Dragor troll-lovagjai, de \u0151k csak ritk\u00e1n id\u0151znek itt, \u00e9s akkor is r\u00f6viden. Folyton a R\u00e9gi Kor h\u0151seinek \u00edrmagj\u00e1t \u0171zik-kutatj\u00e1k, \u00e9s&nbsp;<em>nekik<\/em>&nbsp;nincs sz\u00fcks\u00e9g\u00fck pihen\u00e9sre. \u00d6rd\u00f6g tudja, mib\u0151l tartja fenn mag\u00e1t ez a k\u00f3cer\u00e1j. Manaps\u00e1g csodasz\u00e1mba megy, ha egyn\u00e9l t\u00f6bb&nbsp;vend\u00e9g tart\u00f3zkodik az iv\u00f3ban.<\/p>\n\n\n\n<p>\u00d6ten \u00fclt\u00f6k bent. K\u00fcl\u00f6n asztalokn\u00e1l, kim\u00e9rten iszogatva, n\u00e9m\u00e1n m\u00e9regetve egym\u00e1st. A csapos lehajtott fejjel suvickolja a pultot. A falban perceg a sz\u00fa.<\/p>\n\n\n\n<p>F\u00e9l \u00e9ve nem j\u00e1rt\u00e1l erre, \u00e9s most sem tervezted. Az\u00e9rt vagy itt, mert ezen a vid\u00e9ken te vagy a&nbsp;<em>legjobb&nbsp;<\/em>abban, amit csin\u00e1lsz. Ezt az ismeretlen is j\u00f3l tudta, aki lev\u00e9lben tal\u00e1lk\u00e1ra invit\u00e1lt, \u00e9s azt \u00edg\u00e9rte, hogy egy k\u00fcldet\u00e9s fej\u00e9ben&nbsp;<em>mindent&nbsp;<\/em>megkapsz,&nbsp;<em>amire csak v\u00e1gysz<\/em>. A legvesz\u00e9lyesebb k\u00fcldet\u00e9sben, amit csak el tudsz k\u00e9pzelni. Egy olyanban, ami n\u00e9lk\u00fcled biztos buk\u00e1sra van \u00edt\u00e9lve. Amin a vil\u00e1g sorsa m\u00falhat.<\/p>\n\n\n\n<p>B\u00e1rki is a fick\u00f3, nem lesz k\u00f6nny\u0171 megfizetnie a szolg\u00e1lataidat. Dragor mindened elvette. A sors igen sokkal ad\u00f3sod. Valahogy az az \u00e9rz\u00e9sed, hogy a m\u00e1sik n\u00e9gyet is hasonl\u00f3 m\u00e9zesmadzag csalta ide. Vagy tal\u00e1n \u0151k is csak egy furm\u00e1nyos csapda r\u00e9szei voln\u00e1nak?<\/p>\n\n\n\n<p>A fogad\u00f3 kiv\u00e1g\u00f3d\u00f3 ajtaja riaszt fel t\u00f6preng\u00e9sedb\u0151l. A kint tombol\u00f3 sz\u00e1raz vihar egym\u00e1st \u00e9r\u0151 vill\u00e1mjai egy csukly\u00e1s alakot rajzolnak ki az \u00e9j s\u00f6t\u00e9tj\u00e9ben\u2026<\/p>\n\n\n\n<p><strong>Ami v\u00e1rhat\u00f3<\/strong>: troll-lovagok, unikornisok, s\u00e1rk\u00e1nyok, vill\u00e1ml\u00f3 var\u00e1zslatok, m\u00e1gikus kardok, trag\u00e9dia \u00e9s heroizmus, v\u00e1gt\u00e1z\u00e1s a diadalba ezer l\u00e1ngcs\u00f3va es\u0151j\u00e9n \u00e1t<\/p>\n\n\n\n<p><strong>Karakterek<\/strong>: el\u0151gener\u00e1lt, 7. szint\u0171 karakterek \u2013 tragikus, borong\u00f3 h\u0151s\u00f6k, feh\u00e9r m\u00e1gusok \u00e9s makul\u00e1tlan lovagok. (Ig\u00e9ny eset\u00e9n saj\u00e1t karakter is alkothat\u00f3)<\/p>\n","protected":false},"excerpt":{"rendered":"<p>Mes\u00e9l\u0151:&nbsp;ChomyRendszer\/vil\u00e1g: AD&amp;D 2. kiad\u00e1s, heroikus hiiiigh fantasy a Rhapsody-lemezbor\u00edt\u00f3k hangulat\u00e1ban A \u201cSz\u0171z \u00e9s Unikornis\u201d sosem volt frekvent\u00e1lt hely. M\u00e1r azel\u0151tt sem, hogy Dragor, a S\u00f6t\u00e9t \u00dar kiirtotta volna a Halhatatlan Birodalom kir\u00e1lyi dinaszti\u00e1j\u00e1t, \u00e9s \u00e1tvette volna az uralmat az ismert vil\u00e1g felett. Elhagyatott kereszt\u00faton fekszik, a vadon hat\u00e1r\u00e1n. Ezen t\u00fal? T\u00fcnd\u00e9rek, boszork\u00e1nyok, k\u00eds\u00e9rtetek j\u00e1rta erd\u0151k,&#8230;<\/p>\n","protected":false},"author":1,"featured_media":0,"parent":90,"menu_order":0,"comment_status":"closed","ping_status":"closed","template":"","meta":{"_kadence_starter_templates_imported_post":false,"_kad_post_transparent":"","_kad_post_title":"","_kad_post_layout":"","_kad_post_sidebar_id":"","_kad_post_content_style":"","_kad_post_vertical_padding":"","_kad_post_feature":"","_kad_post_feature_position":"","_kad_post_header":false,"_kad_post_footer":false,"footnotes":""},"class_list":["post-258","page","type-page","status-publish","hentry"],"yoast_head":"<!-- This site is optimized with the Yoast SEO plugin v26.2 - https:\/\/yoast.com\/wordpress\/plugins\/seo\/ -->\n<title>A S\u00f6t\u00e9t Hajsza legend\u00e1ja - Kalandorok T\u00e1rsas\u00e1ga<\/title>\n<meta name=\"robots\" content=\"index, follow, max-snippet:-1, max-image-preview:large, max-video-preview:-1\" \/>\n<link rel=\"canonical\" href=\"https:\/\/kalandoroktarsasaga.hu\/index.php\/meseink-nagy-lajstroma\/a-sotet-hajsza-legendaja\/\" \/>\n<meta property=\"og:locale\" content=\"hu_HU\" \/>\n<meta property=\"og:type\" content=\"article\" \/>\n<meta property=\"og:title\" content=\"A S\u00f6t\u00e9t Hajsza legend\u00e1ja - Kalandorok T\u00e1rsas\u00e1ga\" \/>\n<meta property=\"og:description\" content=\"Mes\u00e9l\u0151:&nbsp;ChomyRendszer\/vil\u00e1g: AD&amp;D 2. kiad\u00e1s, heroikus hiiiigh fantasy a Rhapsody-lemezbor\u00edt\u00f3k hangulat\u00e1ban A \u201cSz\u0171z \u00e9s Unikornis\u201d sosem volt frekvent\u00e1lt hely. M\u00e1r azel\u0151tt sem, hogy Dragor, a S\u00f6t\u00e9t \u00dar kiirtotta volna a Halhatatlan Birodalom kir\u00e1lyi dinaszti\u00e1j\u00e1t, \u00e9s \u00e1tvette volna az uralmat az ismert vil\u00e1g felett. Elhagyatott kereszt\u00faton fekszik, a vadon hat\u00e1r\u00e1n. Ezen t\u00fal? T\u00fcnd\u00e9rek, boszork\u00e1nyok, k\u00eds\u00e9rtetek j\u00e1rta erd\u0151k,...\" \/>\n<meta property=\"og:url\" content=\"https:\/\/kalandoroktarsasaga.hu\/index.php\/meseink-nagy-lajstroma\/a-sotet-hajsza-legendaja\/\" \/>\n<meta property=\"og:site_name\" content=\"Kalandorok T\u00e1rsas\u00e1ga\" \/>\n<meta property=\"article:modified_time\" content=\"2023-09-22T16:25:27+00:00\" \/>\n<meta name=\"twitter:card\" content=\"summary_large_image\" \/>\n<meta name=\"twitter:label1\" content=\"Becs\u00fclt olvas\u00e1si id\u0151\" \/>\n\t<meta name=\"twitter:data1\" content=\"2 perc\" \/>\n<script type=\"application\/ld+json\" class=\"yoast-schema-graph\">{\"@context\":\"https:\/\/schema.org\",\"@graph\":[{\"@type\":\"WebPage\",\"@id\":\"https:\/\/kalandoroktarsasaga.hu\/index.php\/meseink-nagy-lajstroma\/a-sotet-hajsza-legendaja\/\",\"url\":\"https:\/\/kalandoroktarsasaga.hu\/index.php\/meseink-nagy-lajstroma\/a-sotet-hajsza-legendaja\/\",\"name\":\"A S\u00f6t\u00e9t Hajsza legend\u00e1ja - Kalandorok T\u00e1rsas\u00e1ga\",\"isPartOf\":{\"@id\":\"https:\/\/kalandoroktarsasaga.hu\/#website\"},\"datePublished\":\"2023-09-17T15:58:15+00:00\",\"dateModified\":\"2023-09-22T16:25:27+00:00\",\"breadcrumb\":{\"@id\":\"https:\/\/kalandoroktarsasaga.hu\/index.php\/meseink-nagy-lajstroma\/a-sotet-hajsza-legendaja\/#breadcrumb\"},\"inLanguage\":\"hu\",\"potentialAction\":[{\"@type\":\"ReadAction\",\"target\":[\"https:\/\/kalandoroktarsasaga.hu\/index.php\/meseink-nagy-lajstroma\/a-sotet-hajsza-legendaja\/\"]}]},{\"@type\":\"BreadcrumbList\",\"@id\":\"https:\/\/kalandoroktarsasaga.hu\/index.php\/meseink-nagy-lajstroma\/a-sotet-hajsza-legendaja\/#breadcrumb\",\"itemListElement\":[{\"@type\":\"ListItem\",\"position\":1,\"name\":\"Kezd\u0151lap\",\"item\":\"https:\/\/kalandoroktarsasaga.hu\/\"},{\"@type\":\"ListItem\",\"position\":2,\"name\":\"Mes\u00e9ink nagy lajstroma\",\"item\":\"https:\/\/kalandoroktarsasaga.hu\/index.php\/meseink-nagy-lajstroma\/\"},{\"@type\":\"ListItem\",\"position\":3,\"name\":\"A S\u00f6t\u00e9t Hajsza legend\u00e1ja\"}]},{\"@type\":\"WebSite\",\"@id\":\"https:\/\/kalandoroktarsasaga.hu\/#website\",\"url\":\"https:\/\/kalandoroktarsasaga.hu\/\",\"name\":\"Kalandorok T\u00e1rsas\u00e1ga\",\"description\":\"Szerepj\u00e1t\u00e9kos rendezv\u00e9nyeket szervez\u00fcnk - veletek, nektek\",\"publisher\":{\"@id\":\"https:\/\/kalandoroktarsasaga.hu\/#organization\"},\"potentialAction\":[{\"@type\":\"SearchAction\",\"target\":{\"@type\":\"EntryPoint\",\"urlTemplate\":\"https:\/\/kalandoroktarsasaga.hu\/?s={search_term_string}\"},\"query-input\":{\"@type\":\"PropertyValueSpecification\",\"valueRequired\":true,\"valueName\":\"search_term_string\"}}],\"inLanguage\":\"hu\"},{\"@type\":\"Organization\",\"@id\":\"https:\/\/kalandoroktarsasaga.hu\/#organization\",\"name\":\"Kalandorok T\u00e1rsas\u00e1ga\",\"url\":\"https:\/\/kalandoroktarsasaga.hu\/\",\"logo\":{\"@type\":\"ImageObject\",\"inLanguage\":\"hu\",\"@id\":\"https:\/\/kalandoroktarsasaga.hu\/#\/schema\/logo\/image\/\",\"url\":\"https:\/\/kalandoroktarsasaga.hu\/wp-content\/uploads\/2023\/08\/cropped-Logo-1.png\",\"contentUrl\":\"https:\/\/kalandoroktarsasaga.hu\/wp-content\/uploads\/2023\/08\/cropped-Logo-1.png\",\"width\":599,\"height\":832,\"caption\":\"Kalandorok T\u00e1rsas\u00e1ga\"},\"image\":{\"@id\":\"https:\/\/kalandoroktarsasaga.hu\/#\/schema\/logo\/image\/\"}}]}<\/script>\n<!-- \/ Yoast SEO plugin. -->","yoast_head_json":{"title":"A S\u00f6t\u00e9t Hajsza legend\u00e1ja - Kalandorok T\u00e1rsas\u00e1ga","robots":{"index":"index","follow":"follow","max-snippet":"max-snippet:-1","max-image-preview":"max-image-preview:large","max-video-preview":"max-video-preview:-1"},"canonical":"https:\/\/kalandoroktarsasaga.hu\/index.php\/meseink-nagy-lajstroma\/a-sotet-hajsza-legendaja\/","og_locale":"hu_HU","og_type":"article","og_title":"A S\u00f6t\u00e9t Hajsza legend\u00e1ja - Kalandorok T\u00e1rsas\u00e1ga","og_description":"Mes\u00e9l\u0151:&nbsp;ChomyRendszer\/vil\u00e1g: AD&amp;D 2. kiad\u00e1s, heroikus hiiiigh fantasy a Rhapsody-lemezbor\u00edt\u00f3k hangulat\u00e1ban A \u201cSz\u0171z \u00e9s Unikornis\u201d sosem volt frekvent\u00e1lt hely. M\u00e1r azel\u0151tt sem, hogy Dragor, a S\u00f6t\u00e9t \u00dar kiirtotta volna a Halhatatlan Birodalom kir\u00e1lyi dinaszti\u00e1j\u00e1t, \u00e9s \u00e1tvette volna az uralmat az ismert vil\u00e1g felett. Elhagyatott kereszt\u00faton fekszik, a vadon hat\u00e1r\u00e1n. Ezen t\u00fal? T\u00fcnd\u00e9rek, boszork\u00e1nyok, k\u00eds\u00e9rtetek j\u00e1rta erd\u0151k,...","og_url":"https:\/\/kalandoroktarsasaga.hu\/index.php\/meseink-nagy-lajstroma\/a-sotet-hajsza-legendaja\/","og_site_name":"Kalandorok T\u00e1rsas\u00e1ga","article_modified_time":"2023-09-22T16:25:27+00:00","twitter_card":"summary_large_image","twitter_misc":{"Becs\u00fclt olvas\u00e1si id\u0151":"2 perc"},"schema":{"@context":"https:\/\/schema.org","@graph":[{"@type":"WebPage","@id":"https:\/\/kalandoroktarsasaga.hu\/index.php\/meseink-nagy-lajstroma\/a-sotet-hajsza-legendaja\/","url":"https:\/\/kalandoroktarsasaga.hu\/index.php\/meseink-nagy-lajstroma\/a-sotet-hajsza-legendaja\/","name":"A S\u00f6t\u00e9t Hajsza legend\u00e1ja - Kalandorok T\u00e1rsas\u00e1ga","isPartOf":{"@id":"https:\/\/kalandoroktarsasaga.hu\/#website"},"datePublished":"2023-09-17T15:58:15+00:00","dateModified":"2023-09-22T16:25:27+00:00","breadcrumb":{"@id":"https:\/\/kalandoroktarsasaga.hu\/index.php\/meseink-nagy-lajstroma\/a-sotet-hajsza-legendaja\/#breadcrumb"},"inLanguage":"hu","potentialAction":[{"@type":"ReadAction","target":["https:\/\/kalandoroktarsasaga.hu\/index.php\/meseink-nagy-lajstroma\/a-sotet-hajsza-legendaja\/"]}]},{"@type":"BreadcrumbList","@id":"https:\/\/kalandoroktarsasaga.hu\/index.php\/meseink-nagy-lajstroma\/a-sotet-hajsza-legendaja\/#breadcrumb","itemListElement":[{"@type":"ListItem","position":1,"name":"Kezd\u0151lap","item":"https:\/\/kalandoroktarsasaga.hu\/"},{"@type":"ListItem","position":2,"name":"Mes\u00e9ink nagy lajstroma","item":"https:\/\/kalandoroktarsasaga.hu\/index.php\/meseink-nagy-lajstroma\/"},{"@type":"ListItem","position":3,"name":"A S\u00f6t\u00e9t Hajsza legend\u00e1ja"}]},{"@type":"WebSite","@id":"https:\/\/kalandoroktarsasaga.hu\/#website","url":"https:\/\/kalandoroktarsasaga.hu\/","name":"Kalandorok T\u00e1rsas\u00e1ga","description":"Szerepj\u00e1t\u00e9kos rendezv\u00e9nyeket szervez\u00fcnk - veletek, nektek","publisher":{"@id":"https:\/\/kalandoroktarsasaga.hu\/#organization"},"potentialAction":[{"@type":"SearchAction","target":{"@type":"EntryPoint","urlTemplate":"https:\/\/kalandoroktarsasaga.hu\/?s={search_term_string}"},"query-input":{"@type":"PropertyValueSpecification","valueRequired":true,"valueName":"search_term_string"}}],"inLanguage":"hu"},{"@type":"Organization","@id":"https:\/\/kalandoroktarsasaga.hu\/#organization","name":"Kalandorok T\u00e1rsas\u00e1ga","url":"https:\/\/kalandoroktarsasaga.hu\/","logo":{"@type":"ImageObject","inLanguage":"hu","@id":"https:\/\/kalandoroktarsasaga.hu\/#\/schema\/logo\/image\/","url":"https:\/\/kalandoroktarsasaga.hu\/wp-content\/uploads\/2023\/08\/cropped-Logo-1.png","contentUrl":"https:\/\/kalandoroktarsasaga.hu\/wp-content\/uploads\/2023\/08\/cropped-Logo-1.png","width":599,"height":832,"caption":"Kalandorok T\u00e1rsas\u00e1ga"},"image":{"@id":"https:\/\/kalandoroktarsasaga.hu\/#\/schema\/logo\/image\/"}}]}},"_links":{"self":[{"href":"https:\/\/kalandoroktarsasaga.hu\/index.php\/wp-json\/wp\/v2\/pages\/258","targetHints":{"allow":["GET"]}}],"collection":[{"href":"https:\/\/kalandoroktarsasaga.hu\/index.php\/wp-json\/wp\/v2\/pages"}],"about":[{"href":"https:\/\/kalandoroktarsasaga.hu\/index.php\/wp-json\/wp\/v2\/types\/page"}],"author":[{"embeddable":true,"href":"https:\/\/kalandoroktarsasaga.hu\/index.php\/wp-json\/wp\/v2\/users\/1"}],"replies":[{"embeddable":true,"href":"https:\/\/kalandoroktarsasaga.hu\/index.php\/wp-json\/wp\/v2\/comments?post=258"}],"version-history":[{"count":2,"href":"https:\/\/kalandoroktarsasaga.hu\/index.php\/wp-json\/wp\/v2\/pages\/258\/revisions"}],"predecessor-version":[{"id":544,"href":"https:\/\/kalandoroktarsasaga.hu\/index.php\/wp-json\/wp\/v2\/pages\/258\/revisions\/544"}],"up":[{"embeddable":true,"href":"https:\/\/kalandoroktarsasaga.hu\/index.php\/wp-json\/wp\/v2\/pages\/90"}],"wp:attachment":[{"href":"https:\/\/kalandoroktarsasaga.hu\/index.php\/wp-json\/wp\/v2\/media?parent=258"}],"curies":[{"name":"wp","href":"https:\/\/api.w.org\/{rel}","templated":true}]}}