{"id":49,"date":"2023-09-22T15:06:21","date_gmt":"2023-09-22T13:06:21","guid":{"rendered":"https:\/\/kalandoroktarsasaga.hu\/?page_id=49"},"modified":"2023-09-22T18:42:53","modified_gmt":"2023-09-22T16:42:53","slug":"i-hirhedt-kalandorok-helveczia-tartomanyaibol","status":"publish","type":"page","link":"https:\/\/kalandoroktarsasaga.hu\/index.php\/rendezvenyeink\/i-hirhedt-kalandorok-helveczia-tartomanyaibol\/","title":{"rendered":"I. H\u00edrhedt kalandorok Helv\u00e9czia tartom\u00e1nyaib\u00f3l"},"content":{"rendered":"<div class=\"wp-block-image\">\n<figure class=\"alignright size-full is-resized\"><img loading=\"lazy\" decoding=\"async\" src=\"https:\/\/kalandoroktarsasaga.hu\/wp-content\/uploads\/2023\/08\/image-23.png\" alt=\"\" class=\"wp-image-50\" style=\"width:242px;height:362px\" width=\"242\" height=\"362\" srcset=\"https:\/\/kalandoroktarsasaga.hu\/wp-content\/uploads\/2023\/08\/image-23.png 314w, https:\/\/kalandoroktarsasaga.hu\/wp-content\/uploads\/2023\/08\/image-23-201x300.png 201w\" sizes=\"auto, (max-width: 242px) 100vw, 242px\" \/><\/figure>\n<\/div>\n\n\n<p>Els\u0151 tal\u00e1lkoz\u00f3nk t\u00e9m\u00e1ja a decemberben megjelent Helv\u00e9czia, a pikareszk szerepj\u00e1t\u00e9k. A rendezv\u00e9nyen kipr\u00f3b\u00e1lhatod ezt az egyed\u00fcl\u00e1ll\u00f3 j\u00e1t\u00e9kot, m\u00e9ghozz\u00e1 az \u00edr\u00f3j\u00e1nak \u00e9s tesztel\u0151inek a bemutat\u00e1s\u00e1ban. Mindemellett alkalmat biztos\u00edtunk m\u00e1sf\u00e9le j\u00e1t\u00e9kokban \u00e9s kalandokban val\u00f3 r\u00e9szv\u00e9telre is, \u00edgy \u00f6sszesen 11 <\/p>\n\n\n\n<p>k\u00fcl\u00f6nb\u00f6z\u0151 mese k\u00f6z\u00fcl v\u00e1logathatsz a rendezv\u00e9nyen.<\/p>\n\n\n\n<p>Mindezeken t\u00fal egy\u00e9b meglepet\u00e9seket is tartogatunk \u00e9s a hossz\u00fa, kalandos napot egy k\u00f6z\u00f6s k\u00f6tetlen besz\u00e9lget\u00e9ssel z\u00e1rjuk, ahol megoszthatj\u00e1k egym\u00e1ssal a hihetetlen hist\u00f3ri\u00e1ikat a kalandorok.<\/p>\n\n\n\n<p><strong>Id\u0151pont<\/strong>: 2014. M\u00e1rcius 29.<br><strong>Helysz\u00edn<\/strong>: <a href=\"https:\/\/www.facebook.com\/asylumklub\" target=\"_blank\" rel=\"noreferrer noopener\">Asylum T\u00e1rsasj\u00e1t\u00e9k \u00e9s Szerepj\u00e1t\u00e9k Klub<\/a> (1027 Budapest, Er\u0151d utca 17-19.)<br><strong>R\u00e9szv\u00e9teli d\u00edj<\/strong>: 1300 Ft\/F\u0151<br><strong>Program<\/strong>:<br>9:00-9:45 Nyit\u00e1s \u00e9s gy\u00fclekez\u0151<br>10:00-14:30 D\u00e9lel\u0151tti mes\u00e9k<br>14:30-15:30 Eb\u00e9dsz\u00fcnet<br>15:30-20:00 D\u00e9lut\u00e1ni mes\u00e9k<br>20:30-21:00 Helv\u00e9czia tombola<br>21:00- K\u00f6tetlen t\u00e1rsalg\u00e1s \u00e9s k\u00f6z\u00f6s megadungeon \u00e9p\u00edt\u00e9s, amikor mind k\u00f6z\u00f6sen \u00e9p\u00edt\u00fcnk fel \u00e9s t\u00f6lt\u00fcnk meg egy \u00f3ri\u00e1si labirintust (Vagy dzsungelt? Vagy v\u00e1rost? Majd megl\u00e1tjuk.)!<\/p>\n\n\n\n<ol class=\"wp-block-list\" start=\"2014\">\n<li><\/li>\n<\/ol>\n\n\n\n<hr class=\"wp-block-separator has-alpha-channel-opacity\"\/>\n\n\n\n<p><strong>Mes\u00e9k:<\/strong><br>A programok az al\u00e1bbi met\u00f3dus szerint ker\u00fclnek ki\u00edr\u00e1sra: Mes\u00e9l\u0151: <em>Mese c\u00edme<\/em> Rendszer [\u00d6ssz\/foglalt hely]<\/p>\n\n\n\n<p><strong>Eg\u00e9sz napos mese (10:00-20:00):<\/strong><br>\u2022 Chomy: <em>A goblinok od\u00faja <\/em>Dungeons &amp; Dragons Rules Cyclopedia [5\/5]<\/p>\n\n\n\n<p><strong>D\u00e9lel\u0151tti mes\u00e9k (10:00-14:30):<\/strong><br>\u2022 elGabor: <em>Eb\u00fcl szerzett j\u00f3sz\u00e1g<\/em> Helv\u00e9czia [5\/5]<br>\u2022 Narmor: <em>Sch\u00f6nbach kisasszony k\u00fcl\u00f6n\u00f6s k\u00e1lv\u00e1ri\u00e1ja<\/em> Helv\u00e9czia [5\/5]<br>\u2022 Doc: <em>A Rettenet Hegye<\/em> Kard \u00e9s M\u00e1gia [5\/5]<br>\u2022 Bulldy: <em>A Koll\u00e9gium\u2026<\/em> Savage Words [5\/5]<br>\u2022 Ynas: <em>Skogenby rettenetes kript\u00e1ja<\/em> Torchbearer [5\/5]<br>\u2022 NeoPadre: <em>S\u00edrr\u00f3zsa<\/em> Palladium [5\/4]<\/p>\n\n\n\n<p><strong>D\u00e9lut\u00e1ni mes\u00e9k (15:30-20:00):<\/strong><br>\u2022 Alister: <em>Fogad\u00f3 a H\u00e1rom Tarka Macsk\u00e1hoz<\/em> Helv\u00e9czia [5\/5]<br>\u2022 Dor: <em>A Baguette<\/em> Helv\u00e9czia [5\/5]<br>\u2022 Premier: <em>Kaled\u00f3nia <\/em>Helv\u00e9czia [5\/5]<br>\u2022 Zagor: <em>The Secret of Bone Hill<\/em> Savage Words [5\/5]<br>\u2022 Ravenheart: <em>A csillagtalan tenger haj\u00f3sai<\/em> Dungeon Crawl Classics [5\/5]<br>\u2022 Marvin: <em>K\u0151 k\u00f6v\u00f6n<\/em> Kard \u00e9s M\u00e1gia [5\/5]<\/p>\n","protected":false},"excerpt":{"rendered":"<p>Els\u0151 tal\u00e1lkoz\u00f3nk t\u00e9m\u00e1ja a decemberben megjelent Helv\u00e9czia, a pikareszk szerepj\u00e1t\u00e9k. A rendezv\u00e9nyen kipr\u00f3b\u00e1lhatod ezt az egyed\u00fcl\u00e1ll\u00f3 j\u00e1t\u00e9kot, m\u00e9ghozz\u00e1 az \u00edr\u00f3j\u00e1nak \u00e9s tesztel\u0151inek a bemutat\u00e1s\u00e1ban. Mindemellett alkalmat biztos\u00edtunk m\u00e1sf\u00e9le j\u00e1t\u00e9kokban \u00e9s kalandokban val\u00f3 r\u00e9szv\u00e9telre is, \u00edgy \u00f6sszesen 11 k\u00fcl\u00f6nb\u00f6z\u0151 mese k\u00f6z\u00fcl v\u00e1logathatsz a rendezv\u00e9nyen. Mindezeken t\u00fal egy\u00e9b meglepet\u00e9seket is tartogatunk \u00e9s a hossz\u00fa, kalandos napot egy&#8230;<\/p>\n","protected":false},"author":1,"featured_media":0,"parent":506,"menu_order":1,"comment_status":"closed","ping_status":"closed","template":"","meta":{"_kadence_starter_templates_imported_post":false,"_kad_post_transparent":"","_kad_post_title":"","_kad_post_layout":"","_kad_post_sidebar_id":"","_kad_post_content_style":"","_kad_post_vertical_padding":"","_kad_post_feature":"","_kad_post_feature_position":"","_kad_post_header":false,"_kad_post_footer":false,"footnotes":""},"class_list":["post-49","page","type-page","status-publish","hentry"],"yoast_head":"<!-- This site is optimized with the Yoast SEO plugin v26.2 - https:\/\/yoast.com\/wordpress\/plugins\/seo\/ -->\n<title>I. H\u00edrhedt kalandorok Helv\u00e9czia tartom\u00e1nyaib\u00f3l - Kalandorok T\u00e1rsas\u00e1ga<\/title>\n<meta name=\"robots\" content=\"index, follow, max-snippet:-1, max-image-preview:large, max-video-preview:-1\" \/>\n<link rel=\"canonical\" href=\"https:\/\/kalandoroktarsasaga.hu\/index.php\/rendezvenyeink\/i-hirhedt-kalandorok-helveczia-tartomanyaibol\/\" \/>\n<meta property=\"og:locale\" content=\"hu_HU\" \/>\n<meta property=\"og:type\" content=\"article\" \/>\n<meta property=\"og:title\" content=\"I. H\u00edrhedt kalandorok Helv\u00e9czia tartom\u00e1nyaib\u00f3l - Kalandorok T\u00e1rsas\u00e1ga\" \/>\n<meta property=\"og:description\" content=\"Els\u0151 tal\u00e1lkoz\u00f3nk t\u00e9m\u00e1ja a decemberben megjelent Helv\u00e9czia, a pikareszk szerepj\u00e1t\u00e9k. A rendezv\u00e9nyen kipr\u00f3b\u00e1lhatod ezt az egyed\u00fcl\u00e1ll\u00f3 j\u00e1t\u00e9kot, m\u00e9ghozz\u00e1 az \u00edr\u00f3j\u00e1nak \u00e9s tesztel\u0151inek a bemutat\u00e1s\u00e1ban. Mindemellett alkalmat biztos\u00edtunk m\u00e1sf\u00e9le j\u00e1t\u00e9kokban \u00e9s kalandokban val\u00f3 r\u00e9szv\u00e9telre is, \u00edgy \u00f6sszesen 11 k\u00fcl\u00f6nb\u00f6z\u0151 mese k\u00f6z\u00fcl v\u00e1logathatsz a rendezv\u00e9nyen. Mindezeken t\u00fal egy\u00e9b meglepet\u00e9seket is tartogatunk \u00e9s a hossz\u00fa, kalandos napot egy...\" \/>\n<meta property=\"og:url\" content=\"https:\/\/kalandoroktarsasaga.hu\/index.php\/rendezvenyeink\/i-hirhedt-kalandorok-helveczia-tartomanyaibol\/\" \/>\n<meta property=\"og:site_name\" content=\"Kalandorok T\u00e1rsas\u00e1ga\" \/>\n<meta property=\"article:modified_time\" content=\"2023-09-22T16:42:53+00:00\" \/>\n<meta property=\"og:image\" content=\"https:\/\/kalandoroktarsasaga.hu\/wp-content\/uploads\/2023\/08\/image-23.png\" \/>\n<meta name=\"twitter:card\" content=\"summary_large_image\" \/>\n<meta name=\"twitter:label1\" content=\"Becs\u00fclt olvas\u00e1si id\u0151\" \/>\n\t<meta name=\"twitter:data1\" content=\"2 perc\" \/>\n<script type=\"application\/ld+json\" class=\"yoast-schema-graph\">{\"@context\":\"https:\/\/schema.org\",\"@graph\":[{\"@type\":\"WebPage\",\"@id\":\"https:\/\/kalandoroktarsasaga.hu\/index.php\/rendezvenyeink\/i-hirhedt-kalandorok-helveczia-tartomanyaibol\/\",\"url\":\"https:\/\/kalandoroktarsasaga.hu\/index.php\/rendezvenyeink\/i-hirhedt-kalandorok-helveczia-tartomanyaibol\/\",\"name\":\"I. H\u00edrhedt kalandorok Helv\u00e9czia tartom\u00e1nyaib\u00f3l - Kalandorok T\u00e1rsas\u00e1ga\",\"isPartOf\":{\"@id\":\"https:\/\/kalandoroktarsasaga.hu\/#website\"},\"primaryImageOfPage\":{\"@id\":\"https:\/\/kalandoroktarsasaga.hu\/index.php\/rendezvenyeink\/i-hirhedt-kalandorok-helveczia-tartomanyaibol\/#primaryimage\"},\"image\":{\"@id\":\"https:\/\/kalandoroktarsasaga.hu\/index.php\/rendezvenyeink\/i-hirhedt-kalandorok-helveczia-tartomanyaibol\/#primaryimage\"},\"thumbnailUrl\":\"https:\/\/kalandoroktarsasaga.hu\/wp-content\/uploads\/2023\/08\/image-23.png\",\"datePublished\":\"2023-09-22T13:06:21+00:00\",\"dateModified\":\"2023-09-22T16:42:53+00:00\",\"breadcrumb\":{\"@id\":\"https:\/\/kalandoroktarsasaga.hu\/index.php\/rendezvenyeink\/i-hirhedt-kalandorok-helveczia-tartomanyaibol\/#breadcrumb\"},\"inLanguage\":\"hu\",\"potentialAction\":[{\"@type\":\"ReadAction\",\"target\":[\"https:\/\/kalandoroktarsasaga.hu\/index.php\/rendezvenyeink\/i-hirhedt-kalandorok-helveczia-tartomanyaibol\/\"]}]},{\"@type\":\"ImageObject\",\"inLanguage\":\"hu\",\"@id\":\"https:\/\/kalandoroktarsasaga.hu\/index.php\/rendezvenyeink\/i-hirhedt-kalandorok-helveczia-tartomanyaibol\/#primaryimage\",\"url\":\"https:\/\/kalandoroktarsasaga.hu\/wp-content\/uploads\/2023\/08\/image-23.png\",\"contentUrl\":\"https:\/\/kalandoroktarsasaga.hu\/wp-content\/uploads\/2023\/08\/image-23.png\",\"width\":314,\"height\":469},{\"@type\":\"BreadcrumbList\",\"@id\":\"https:\/\/kalandoroktarsasaga.hu\/index.php\/rendezvenyeink\/i-hirhedt-kalandorok-helveczia-tartomanyaibol\/#breadcrumb\",\"itemListElement\":[{\"@type\":\"ListItem\",\"position\":1,\"name\":\"Kezd\u0151lap\",\"item\":\"https:\/\/kalandoroktarsasaga.hu\/\"},{\"@type\":\"ListItem\",\"position\":2,\"name\":\"Rendezv\u00e9nyeink\",\"item\":\"https:\/\/kalandoroktarsasaga.hu\/index.php\/rendezvenyeink\/\"},{\"@type\":\"ListItem\",\"position\":3,\"name\":\"I. H\u00edrhedt kalandorok Helv\u00e9czia tartom\u00e1nyaib\u00f3l\"}]},{\"@type\":\"WebSite\",\"@id\":\"https:\/\/kalandoroktarsasaga.hu\/#website\",\"url\":\"https:\/\/kalandoroktarsasaga.hu\/\",\"name\":\"Kalandorok T\u00e1rsas\u00e1ga\",\"description\":\"Szerepj\u00e1t\u00e9kos rendezv\u00e9nyeket szervez\u00fcnk - veletek, nektek\",\"publisher\":{\"@id\":\"https:\/\/kalandoroktarsasaga.hu\/#organization\"},\"potentialAction\":[{\"@type\":\"SearchAction\",\"target\":{\"@type\":\"EntryPoint\",\"urlTemplate\":\"https:\/\/kalandoroktarsasaga.hu\/?s={search_term_string}\"},\"query-input\":{\"@type\":\"PropertyValueSpecification\",\"valueRequired\":true,\"valueName\":\"search_term_string\"}}],\"inLanguage\":\"hu\"},{\"@type\":\"Organization\",\"@id\":\"https:\/\/kalandoroktarsasaga.hu\/#organization\",\"name\":\"Kalandorok T\u00e1rsas\u00e1ga\",\"url\":\"https:\/\/kalandoroktarsasaga.hu\/\",\"logo\":{\"@type\":\"ImageObject\",\"inLanguage\":\"hu\",\"@id\":\"https:\/\/kalandoroktarsasaga.hu\/#\/schema\/logo\/image\/\",\"url\":\"https:\/\/kalandoroktarsasaga.hu\/wp-content\/uploads\/2023\/08\/cropped-Logo-1.png\",\"contentUrl\":\"https:\/\/kalandoroktarsasaga.hu\/wp-content\/uploads\/2023\/08\/cropped-Logo-1.png\",\"width\":599,\"height\":832,\"caption\":\"Kalandorok T\u00e1rsas\u00e1ga\"},\"image\":{\"@id\":\"https:\/\/kalandoroktarsasaga.hu\/#\/schema\/logo\/image\/\"}}]}<\/script>\n<!-- \/ Yoast SEO plugin. -->","yoast_head_json":{"title":"I. H\u00edrhedt kalandorok Helv\u00e9czia tartom\u00e1nyaib\u00f3l - Kalandorok T\u00e1rsas\u00e1ga","robots":{"index":"index","follow":"follow","max-snippet":"max-snippet:-1","max-image-preview":"max-image-preview:large","max-video-preview":"max-video-preview:-1"},"canonical":"https:\/\/kalandoroktarsasaga.hu\/index.php\/rendezvenyeink\/i-hirhedt-kalandorok-helveczia-tartomanyaibol\/","og_locale":"hu_HU","og_type":"article","og_title":"I. H\u00edrhedt kalandorok Helv\u00e9czia tartom\u00e1nyaib\u00f3l - Kalandorok T\u00e1rsas\u00e1ga","og_description":"Els\u0151 tal\u00e1lkoz\u00f3nk t\u00e9m\u00e1ja a decemberben megjelent Helv\u00e9czia, a pikareszk szerepj\u00e1t\u00e9k. A rendezv\u00e9nyen kipr\u00f3b\u00e1lhatod ezt az egyed\u00fcl\u00e1ll\u00f3 j\u00e1t\u00e9kot, m\u00e9ghozz\u00e1 az \u00edr\u00f3j\u00e1nak \u00e9s tesztel\u0151inek a bemutat\u00e1s\u00e1ban. Mindemellett alkalmat biztos\u00edtunk m\u00e1sf\u00e9le j\u00e1t\u00e9kokban \u00e9s kalandokban val\u00f3 r\u00e9szv\u00e9telre is, \u00edgy \u00f6sszesen 11 k\u00fcl\u00f6nb\u00f6z\u0151 mese k\u00f6z\u00fcl v\u00e1logathatsz a rendezv\u00e9nyen. Mindezeken t\u00fal egy\u00e9b meglepet\u00e9seket is tartogatunk \u00e9s a hossz\u00fa, kalandos napot egy...","og_url":"https:\/\/kalandoroktarsasaga.hu\/index.php\/rendezvenyeink\/i-hirhedt-kalandorok-helveczia-tartomanyaibol\/","og_site_name":"Kalandorok T\u00e1rsas\u00e1ga","article_modified_time":"2023-09-22T16:42:53+00:00","og_image":[{"url":"https:\/\/kalandoroktarsasaga.hu\/wp-content\/uploads\/2023\/08\/image-23.png","type":"","width":"","height":""}],"twitter_card":"summary_large_image","twitter_misc":{"Becs\u00fclt olvas\u00e1si id\u0151":"2 perc"},"schema":{"@context":"https:\/\/schema.org","@graph":[{"@type":"WebPage","@id":"https:\/\/kalandoroktarsasaga.hu\/index.php\/rendezvenyeink\/i-hirhedt-kalandorok-helveczia-tartomanyaibol\/","url":"https:\/\/kalandoroktarsasaga.hu\/index.php\/rendezvenyeink\/i-hirhedt-kalandorok-helveczia-tartomanyaibol\/","name":"I. H\u00edrhedt kalandorok Helv\u00e9czia tartom\u00e1nyaib\u00f3l - Kalandorok T\u00e1rsas\u00e1ga","isPartOf":{"@id":"https:\/\/kalandoroktarsasaga.hu\/#website"},"primaryImageOfPage":{"@id":"https:\/\/kalandoroktarsasaga.hu\/index.php\/rendezvenyeink\/i-hirhedt-kalandorok-helveczia-tartomanyaibol\/#primaryimage"},"image":{"@id":"https:\/\/kalandoroktarsasaga.hu\/index.php\/rendezvenyeink\/i-hirhedt-kalandorok-helveczia-tartomanyaibol\/#primaryimage"},"thumbnailUrl":"https:\/\/kalandoroktarsasaga.hu\/wp-content\/uploads\/2023\/08\/image-23.png","datePublished":"2023-09-22T13:06:21+00:00","dateModified":"2023-09-22T16:42:53+00:00","breadcrumb":{"@id":"https:\/\/kalandoroktarsasaga.hu\/index.php\/rendezvenyeink\/i-hirhedt-kalandorok-helveczia-tartomanyaibol\/#breadcrumb"},"inLanguage":"hu","potentialAction":[{"@type":"ReadAction","target":["https:\/\/kalandoroktarsasaga.hu\/index.php\/rendezvenyeink\/i-hirhedt-kalandorok-helveczia-tartomanyaibol\/"]}]},{"@type":"ImageObject","inLanguage":"hu","@id":"https:\/\/kalandoroktarsasaga.hu\/index.php\/rendezvenyeink\/i-hirhedt-kalandorok-helveczia-tartomanyaibol\/#primaryimage","url":"https:\/\/kalandoroktarsasaga.hu\/wp-content\/uploads\/2023\/08\/image-23.png","contentUrl":"https:\/\/kalandoroktarsasaga.hu\/wp-content\/uploads\/2023\/08\/image-23.png","width":314,"height":469},{"@type":"BreadcrumbList","@id":"https:\/\/kalandoroktarsasaga.hu\/index.php\/rendezvenyeink\/i-hirhedt-kalandorok-helveczia-tartomanyaibol\/#breadcrumb","itemListElement":[{"@type":"ListItem","position":1,"name":"Kezd\u0151lap","item":"https:\/\/kalandoroktarsasaga.hu\/"},{"@type":"ListItem","position":2,"name":"Rendezv\u00e9nyeink","item":"https:\/\/kalandoroktarsasaga.hu\/index.php\/rendezvenyeink\/"},{"@type":"ListItem","position":3,"name":"I. H\u00edrhedt kalandorok Helv\u00e9czia tartom\u00e1nyaib\u00f3l"}]},{"@type":"WebSite","@id":"https:\/\/kalandoroktarsasaga.hu\/#website","url":"https:\/\/kalandoroktarsasaga.hu\/","name":"Kalandorok T\u00e1rsas\u00e1ga","description":"Szerepj\u00e1t\u00e9kos rendezv\u00e9nyeket szervez\u00fcnk - veletek, nektek","publisher":{"@id":"https:\/\/kalandoroktarsasaga.hu\/#organization"},"potentialAction":[{"@type":"SearchAction","target":{"@type":"EntryPoint","urlTemplate":"https:\/\/kalandoroktarsasaga.hu\/?s={search_term_string}"},"query-input":{"@type":"PropertyValueSpecification","valueRequired":true,"valueName":"search_term_string"}}],"inLanguage":"hu"},{"@type":"Organization","@id":"https:\/\/kalandoroktarsasaga.hu\/#organization","name":"Kalandorok T\u00e1rsas\u00e1ga","url":"https:\/\/kalandoroktarsasaga.hu\/","logo":{"@type":"ImageObject","inLanguage":"hu","@id":"https:\/\/kalandoroktarsasaga.hu\/#\/schema\/logo\/image\/","url":"https:\/\/kalandoroktarsasaga.hu\/wp-content\/uploads\/2023\/08\/cropped-Logo-1.png","contentUrl":"https:\/\/kalandoroktarsasaga.hu\/wp-content\/uploads\/2023\/08\/cropped-Logo-1.png","width":599,"height":832,"caption":"Kalandorok T\u00e1rsas\u00e1ga"},"image":{"@id":"https:\/\/kalandoroktarsasaga.hu\/#\/schema\/logo\/image\/"}}]}},"_links":{"self":[{"href":"https:\/\/kalandoroktarsasaga.hu\/index.php\/wp-json\/wp\/v2\/pages\/49","targetHints":{"allow":["GET"]}}],"collection":[{"href":"https:\/\/kalandoroktarsasaga.hu\/index.php\/wp-json\/wp\/v2\/pages"}],"about":[{"href":"https:\/\/kalandoroktarsasaga.hu\/index.php\/wp-json\/wp\/v2\/types\/page"}],"author":[{"embeddable":true,"href":"https:\/\/kalandoroktarsasaga.hu\/index.php\/wp-json\/wp\/v2\/users\/1"}],"replies":[{"embeddable":true,"href":"https:\/\/kalandoroktarsasaga.hu\/index.php\/wp-json\/wp\/v2\/comments?post=49"}],"version-history":[{"count":2,"href":"https:\/\/kalandoroktarsasaga.hu\/index.php\/wp-json\/wp\/v2\/pages\/49\/revisions"}],"predecessor-version":[{"id":487,"href":"https:\/\/kalandoroktarsasaga.hu\/index.php\/wp-json\/wp\/v2\/pages\/49\/revisions\/487"}],"up":[{"embeddable":true,"href":"https:\/\/kalandoroktarsasaga.hu\/index.php\/wp-json\/wp\/v2\/pages\/506"}],"wp:attachment":[{"href":"https:\/\/kalandoroktarsasaga.hu\/index.php\/wp-json\/wp\/v2\/media?parent=49"}],"curies":[{"name":"wp","href":"https:\/\/api.w.org\/{rel}","templated":true}]}}