{"id":601,"date":"2023-10-09T20:27:38","date_gmt":"2023-10-09T18:27:38","guid":{"rendered":"https:\/\/kalandoroktarsasaga.hu\/?page_id=601"},"modified":"2023-10-09T20:27:41","modified_gmt":"2023-10-09T18:27:41","slug":"a-rozsalovag-vara","status":"publish","type":"page","link":"https:\/\/kalandoroktarsasaga.hu\/index.php\/meseink-nagy-lajstroma\/a-rozsalovag-vara\/","title":{"rendered":"A R\u00f3zsalovag V\u00e1ra"},"content":{"rendered":"\n<p><strong>Mes\u00e9l\u0151<\/strong>: elGabor<br><strong>Rendszer<\/strong>: &nbsp;Kard \u00e9s M\u00e1gia 2e <br><strong>Vil\u00e1g<\/strong>: Tizenk\u00e9t Kir\u00e1lys\u00e1g<\/p>\n\n\n<div class=\"wp-block-image\">\n<figure class=\"alignright size-large is-resized\"><img loading=\"lazy\" decoding=\"async\" src=\"https:\/\/kalandoroktarsasaga.hu\/wp-content\/uploads\/2023\/10\/A-Rozsalovag-Vara-1024x1024.png\" alt=\"\" class=\"wp-image-603\" style=\"width:384px;height:384px\" width=\"384\" height=\"384\" srcset=\"https:\/\/kalandoroktarsasaga.hu\/wp-content\/uploads\/2023\/10\/A-Rozsalovag-Vara-1024x1024.png 1024w, https:\/\/kalandoroktarsasaga.hu\/wp-content\/uploads\/2023\/10\/A-Rozsalovag-Vara-300x300.png 300w, https:\/\/kalandoroktarsasaga.hu\/wp-content\/uploads\/2023\/10\/A-Rozsalovag-Vara-150x150.png 150w, https:\/\/kalandoroktarsasaga.hu\/wp-content\/uploads\/2023\/10\/A-Rozsalovag-Vara-768x768.png 768w, https:\/\/kalandoroktarsasaga.hu\/wp-content\/uploads\/2023\/10\/A-Rozsalovag-Vara-1536x1536.png 1536w, https:\/\/kalandoroktarsasaga.hu\/wp-content\/uploads\/2023\/10\/A-Rozsalovag-Vara.png 1600w\" sizes=\"auto, (max-width: 384px) 100vw, 384px\" \/><\/figure>\n<\/div>\n\n\n<p>A titokzatos v\u00e1rat a t\u00fcnd\u00e9r legend\u00e1k k\u00f6re \u00f6vezi, \u00e9s dalnokok sz\u00f3lnak kincseir\u0151l. Kapuin m\u00e9gis csak keveseknek siker\u00fclt bel\u00e9pni, \u00e9s akik visszat\u00e9rtek onnan, k\u00fcl\u00f6n\u00f6s dolgokr\u00f3l besz\u00e9ltek \u2013 m\u00e9gpedig mindenki m\u00e1sr\u00f3l. Ti viszont megtal\u00e1lt\u00e1tok a R\u00f3zs\u00e1k Rond\u00f3j\u00e1t, a dalt, amely seg\u00edt bejutni a szabad szemmel j\u00f3l l\u00e1that\u00f3, de a beavatatlanok sz\u00e1m\u00e1ra megk\u00f6zel\u00edthetetlen er\u0151dbe, ahol a R\u00f3zs\u00e1k Lovagja v\u00e1rja vend\u00e9geit. Hogy mi v\u00e1r r\u00e1tok, azt csak akkor tudj\u00e1tok meg, ha \u00e1tl\u00e9ptek a kapun!<\/p>\n\n\n\n<p>Ami v\u00e1rhat\u00f3: Elvar\u00e1zsolt kast\u00e9ly gyilkos tal\u00e1nyokkal \u00e9s fantasztikus kincsekkel.<\/p>\n\n\n\n<p><strong>Karakterek<\/strong>: \u00d6t\u00f6dik szint\u0171, el\u0151re gener\u00e1lt vagy otthonr\u00f3l hozott Kard \u00e9s M\u00e1gia karakterek<\/p>\n\n\n\n<p><strong>R\u00e9sztvev\u0151k:<\/strong><\/p>\n\n\n\n<ul class=\"wp-block-list\">\n<li>[\u00dcres]<\/li>\n\n\n\n<li>[\u00dcres]<\/li>\n\n\n\n<li>[\u00dcres]<\/li>\n\n\n\n<li>[\u00dcres]<\/li>\n\n\n\n<li>[\u00dcres]<\/li>\n<\/ul>\n","protected":false},"excerpt":{"rendered":"<p>Mes\u00e9l\u0151: elGaborRendszer: &nbsp;Kard \u00e9s M\u00e1gia 2e Vil\u00e1g: Tizenk\u00e9t Kir\u00e1lys\u00e1g A titokzatos v\u00e1rat a t\u00fcnd\u00e9r legend\u00e1k k\u00f6re \u00f6vezi, \u00e9s dalnokok sz\u00f3lnak kincseir\u0151l. Kapuin m\u00e9gis csak keveseknek siker\u00fclt bel\u00e9pni, \u00e9s akik visszat\u00e9rtek onnan, k\u00fcl\u00f6n\u00f6s dolgokr\u00f3l besz\u00e9ltek \u2013 m\u00e9gpedig mindenki m\u00e1sr\u00f3l. Ti viszont megtal\u00e1lt\u00e1tok a R\u00f3zs\u00e1k Rond\u00f3j\u00e1t, a dalt, amely seg\u00edt bejutni a szabad szemmel j\u00f3l l\u00e1that\u00f3, de&#8230;<\/p>\n","protected":false},"author":1,"featured_media":603,"parent":90,"menu_order":0,"comment_status":"closed","ping_status":"closed","template":"","meta":{"_kadence_starter_templates_imported_post":false,"_kad_post_transparent":"","_kad_post_title":"","_kad_post_layout":"","_kad_post_sidebar_id":"","_kad_post_content_style":"","_kad_post_vertical_padding":"","_kad_post_feature":"","_kad_post_feature_position":"","_kad_post_header":false,"_kad_post_footer":false,"footnotes":""},"class_list":["post-601","page","type-page","status-publish","has-post-thumbnail","hentry"],"yoast_head":"<!-- This site is optimized with the Yoast SEO plugin v26.2 - https:\/\/yoast.com\/wordpress\/plugins\/seo\/ -->\n<title>A R\u00f3zsalovag V\u00e1ra - Kalandorok T\u00e1rsas\u00e1ga<\/title>\n<meta name=\"robots\" content=\"index, follow, max-snippet:-1, max-image-preview:large, max-video-preview:-1\" \/>\n<link rel=\"canonical\" href=\"https:\/\/kalandoroktarsasaga.hu\/index.php\/meseink-nagy-lajstroma\/a-rozsalovag-vara\/\" \/>\n<meta property=\"og:locale\" content=\"hu_HU\" \/>\n<meta property=\"og:type\" content=\"article\" \/>\n<meta property=\"og:title\" content=\"A R\u00f3zsalovag V\u00e1ra - Kalandorok T\u00e1rsas\u00e1ga\" \/>\n<meta property=\"og:description\" content=\"Mes\u00e9l\u0151: elGaborRendszer: &nbsp;Kard \u00e9s M\u00e1gia 2e Vil\u00e1g: Tizenk\u00e9t Kir\u00e1lys\u00e1g A titokzatos v\u00e1rat a t\u00fcnd\u00e9r legend\u00e1k k\u00f6re \u00f6vezi, \u00e9s dalnokok sz\u00f3lnak kincseir\u0151l. Kapuin m\u00e9gis csak keveseknek siker\u00fclt bel\u00e9pni, \u00e9s akik visszat\u00e9rtek onnan, k\u00fcl\u00f6n\u00f6s dolgokr\u00f3l besz\u00e9ltek \u2013 m\u00e9gpedig mindenki m\u00e1sr\u00f3l. Ti viszont megtal\u00e1lt\u00e1tok a R\u00f3zs\u00e1k Rond\u00f3j\u00e1t, a dalt, amely seg\u00edt bejutni a szabad szemmel j\u00f3l l\u00e1that\u00f3, de...\" \/>\n<meta property=\"og:url\" content=\"https:\/\/kalandoroktarsasaga.hu\/index.php\/meseink-nagy-lajstroma\/a-rozsalovag-vara\/\" \/>\n<meta property=\"og:site_name\" content=\"Kalandorok T\u00e1rsas\u00e1ga\" \/>\n<meta property=\"article:modified_time\" content=\"2023-10-09T18:27:41+00:00\" \/>\n<meta property=\"og:image\" content=\"https:\/\/kalandoroktarsasaga.hu\/wp-content\/uploads\/2023\/10\/A-Rozsalovag-Vara-1024x1024.png\" \/>\n\t<meta property=\"og:image:width\" content=\"1024\" \/>\n\t<meta property=\"og:image:height\" content=\"1024\" \/>\n\t<meta property=\"og:image:type\" content=\"image\/png\" \/>\n<meta name=\"twitter:card\" content=\"summary_large_image\" \/>\n<meta name=\"twitter:label1\" content=\"Becs\u00fclt olvas\u00e1si id\u0151\" \/>\n\t<meta name=\"twitter:data1\" content=\"1 perc\" \/>\n<script type=\"application\/ld+json\" class=\"yoast-schema-graph\">{\"@context\":\"https:\/\/schema.org\",\"@graph\":[{\"@type\":\"WebPage\",\"@id\":\"https:\/\/kalandoroktarsasaga.hu\/index.php\/meseink-nagy-lajstroma\/a-rozsalovag-vara\/\",\"url\":\"https:\/\/kalandoroktarsasaga.hu\/index.php\/meseink-nagy-lajstroma\/a-rozsalovag-vara\/\",\"name\":\"A R\u00f3zsalovag V\u00e1ra - Kalandorok T\u00e1rsas\u00e1ga\",\"isPartOf\":{\"@id\":\"https:\/\/kalandoroktarsasaga.hu\/#website\"},\"primaryImageOfPage\":{\"@id\":\"https:\/\/kalandoroktarsasaga.hu\/index.php\/meseink-nagy-lajstroma\/a-rozsalovag-vara\/#primaryimage\"},\"image\":{\"@id\":\"https:\/\/kalandoroktarsasaga.hu\/index.php\/meseink-nagy-lajstroma\/a-rozsalovag-vara\/#primaryimage\"},\"thumbnailUrl\":\"https:\/\/kalandoroktarsasaga.hu\/wp-content\/uploads\/2023\/10\/A-Rozsalovag-Vara.png\",\"datePublished\":\"2023-10-09T18:27:38+00:00\",\"dateModified\":\"2023-10-09T18:27:41+00:00\",\"breadcrumb\":{\"@id\":\"https:\/\/kalandoroktarsasaga.hu\/index.php\/meseink-nagy-lajstroma\/a-rozsalovag-vara\/#breadcrumb\"},\"inLanguage\":\"hu\",\"potentialAction\":[{\"@type\":\"ReadAction\",\"target\":[\"https:\/\/kalandoroktarsasaga.hu\/index.php\/meseink-nagy-lajstroma\/a-rozsalovag-vara\/\"]}]},{\"@type\":\"ImageObject\",\"inLanguage\":\"hu\",\"@id\":\"https:\/\/kalandoroktarsasaga.hu\/index.php\/meseink-nagy-lajstroma\/a-rozsalovag-vara\/#primaryimage\",\"url\":\"https:\/\/kalandoroktarsasaga.hu\/wp-content\/uploads\/2023\/10\/A-Rozsalovag-Vara.png\",\"contentUrl\":\"https:\/\/kalandoroktarsasaga.hu\/wp-content\/uploads\/2023\/10\/A-Rozsalovag-Vara.png\",\"width\":1600,\"height\":1600},{\"@type\":\"BreadcrumbList\",\"@id\":\"https:\/\/kalandoroktarsasaga.hu\/index.php\/meseink-nagy-lajstroma\/a-rozsalovag-vara\/#breadcrumb\",\"itemListElement\":[{\"@type\":\"ListItem\",\"position\":1,\"name\":\"Kezd\u0151lap\",\"item\":\"https:\/\/kalandoroktarsasaga.hu\/\"},{\"@type\":\"ListItem\",\"position\":2,\"name\":\"Mes\u00e9ink nagy lajstroma\",\"item\":\"https:\/\/kalandoroktarsasaga.hu\/index.php\/meseink-nagy-lajstroma\/\"},{\"@type\":\"ListItem\",\"position\":3,\"name\":\"A R\u00f3zsalovag V\u00e1ra\"}]},{\"@type\":\"WebSite\",\"@id\":\"https:\/\/kalandoroktarsasaga.hu\/#website\",\"url\":\"https:\/\/kalandoroktarsasaga.hu\/\",\"name\":\"Kalandorok T\u00e1rsas\u00e1ga\",\"description\":\"Szerepj\u00e1t\u00e9kos rendezv\u00e9nyeket szervez\u00fcnk - veletek, nektek\",\"publisher\":{\"@id\":\"https:\/\/kalandoroktarsasaga.hu\/#organization\"},\"potentialAction\":[{\"@type\":\"SearchAction\",\"target\":{\"@type\":\"EntryPoint\",\"urlTemplate\":\"https:\/\/kalandoroktarsasaga.hu\/?s={search_term_string}\"},\"query-input\":{\"@type\":\"PropertyValueSpecification\",\"valueRequired\":true,\"valueName\":\"search_term_string\"}}],\"inLanguage\":\"hu\"},{\"@type\":\"Organization\",\"@id\":\"https:\/\/kalandoroktarsasaga.hu\/#organization\",\"name\":\"Kalandorok T\u00e1rsas\u00e1ga\",\"url\":\"https:\/\/kalandoroktarsasaga.hu\/\",\"logo\":{\"@type\":\"ImageObject\",\"inLanguage\":\"hu\",\"@id\":\"https:\/\/kalandoroktarsasaga.hu\/#\/schema\/logo\/image\/\",\"url\":\"https:\/\/kalandoroktarsasaga.hu\/wp-content\/uploads\/2023\/08\/cropped-Logo-1.png\",\"contentUrl\":\"https:\/\/kalandoroktarsasaga.hu\/wp-content\/uploads\/2023\/08\/cropped-Logo-1.png\",\"width\":599,\"height\":832,\"caption\":\"Kalandorok T\u00e1rsas\u00e1ga\"},\"image\":{\"@id\":\"https:\/\/kalandoroktarsasaga.hu\/#\/schema\/logo\/image\/\"}}]}<\/script>\n<!-- \/ Yoast SEO plugin. -->","yoast_head_json":{"title":"A R\u00f3zsalovag V\u00e1ra - Kalandorok T\u00e1rsas\u00e1ga","robots":{"index":"index","follow":"follow","max-snippet":"max-snippet:-1","max-image-preview":"max-image-preview:large","max-video-preview":"max-video-preview:-1"},"canonical":"https:\/\/kalandoroktarsasaga.hu\/index.php\/meseink-nagy-lajstroma\/a-rozsalovag-vara\/","og_locale":"hu_HU","og_type":"article","og_title":"A R\u00f3zsalovag V\u00e1ra - Kalandorok T\u00e1rsas\u00e1ga","og_description":"Mes\u00e9l\u0151: elGaborRendszer: &nbsp;Kard \u00e9s M\u00e1gia 2e Vil\u00e1g: Tizenk\u00e9t Kir\u00e1lys\u00e1g A titokzatos v\u00e1rat a t\u00fcnd\u00e9r legend\u00e1k k\u00f6re \u00f6vezi, \u00e9s dalnokok sz\u00f3lnak kincseir\u0151l. Kapuin m\u00e9gis csak keveseknek siker\u00fclt bel\u00e9pni, \u00e9s akik visszat\u00e9rtek onnan, k\u00fcl\u00f6n\u00f6s dolgokr\u00f3l besz\u00e9ltek \u2013 m\u00e9gpedig mindenki m\u00e1sr\u00f3l. Ti viszont megtal\u00e1lt\u00e1tok a R\u00f3zs\u00e1k Rond\u00f3j\u00e1t, a dalt, amely seg\u00edt bejutni a szabad szemmel j\u00f3l l\u00e1that\u00f3, de...","og_url":"https:\/\/kalandoroktarsasaga.hu\/index.php\/meseink-nagy-lajstroma\/a-rozsalovag-vara\/","og_site_name":"Kalandorok T\u00e1rsas\u00e1ga","article_modified_time":"2023-10-09T18:27:41+00:00","og_image":[{"width":1024,"height":1024,"url":"https:\/\/kalandoroktarsasaga.hu\/wp-content\/uploads\/2023\/10\/A-Rozsalovag-Vara-1024x1024.png","type":"image\/png"}],"twitter_card":"summary_large_image","twitter_misc":{"Becs\u00fclt olvas\u00e1si id\u0151":"1 perc"},"schema":{"@context":"https:\/\/schema.org","@graph":[{"@type":"WebPage","@id":"https:\/\/kalandoroktarsasaga.hu\/index.php\/meseink-nagy-lajstroma\/a-rozsalovag-vara\/","url":"https:\/\/kalandoroktarsasaga.hu\/index.php\/meseink-nagy-lajstroma\/a-rozsalovag-vara\/","name":"A R\u00f3zsalovag V\u00e1ra - Kalandorok T\u00e1rsas\u00e1ga","isPartOf":{"@id":"https:\/\/kalandoroktarsasaga.hu\/#website"},"primaryImageOfPage":{"@id":"https:\/\/kalandoroktarsasaga.hu\/index.php\/meseink-nagy-lajstroma\/a-rozsalovag-vara\/#primaryimage"},"image":{"@id":"https:\/\/kalandoroktarsasaga.hu\/index.php\/meseink-nagy-lajstroma\/a-rozsalovag-vara\/#primaryimage"},"thumbnailUrl":"https:\/\/kalandoroktarsasaga.hu\/wp-content\/uploads\/2023\/10\/A-Rozsalovag-Vara.png","datePublished":"2023-10-09T18:27:38+00:00","dateModified":"2023-10-09T18:27:41+00:00","breadcrumb":{"@id":"https:\/\/kalandoroktarsasaga.hu\/index.php\/meseink-nagy-lajstroma\/a-rozsalovag-vara\/#breadcrumb"},"inLanguage":"hu","potentialAction":[{"@type":"ReadAction","target":["https:\/\/kalandoroktarsasaga.hu\/index.php\/meseink-nagy-lajstroma\/a-rozsalovag-vara\/"]}]},{"@type":"ImageObject","inLanguage":"hu","@id":"https:\/\/kalandoroktarsasaga.hu\/index.php\/meseink-nagy-lajstroma\/a-rozsalovag-vara\/#primaryimage","url":"https:\/\/kalandoroktarsasaga.hu\/wp-content\/uploads\/2023\/10\/A-Rozsalovag-Vara.png","contentUrl":"https:\/\/kalandoroktarsasaga.hu\/wp-content\/uploads\/2023\/10\/A-Rozsalovag-Vara.png","width":1600,"height":1600},{"@type":"BreadcrumbList","@id":"https:\/\/kalandoroktarsasaga.hu\/index.php\/meseink-nagy-lajstroma\/a-rozsalovag-vara\/#breadcrumb","itemListElement":[{"@type":"ListItem","position":1,"name":"Kezd\u0151lap","item":"https:\/\/kalandoroktarsasaga.hu\/"},{"@type":"ListItem","position":2,"name":"Mes\u00e9ink nagy lajstroma","item":"https:\/\/kalandoroktarsasaga.hu\/index.php\/meseink-nagy-lajstroma\/"},{"@type":"ListItem","position":3,"name":"A R\u00f3zsalovag V\u00e1ra"}]},{"@type":"WebSite","@id":"https:\/\/kalandoroktarsasaga.hu\/#website","url":"https:\/\/kalandoroktarsasaga.hu\/","name":"Kalandorok T\u00e1rsas\u00e1ga","description":"Szerepj\u00e1t\u00e9kos rendezv\u00e9nyeket szervez\u00fcnk - veletek, nektek","publisher":{"@id":"https:\/\/kalandoroktarsasaga.hu\/#organization"},"potentialAction":[{"@type":"SearchAction","target":{"@type":"EntryPoint","urlTemplate":"https:\/\/kalandoroktarsasaga.hu\/?s={search_term_string}"},"query-input":{"@type":"PropertyValueSpecification","valueRequired":true,"valueName":"search_term_string"}}],"inLanguage":"hu"},{"@type":"Organization","@id":"https:\/\/kalandoroktarsasaga.hu\/#organization","name":"Kalandorok T\u00e1rsas\u00e1ga","url":"https:\/\/kalandoroktarsasaga.hu\/","logo":{"@type":"ImageObject","inLanguage":"hu","@id":"https:\/\/kalandoroktarsasaga.hu\/#\/schema\/logo\/image\/","url":"https:\/\/kalandoroktarsasaga.hu\/wp-content\/uploads\/2023\/08\/cropped-Logo-1.png","contentUrl":"https:\/\/kalandoroktarsasaga.hu\/wp-content\/uploads\/2023\/08\/cropped-Logo-1.png","width":599,"height":832,"caption":"Kalandorok T\u00e1rsas\u00e1ga"},"image":{"@id":"https:\/\/kalandoroktarsasaga.hu\/#\/schema\/logo\/image\/"}}]}},"_links":{"self":[{"href":"https:\/\/kalandoroktarsasaga.hu\/index.php\/wp-json\/wp\/v2\/pages\/601","targetHints":{"allow":["GET"]}}],"collection":[{"href":"https:\/\/kalandoroktarsasaga.hu\/index.php\/wp-json\/wp\/v2\/pages"}],"about":[{"href":"https:\/\/kalandoroktarsasaga.hu\/index.php\/wp-json\/wp\/v2\/types\/page"}],"author":[{"embeddable":true,"href":"https:\/\/kalandoroktarsasaga.hu\/index.php\/wp-json\/wp\/v2\/users\/1"}],"replies":[{"embeddable":true,"href":"https:\/\/kalandoroktarsasaga.hu\/index.php\/wp-json\/wp\/v2\/comments?post=601"}],"version-history":[{"count":3,"href":"https:\/\/kalandoroktarsasaga.hu\/index.php\/wp-json\/wp\/v2\/pages\/601\/revisions"}],"predecessor-version":[{"id":651,"href":"https:\/\/kalandoroktarsasaga.hu\/index.php\/wp-json\/wp\/v2\/pages\/601\/revisions\/651"}],"up":[{"embeddable":true,"href":"https:\/\/kalandoroktarsasaga.hu\/index.php\/wp-json\/wp\/v2\/pages\/90"}],"wp:featuredmedia":[{"embeddable":true,"href":"https:\/\/kalandoroktarsasaga.hu\/index.php\/wp-json\/wp\/v2\/media\/603"}],"wp:attachment":[{"href":"https:\/\/kalandoroktarsasaga.hu\/index.php\/wp-json\/wp\/v2\/media?parent=601"}],"curies":[{"name":"wp","href":"https:\/\/api.w.org\/{rel}","templated":true}]}}