{"id":64,"date":"2023-09-22T15:07:08","date_gmt":"2023-09-22T13:07:08","guid":{"rendered":"https:\/\/kalandoroktarsasaga.hu\/?page_id=64"},"modified":"2023-09-22T18:43:01","modified_gmt":"2023-09-22T16:43:01","slug":"iii-spiritualis-kiberpszichozis","status":"publish","type":"page","link":"https:\/\/kalandoroktarsasaga.hu\/index.php\/rendezvenyeink\/iii-spiritualis-kiberpszichozis\/","title":{"rendered":"III. Spiritu\u00e1lis Kiberpszich\u00f3zis"},"content":{"rendered":"<div class=\"wp-block-image\">\n<figure class=\"aligncenter size-full\"><img loading=\"lazy\" decoding=\"async\" width=\"816\" height=\"437\" src=\"https:\/\/kalandoroktarsasaga.hu\/wp-content\/uploads\/2023\/09\/image.png\" alt=\"\" class=\"wp-image-69\" srcset=\"https:\/\/kalandoroktarsasaga.hu\/wp-content\/uploads\/2023\/09\/image.png 816w, https:\/\/kalandoroktarsasaga.hu\/wp-content\/uploads\/2023\/09\/image-300x161.png 300w, https:\/\/kalandoroktarsasaga.hu\/wp-content\/uploads\/2023\/09\/image-768x411.png 768w\" sizes=\"auto, (max-width: 816px) 100vw, 816px\" \/><\/figure>\n<\/div>\n\n\n<p>T\u00e1rsas\u00e1gunk harmadik rendezv\u00e9ny\u00e9nek t\u00e9m\u00e1ja a technol\u00f3gia \u00e9s m\u00e1gia. Rendszerek \u00e9s st\u00edlus tekintet\u00e9ben lesz itt Cyberpunk, Shadowrun, Star Trek, Paranoia \u00e9s m\u00e9g sok m\u00e1s t\u00e9m\u00e1ba v\u00e1g\u00f3 t\u00f6rt\u00e9net. Valamint a klasszikus rendszerek is k\u00e9pviseltetik magukat, mint a Kard \u00e9s M\u00e1gia, Vampire, D&amp;D 5.<\/p>\n\n\n\n<p><strong>Id\u0151pont<\/strong>: 2015.04.25<\/p>\n\n\n\n<p><strong>Helysz\u00edn<\/strong>: Zugl\u00f3i Ifj\u00fas\u00e1gi Centrum, melynek b\u00e9rl\u00e9s\u00e9ben ism\u00e9t seg\u00edts\u00e9get kaptunk az <a href=\"http:\/\/larp.ostromjatek.hu\/jatekleirasok\/\">Ostromj\u00e1t\u00e9k Hagyom\u00e1ny\u0151rz\u0151 Egyes\u00fclet<\/a>t\u0151l. A helysz\u00ednen k\u00e9nyelmesen elf\u00e9r\u00fcnk, al\u00e1bb p\u00e1r hangulatkelt\u0151 fot\u00f3:<\/p>\n\n\n\n<figure class=\"wp-block-gallery has-nested-images columns-default is-cropped wp-block-gallery-1 is-layout-flex wp-block-gallery-is-layout-flex\">\n<figure class=\"wp-block-image size-large\"><img loading=\"lazy\" decoding=\"async\" width=\"1024\" height=\"575\" data-id=\"53\" src=\"https:\/\/kalandoroktarsasaga.hu\/wp-content\/uploads\/2023\/08\/sam_0045.jpg\" alt=\"\" class=\"wp-image-53\" srcset=\"https:\/\/kalandoroktarsasaga.hu\/wp-content\/uploads\/2023\/08\/sam_0045.jpg 1024w, https:\/\/kalandoroktarsasaga.hu\/wp-content\/uploads\/2023\/08\/sam_0045-300x168.jpg 300w, https:\/\/kalandoroktarsasaga.hu\/wp-content\/uploads\/2023\/08\/sam_0045-768x431.jpg 768w\" sizes=\"auto, (max-width: 1024px) 100vw, 1024px\" \/><\/figure>\n\n\n\n<figure class=\"wp-block-image size-large\"><img loading=\"lazy\" decoding=\"async\" width=\"1024\" height=\"575\" data-id=\"55\" src=\"https:\/\/kalandoroktarsasaga.hu\/wp-content\/uploads\/2023\/08\/sam_0043.jpg\" alt=\"\" class=\"wp-image-55\" srcset=\"https:\/\/kalandoroktarsasaga.hu\/wp-content\/uploads\/2023\/08\/sam_0043.jpg 1024w, https:\/\/kalandoroktarsasaga.hu\/wp-content\/uploads\/2023\/08\/sam_0043-300x168.jpg 300w, https:\/\/kalandoroktarsasaga.hu\/wp-content\/uploads\/2023\/08\/sam_0043-768x431.jpg 768w\" sizes=\"auto, (max-width: 1024px) 100vw, 1024px\" \/><\/figure>\n\n\n\n<figure class=\"wp-block-image size-large\"><img loading=\"lazy\" decoding=\"async\" width=\"1024\" height=\"575\" data-id=\"58\" src=\"https:\/\/kalandoroktarsasaga.hu\/wp-content\/uploads\/2023\/08\/sam_0036.jpg\" alt=\"\" class=\"wp-image-58\" srcset=\"https:\/\/kalandoroktarsasaga.hu\/wp-content\/uploads\/2023\/08\/sam_0036.jpg 1024w, https:\/\/kalandoroktarsasaga.hu\/wp-content\/uploads\/2023\/08\/sam_0036-300x168.jpg 300w, https:\/\/kalandoroktarsasaga.hu\/wp-content\/uploads\/2023\/08\/sam_0036-768x431.jpg 768w\" sizes=\"auto, (max-width: 1024px) 100vw, 1024px\" \/><\/figure>\n\n\n\n<figure class=\"wp-block-image size-large\"><img loading=\"lazy\" decoding=\"async\" width=\"1024\" height=\"575\" data-id=\"56\" src=\"https:\/\/kalandoroktarsasaga.hu\/wp-content\/uploads\/2023\/08\/sam_0034.jpg\" alt=\"\" class=\"wp-image-56\" srcset=\"https:\/\/kalandoroktarsasaga.hu\/wp-content\/uploads\/2023\/08\/sam_0034.jpg 1024w, https:\/\/kalandoroktarsasaga.hu\/wp-content\/uploads\/2023\/08\/sam_0034-300x168.jpg 300w, https:\/\/kalandoroktarsasaga.hu\/wp-content\/uploads\/2023\/08\/sam_0034-768x431.jpg 768w\" sizes=\"auto, (max-width: 1024px) 100vw, 1024px\" \/><\/figure>\n\n\n\n<figure class=\"wp-block-image size-large\"><img loading=\"lazy\" decoding=\"async\" width=\"1024\" height=\"575\" data-id=\"57\" src=\"https:\/\/kalandoroktarsasaga.hu\/wp-content\/uploads\/2023\/08\/sam_0032.jpg\" alt=\"\" class=\"wp-image-57\" srcset=\"https:\/\/kalandoroktarsasaga.hu\/wp-content\/uploads\/2023\/08\/sam_0032.jpg 1024w, https:\/\/kalandoroktarsasaga.hu\/wp-content\/uploads\/2023\/08\/sam_0032-300x168.jpg 300w, https:\/\/kalandoroktarsasaga.hu\/wp-content\/uploads\/2023\/08\/sam_0032-768x431.jpg 768w\" sizes=\"auto, (max-width: 1024px) 100vw, 1024px\" \/><\/figure>\n\n\n\n<figure class=\"wp-block-image size-large\"><img loading=\"lazy\" decoding=\"async\" width=\"1024\" height=\"575\" data-id=\"54\" src=\"https:\/\/kalandoroktarsasaga.hu\/wp-content\/uploads\/2023\/08\/sam_0030.jpg\" alt=\"\" class=\"wp-image-54\" srcset=\"https:\/\/kalandoroktarsasaga.hu\/wp-content\/uploads\/2023\/08\/sam_0030.jpg 1024w, https:\/\/kalandoroktarsasaga.hu\/wp-content\/uploads\/2023\/08\/sam_0030-300x168.jpg 300w, https:\/\/kalandoroktarsasaga.hu\/wp-content\/uploads\/2023\/08\/sam_0030-768x431.jpg 768w\" sizes=\"auto, (max-width: 1024px) 100vw, 1024px\" \/><\/figure>\n<\/figure>\n\n\n\n<p><strong>C\u00edm: <\/strong>1145 Budapest, Uzsoki utca 57. Tet\u0151t\u00e9r (bej\u00e1rat a Kassai t\u00e9r fel\u0151l)<\/p>\n\n\n\n<p align=\"center\"><iframe src=\"https:\/\/www.google.com\/maps\/embed?pb=!1m14!1m8!1m3!1d10777.32063363106!2d19.0972447!3d47.5224349!3m2!1i1024!2i768!4f13.1!3m3!1m2!1s0x4741db9d587a07cd%3A0x360bf4dc9ae28bdb!2zWnVnbMOzaSBJZmrDunPDoWdpIENlbnRydW0!5e0!3m2!1shu!2shu!4v1691315503480!5m2!1shu!2shu\" width=\"600\" height=\"450\" style=\"border:0;\" allowfullscreen=\"\" loading=\"lazy\" referrerpolicy=\"no-referrer-when-downgrade\"><\/iframe><\/p>\n\n\n\n<p><strong>R\u00e9szv\u00e9teli d\u00edj<\/strong>: Az eg\u00e9sz napos bel\u00e9p\u0151 \u00e1ra 1500 Ft\/f\u0151, ami mag\u00e1ban foglalja a rendezv\u00e9ny v\u00e9g\u00e9n l\u00e9v\u0151 tombol\u00e1t az <a href=\"https:\/\/lfg.hu\">lfg.hu<\/a> \u00e1ltal felaj\u00e1nlott nyerem\u00e9nyekkel. Ism\u00e9t b\u0151v\u00edtett\u00fck k\u00edn\u00e1latunkat, \u00edgy id\u00e9n m\u00e1r 15 f\u00e9l napos mese, \u00e9s 1 eg\u00e9sz napos t\u00f6rt\u00e9net v\u00e1rja az \u00e9rdekl\u0151d\u0151ket! K\u00e9t f\u00e9l napos, vagy egy eg\u00e9sz napos t\u00f6rt\u00e9net, valamint remek hangulat v\u00e1r!<\/p>\n\n\n\n<p>N\u00e9h\u00e1ny \u00faj\u00edt\u00e1s a kor\u00e1bbi rendezv\u00e9nyeken szerzett tapasztalatok figyelembev\u00e9tel\u00e9vel:<\/p>\n\n\n\n<ul class=\"wp-block-list\">\n<li>A r\u00e9szv\u00e9teli d\u00edjat jelentkez\u00e9skor kell utal\u00e1ssal kiegyenl\u00edteni. Az utal\u00e1s meg\u00e9rkez\u00e9s\u00e9vel l\u00e9p \u00e9rv\u00e9nybe jelentkez\u00e9sed.<\/li>\n\n\n\n<li>\u00c9rkez\u00e9skor, el\u0151re megadott \u00e9tlapr\u00f3l lehet rendelni eb\u00e9dsz\u00fcnetre, amit a helysz\u00ednen k\u00e9szp\u00e9nzben tudsz kifizetni. \u00cdgy eb\u00e9dre&nbsp;meg\u00e9rkezik v\u00e1lasztott \u00e9teled.<\/li>\n\n\n\n<li>A helysz\u00ednen becs\u00fcletkassz\u00e1s instant k\u00e1v\u00e9fogyaszt\u00e1sra lesz lehet\u0151s\u00e9g.<\/li>\n<\/ul>\n\n\n\n<p>A helysz\u00ednre \u00e9tel \u00e9s ital szabadon behozhat\u00f3. El\u00e9rhet\u0151 t\u00e1vols\u00e1gra van v\u00e1s\u00e1rl\u00e1si \u00e9s \u00e9tkez\u00e9si lehet\u0151s\u00e9g.<\/p>\n\n\n\n<p><strong>Program:<\/strong><br>8:00-8:45 Nyit\u00e1s \u00e9s gy\u00fclekez\u0151<br>9:00-13:30 D\u00e9lel\u0151tti mes\u00e9k<br>13:30-14:30 Eb\u00e9dsz\u00fcnet<br>14:30-19:00 D\u00e9lut\u00e1ni mes\u00e9k<br>19:30-20:00 Rendezv\u00e9nyz\u00e1r\u00f3, tombola<\/p>\n\n\n\n<hr class=\"wp-block-separator has-alpha-channel-opacity\"\/>\n\n\n\n<p><strong>Kalandok<\/strong><br>Mes\u00e9l\u0151: <em>Mese c\u00edme<\/em> &#8211; Rendszer [\u00d6ssz\/foglalt hely]<\/p>\n\n\n\n<p>Eg\u00e9sz napos kalandok (9:00-19:30):<br>\u2022 Rayko: Ki a V\u00e1ros ura? \u2013 Vampire the masquerade [5\/5]<\/p>\n\n\n\n<p>D\u00e9lel\u0151tti kalandok (9:00-13:30):<br>\u2022 Bulldy: Rongy k\u00f6ly\u00f6k \u2013 Savage Worlds (Shadowrun) [5\/5]<br>\u2022 Urban: Amn\u00e9zia. Szuperk\u00e9pess\u00e9gek. Menek\u00fcl\u00e9s \u2013 PSI*RUN [5\/5]<br>\u2022 Feri: Az Elemi Gonoszs\u00e1g Temploma \u2013 D&amp;D 5 [5\/5]<br>\u2022 Ravenheart: Fagyott id\u0151 \u2013 DCC RPG [5\/3]<br>\u2022 Glowface: A Fluxus Elszabadul \u2013 Tales from the Floating Vagabond [5\/5]<br>\u2022 elGabor: Basel Neustadt \u2013 Technoir [4\/4]<br>\u2022 Kysmacsek: A K\u00eds\u00e9rlet \u2013 AD&amp;D [5\/3]<\/p>\n\n\n\n<p>D\u00e9lut\u00e1ni kalandok (14:30-19:00):<br>\u2022 Arturus: A v\u00e9r a vadonban \u2013 Shadowrun 3 [5\/4]<br>\u2022 Gothpunk: Origami \u2013 Kuro [5\/5]<br>\u2022 Alister: A Faberg\u00e9-mad\u00e1r \u2013 D&amp;D 5 [5\/5]<br>\u2022 Kibic: Tal\u00e1lka a v\u00f6r\u00f6s plan\u00e9t\u00e1n\u00e1l \u2013 Dungeon Crawl Classics [5\/4]<br>\u2022 Premier: Az utols\u00f3 p\u00e1nc\u00e9lvonat \u2013 Other Dust [5\/3]<br>\u2022 NeoPadre: \u201cMag\u00e1nyos Csillag\u201d \u2013 RIFTS [5\/5]<br>\u2022 Epi: Cormyr, a legend\u00e1k kor\u00e1nak v\u00e9ge \u2013 D&amp;D 5 [5\/5]<br>\u2022 elGabor: Riamos T\u00fckrei \u2013 Kard \u00e9s M\u00e1gia [5\/5]<\/p>\n","protected":false},"excerpt":{"rendered":"<p>T\u00e1rsas\u00e1gunk harmadik rendezv\u00e9ny\u00e9nek t\u00e9m\u00e1ja a technol\u00f3gia \u00e9s m\u00e1gia. Rendszerek \u00e9s st\u00edlus tekintet\u00e9ben lesz itt Cyberpunk, Shadowrun, Star Trek, Paranoia \u00e9s m\u00e9g sok m\u00e1s t\u00e9m\u00e1ba v\u00e1g\u00f3 t\u00f6rt\u00e9net. Valamint a klasszikus rendszerek is k\u00e9pviseltetik magukat, mint a Kard \u00e9s M\u00e1gia, Vampire, D&amp;D 5. Id\u0151pont: 2015.04.25 Helysz\u00edn: Zugl\u00f3i Ifj\u00fas\u00e1gi Centrum, melynek b\u00e9rl\u00e9s\u00e9ben ism\u00e9t seg\u00edts\u00e9get kaptunk az Ostromj\u00e1t\u00e9k Hagyom\u00e1ny\u0151rz\u0151&#8230;<\/p>\n","protected":false},"author":1,"featured_media":0,"parent":506,"menu_order":3,"comment_status":"closed","ping_status":"closed","template":"","meta":{"_kadence_starter_templates_imported_post":false,"_kad_post_transparent":"","_kad_post_title":"","_kad_post_layout":"","_kad_post_sidebar_id":"","_kad_post_content_style":"","_kad_post_vertical_padding":"","_kad_post_feature":"","_kad_post_feature_position":"","_kad_post_header":false,"_kad_post_footer":false,"footnotes":""},"class_list":["post-64","page","type-page","status-publish","hentry"],"yoast_head":"<!-- This site is optimized with the Yoast SEO plugin v26.2 - https:\/\/yoast.com\/wordpress\/plugins\/seo\/ -->\n<title>III. Spiritu\u00e1lis Kiberpszich\u00f3zis - Kalandorok T\u00e1rsas\u00e1ga<\/title>\n<meta name=\"robots\" content=\"index, follow, max-snippet:-1, max-image-preview:large, max-video-preview:-1\" \/>\n<link rel=\"canonical\" href=\"https:\/\/kalandoroktarsasaga.hu\/index.php\/rendezvenyeink\/iii-spiritualis-kiberpszichozis\/\" \/>\n<meta property=\"og:locale\" content=\"hu_HU\" \/>\n<meta property=\"og:type\" content=\"article\" \/>\n<meta property=\"og:title\" content=\"III. Spiritu\u00e1lis Kiberpszich\u00f3zis - Kalandorok T\u00e1rsas\u00e1ga\" \/>\n<meta property=\"og:description\" content=\"T\u00e1rsas\u00e1gunk harmadik rendezv\u00e9ny\u00e9nek t\u00e9m\u00e1ja a technol\u00f3gia \u00e9s m\u00e1gia. Rendszerek \u00e9s st\u00edlus tekintet\u00e9ben lesz itt Cyberpunk, Shadowrun, Star Trek, Paranoia \u00e9s m\u00e9g sok m\u00e1s t\u00e9m\u00e1ba v\u00e1g\u00f3 t\u00f6rt\u00e9net. Valamint a klasszikus rendszerek is k\u00e9pviseltetik magukat, mint a Kard \u00e9s M\u00e1gia, Vampire, D&amp;D 5. Id\u0151pont: 2015.04.25 Helysz\u00edn: Zugl\u00f3i Ifj\u00fas\u00e1gi Centrum, melynek b\u00e9rl\u00e9s\u00e9ben ism\u00e9t seg\u00edts\u00e9get kaptunk az Ostromj\u00e1t\u00e9k Hagyom\u00e1ny\u0151rz\u0151...\" \/>\n<meta property=\"og:url\" content=\"https:\/\/kalandoroktarsasaga.hu\/index.php\/rendezvenyeink\/iii-spiritualis-kiberpszichozis\/\" \/>\n<meta property=\"og:site_name\" content=\"Kalandorok T\u00e1rsas\u00e1ga\" \/>\n<meta property=\"article:modified_time\" content=\"2023-09-22T16:43:01+00:00\" \/>\n<meta property=\"og:image\" content=\"https:\/\/kalandoroktarsasaga.hu\/wp-content\/uploads\/2023\/09\/image.png\" \/>\n<meta name=\"twitter:card\" content=\"summary_large_image\" \/>\n<meta name=\"twitter:label1\" content=\"Becs\u00fclt olvas\u00e1si id\u0151\" \/>\n\t<meta name=\"twitter:data1\" content=\"4 perc\" \/>\n<script type=\"application\/ld+json\" class=\"yoast-schema-graph\">{\"@context\":\"https:\/\/schema.org\",\"@graph\":[{\"@type\":\"WebPage\",\"@id\":\"https:\/\/kalandoroktarsasaga.hu\/index.php\/rendezvenyeink\/iii-spiritualis-kiberpszichozis\/\",\"url\":\"https:\/\/kalandoroktarsasaga.hu\/index.php\/rendezvenyeink\/iii-spiritualis-kiberpszichozis\/\",\"name\":\"III. Spiritu\u00e1lis Kiberpszich\u00f3zis - Kalandorok T\u00e1rsas\u00e1ga\",\"isPartOf\":{\"@id\":\"https:\/\/kalandoroktarsasaga.hu\/#website\"},\"primaryImageOfPage\":{\"@id\":\"https:\/\/kalandoroktarsasaga.hu\/index.php\/rendezvenyeink\/iii-spiritualis-kiberpszichozis\/#primaryimage\"},\"image\":{\"@id\":\"https:\/\/kalandoroktarsasaga.hu\/index.php\/rendezvenyeink\/iii-spiritualis-kiberpszichozis\/#primaryimage\"},\"thumbnailUrl\":\"https:\/\/kalandoroktarsasaga.hu\/wp-content\/uploads\/2023\/09\/image.png\",\"datePublished\":\"2023-09-22T13:07:08+00:00\",\"dateModified\":\"2023-09-22T16:43:01+00:00\",\"breadcrumb\":{\"@id\":\"https:\/\/kalandoroktarsasaga.hu\/index.php\/rendezvenyeink\/iii-spiritualis-kiberpszichozis\/#breadcrumb\"},\"inLanguage\":\"hu\",\"potentialAction\":[{\"@type\":\"ReadAction\",\"target\":[\"https:\/\/kalandoroktarsasaga.hu\/index.php\/rendezvenyeink\/iii-spiritualis-kiberpszichozis\/\"]}]},{\"@type\":\"ImageObject\",\"inLanguage\":\"hu\",\"@id\":\"https:\/\/kalandoroktarsasaga.hu\/index.php\/rendezvenyeink\/iii-spiritualis-kiberpszichozis\/#primaryimage\",\"url\":\"https:\/\/kalandoroktarsasaga.hu\/wp-content\/uploads\/2023\/09\/image.png\",\"contentUrl\":\"https:\/\/kalandoroktarsasaga.hu\/wp-content\/uploads\/2023\/09\/image.png\",\"width\":816,\"height\":437},{\"@type\":\"BreadcrumbList\",\"@id\":\"https:\/\/kalandoroktarsasaga.hu\/index.php\/rendezvenyeink\/iii-spiritualis-kiberpszichozis\/#breadcrumb\",\"itemListElement\":[{\"@type\":\"ListItem\",\"position\":1,\"name\":\"Kezd\u0151lap\",\"item\":\"https:\/\/kalandoroktarsasaga.hu\/\"},{\"@type\":\"ListItem\",\"position\":2,\"name\":\"Rendezv\u00e9nyeink\",\"item\":\"https:\/\/kalandoroktarsasaga.hu\/index.php\/rendezvenyeink\/\"},{\"@type\":\"ListItem\",\"position\":3,\"name\":\"III. Spiritu\u00e1lis Kiberpszich\u00f3zis\"}]},{\"@type\":\"WebSite\",\"@id\":\"https:\/\/kalandoroktarsasaga.hu\/#website\",\"url\":\"https:\/\/kalandoroktarsasaga.hu\/\",\"name\":\"Kalandorok T\u00e1rsas\u00e1ga\",\"description\":\"Szerepj\u00e1t\u00e9kos rendezv\u00e9nyeket szervez\u00fcnk - veletek, nektek\",\"publisher\":{\"@id\":\"https:\/\/kalandoroktarsasaga.hu\/#organization\"},\"potentialAction\":[{\"@type\":\"SearchAction\",\"target\":{\"@type\":\"EntryPoint\",\"urlTemplate\":\"https:\/\/kalandoroktarsasaga.hu\/?s={search_term_string}\"},\"query-input\":{\"@type\":\"PropertyValueSpecification\",\"valueRequired\":true,\"valueName\":\"search_term_string\"}}],\"inLanguage\":\"hu\"},{\"@type\":\"Organization\",\"@id\":\"https:\/\/kalandoroktarsasaga.hu\/#organization\",\"name\":\"Kalandorok T\u00e1rsas\u00e1ga\",\"url\":\"https:\/\/kalandoroktarsasaga.hu\/\",\"logo\":{\"@type\":\"ImageObject\",\"inLanguage\":\"hu\",\"@id\":\"https:\/\/kalandoroktarsasaga.hu\/#\/schema\/logo\/image\/\",\"url\":\"https:\/\/kalandoroktarsasaga.hu\/wp-content\/uploads\/2023\/08\/cropped-Logo-1.png\",\"contentUrl\":\"https:\/\/kalandoroktarsasaga.hu\/wp-content\/uploads\/2023\/08\/cropped-Logo-1.png\",\"width\":599,\"height\":832,\"caption\":\"Kalandorok T\u00e1rsas\u00e1ga\"},\"image\":{\"@id\":\"https:\/\/kalandoroktarsasaga.hu\/#\/schema\/logo\/image\/\"}}]}<\/script>\n<!-- \/ Yoast SEO plugin. -->","yoast_head_json":{"title":"III. Spiritu\u00e1lis Kiberpszich\u00f3zis - Kalandorok T\u00e1rsas\u00e1ga","robots":{"index":"index","follow":"follow","max-snippet":"max-snippet:-1","max-image-preview":"max-image-preview:large","max-video-preview":"max-video-preview:-1"},"canonical":"https:\/\/kalandoroktarsasaga.hu\/index.php\/rendezvenyeink\/iii-spiritualis-kiberpszichozis\/","og_locale":"hu_HU","og_type":"article","og_title":"III. Spiritu\u00e1lis Kiberpszich\u00f3zis - Kalandorok T\u00e1rsas\u00e1ga","og_description":"T\u00e1rsas\u00e1gunk harmadik rendezv\u00e9ny\u00e9nek t\u00e9m\u00e1ja a technol\u00f3gia \u00e9s m\u00e1gia. Rendszerek \u00e9s st\u00edlus tekintet\u00e9ben lesz itt Cyberpunk, Shadowrun, Star Trek, Paranoia \u00e9s m\u00e9g sok m\u00e1s t\u00e9m\u00e1ba v\u00e1g\u00f3 t\u00f6rt\u00e9net. Valamint a klasszikus rendszerek is k\u00e9pviseltetik magukat, mint a Kard \u00e9s M\u00e1gia, Vampire, D&amp;D 5. Id\u0151pont: 2015.04.25 Helysz\u00edn: Zugl\u00f3i Ifj\u00fas\u00e1gi Centrum, melynek b\u00e9rl\u00e9s\u00e9ben ism\u00e9t seg\u00edts\u00e9get kaptunk az Ostromj\u00e1t\u00e9k Hagyom\u00e1ny\u0151rz\u0151...","og_url":"https:\/\/kalandoroktarsasaga.hu\/index.php\/rendezvenyeink\/iii-spiritualis-kiberpszichozis\/","og_site_name":"Kalandorok T\u00e1rsas\u00e1ga","article_modified_time":"2023-09-22T16:43:01+00:00","og_image":[{"url":"https:\/\/kalandoroktarsasaga.hu\/wp-content\/uploads\/2023\/09\/image.png","type":"","width":"","height":""}],"twitter_card":"summary_large_image","twitter_misc":{"Becs\u00fclt olvas\u00e1si id\u0151":"4 perc"},"schema":{"@context":"https:\/\/schema.org","@graph":[{"@type":"WebPage","@id":"https:\/\/kalandoroktarsasaga.hu\/index.php\/rendezvenyeink\/iii-spiritualis-kiberpszichozis\/","url":"https:\/\/kalandoroktarsasaga.hu\/index.php\/rendezvenyeink\/iii-spiritualis-kiberpszichozis\/","name":"III. Spiritu\u00e1lis Kiberpszich\u00f3zis - Kalandorok T\u00e1rsas\u00e1ga","isPartOf":{"@id":"https:\/\/kalandoroktarsasaga.hu\/#website"},"primaryImageOfPage":{"@id":"https:\/\/kalandoroktarsasaga.hu\/index.php\/rendezvenyeink\/iii-spiritualis-kiberpszichozis\/#primaryimage"},"image":{"@id":"https:\/\/kalandoroktarsasaga.hu\/index.php\/rendezvenyeink\/iii-spiritualis-kiberpszichozis\/#primaryimage"},"thumbnailUrl":"https:\/\/kalandoroktarsasaga.hu\/wp-content\/uploads\/2023\/09\/image.png","datePublished":"2023-09-22T13:07:08+00:00","dateModified":"2023-09-22T16:43:01+00:00","breadcrumb":{"@id":"https:\/\/kalandoroktarsasaga.hu\/index.php\/rendezvenyeink\/iii-spiritualis-kiberpszichozis\/#breadcrumb"},"inLanguage":"hu","potentialAction":[{"@type":"ReadAction","target":["https:\/\/kalandoroktarsasaga.hu\/index.php\/rendezvenyeink\/iii-spiritualis-kiberpszichozis\/"]}]},{"@type":"ImageObject","inLanguage":"hu","@id":"https:\/\/kalandoroktarsasaga.hu\/index.php\/rendezvenyeink\/iii-spiritualis-kiberpszichozis\/#primaryimage","url":"https:\/\/kalandoroktarsasaga.hu\/wp-content\/uploads\/2023\/09\/image.png","contentUrl":"https:\/\/kalandoroktarsasaga.hu\/wp-content\/uploads\/2023\/09\/image.png","width":816,"height":437},{"@type":"BreadcrumbList","@id":"https:\/\/kalandoroktarsasaga.hu\/index.php\/rendezvenyeink\/iii-spiritualis-kiberpszichozis\/#breadcrumb","itemListElement":[{"@type":"ListItem","position":1,"name":"Kezd\u0151lap","item":"https:\/\/kalandoroktarsasaga.hu\/"},{"@type":"ListItem","position":2,"name":"Rendezv\u00e9nyeink","item":"https:\/\/kalandoroktarsasaga.hu\/index.php\/rendezvenyeink\/"},{"@type":"ListItem","position":3,"name":"III. Spiritu\u00e1lis Kiberpszich\u00f3zis"}]},{"@type":"WebSite","@id":"https:\/\/kalandoroktarsasaga.hu\/#website","url":"https:\/\/kalandoroktarsasaga.hu\/","name":"Kalandorok T\u00e1rsas\u00e1ga","description":"Szerepj\u00e1t\u00e9kos rendezv\u00e9nyeket szervez\u00fcnk - veletek, nektek","publisher":{"@id":"https:\/\/kalandoroktarsasaga.hu\/#organization"},"potentialAction":[{"@type":"SearchAction","target":{"@type":"EntryPoint","urlTemplate":"https:\/\/kalandoroktarsasaga.hu\/?s={search_term_string}"},"query-input":{"@type":"PropertyValueSpecification","valueRequired":true,"valueName":"search_term_string"}}],"inLanguage":"hu"},{"@type":"Organization","@id":"https:\/\/kalandoroktarsasaga.hu\/#organization","name":"Kalandorok T\u00e1rsas\u00e1ga","url":"https:\/\/kalandoroktarsasaga.hu\/","logo":{"@type":"ImageObject","inLanguage":"hu","@id":"https:\/\/kalandoroktarsasaga.hu\/#\/schema\/logo\/image\/","url":"https:\/\/kalandoroktarsasaga.hu\/wp-content\/uploads\/2023\/08\/cropped-Logo-1.png","contentUrl":"https:\/\/kalandoroktarsasaga.hu\/wp-content\/uploads\/2023\/08\/cropped-Logo-1.png","width":599,"height":832,"caption":"Kalandorok T\u00e1rsas\u00e1ga"},"image":{"@id":"https:\/\/kalandoroktarsasaga.hu\/#\/schema\/logo\/image\/"}}]}},"_links":{"self":[{"href":"https:\/\/kalandoroktarsasaga.hu\/index.php\/wp-json\/wp\/v2\/pages\/64","targetHints":{"allow":["GET"]}}],"collection":[{"href":"https:\/\/kalandoroktarsasaga.hu\/index.php\/wp-json\/wp\/v2\/pages"}],"about":[{"href":"https:\/\/kalandoroktarsasaga.hu\/index.php\/wp-json\/wp\/v2\/types\/page"}],"author":[{"embeddable":true,"href":"https:\/\/kalandoroktarsasaga.hu\/index.php\/wp-json\/wp\/v2\/users\/1"}],"replies":[{"embeddable":true,"href":"https:\/\/kalandoroktarsasaga.hu\/index.php\/wp-json\/wp\/v2\/comments?post=64"}],"version-history":[{"count":3,"href":"https:\/\/kalandoroktarsasaga.hu\/index.php\/wp-json\/wp\/v2\/pages\/64\/revisions"}],"predecessor-version":[{"id":70,"href":"https:\/\/kalandoroktarsasaga.hu\/index.php\/wp-json\/wp\/v2\/pages\/64\/revisions\/70"}],"up":[{"embeddable":true,"href":"https:\/\/kalandoroktarsasaga.hu\/index.php\/wp-json\/wp\/v2\/pages\/506"}],"wp:attachment":[{"href":"https:\/\/kalandoroktarsasaga.hu\/index.php\/wp-json\/wp\/v2\/media?parent=64"}],"curies":[{"name":"wp","href":"https:\/\/api.w.org\/{rel}","templated":true}]}}