{"id":68,"date":"2023-09-22T15:07:32","date_gmt":"2023-09-22T13:07:32","guid":{"rendered":"https:\/\/kalandoroktarsasaga.hu\/?page_id=68"},"modified":"2023-09-22T18:43:05","modified_gmt":"2023-09-22T16:43:05","slug":"iv-dd-akkor-es-most","status":"publish","type":"page","link":"https:\/\/kalandoroktarsasaga.hu\/index.php\/rendezvenyeink\/iv-dd-akkor-es-most\/","title":{"rendered":"IV. D&#038;D akkor \u00e9s most"},"content":{"rendered":"<div class=\"wp-block-image\">\n<figure class=\"aligncenter size-full\"><img loading=\"lazy\" decoding=\"async\" width=\"634\" height=\"386\" src=\"https:\/\/kalandoroktarsasaga.hu\/wp-content\/uploads\/2023\/09\/image-1.png\" alt=\"\" class=\"wp-image-71\" srcset=\"https:\/\/kalandoroktarsasaga.hu\/wp-content\/uploads\/2023\/09\/image-1.png 634w, https:\/\/kalandoroktarsasaga.hu\/wp-content\/uploads\/2023\/09\/image-1-300x183.png 300w\" sizes=\"auto, (max-width: 634px) 100vw, 634px\" \/><\/figure>\n<\/div>\n\n\n<p>B\u00e1tor kalandoz\u00f3kat keres\u00fcnk kik vel\u00fcnk tartan\u00e1nak egy csod\u00e1latos \u00e9s egyed\u00fcl\u00e1ll\u00f3 utaz\u00e1sra, egy utaz\u00e1sra, amely 1974-ben indul \u00e9s eg\u00e9szen napjainkig tart. Felid\u00e9zn\u00e9d a r\u00e9gi szerepj\u00e1t\u00e9kos \u00e9lm\u00e9nyeket, nosztalgi\u00e1zn\u00e1l?<strong>&nbsp;Itt a helyed!&nbsp;<\/strong>A modern rendszereket kedveled ink\u00e1bb?&nbsp;<strong>Itt a helyed!&nbsp;<\/strong>Esetleg neh\u00e9z v\u00e1lasztani? Lesz m\u00f3dod kipr\u00f3b\u00e1lni mindkett\u0151t,&nbsp;\u00e9s megn\u00e9zni honnan-hov\u00e1 jutott a Dungeons &amp; Dragons szerepj\u00e1t\u00e9k.<br>\u2026\u00e9s Te, kit nem ny\u0171g\u00f6z\u00f6tt le a Dungeons &amp; Dragons szerepj\u00e1t\u00e9k: Ne agg\u00f3dj mert R\u00e1d is gondoltunk, \u00e9s a palett\u00e1t m\u00e1s rendszerekkel is tov\u00e1bb sz\u00ednes\u00edtett\u00fck.&nbsp;<strong>Sz\u00f3val Neked is itt a helyed!<\/strong><\/p>\n\n\n\n<p>T\u00e1rsas\u00e1gunk negyedik rendezv\u00e9ny\u00e9nek t\u00e9m\u00e1ja a Dungeons&amp;Dragons. Igyeksz\u00fcnk felvonultatni az eg\u00e9sz palett\u00e1t az OD&amp;D-t\u0151l eg\u00e9szen az \u00f6t\u00f6dik kiad\u00e1sig. Ahogy megszokhatt\u00e1tok ism\u00e9t lesznek egyedi rendszerek azoknak, akik a k\u00fcl\u00f6nlegess\u00e9geket kedvelik.<\/p>\n\n\n\n<p><strong>Id\u0151pont<\/strong>: 2016.02.06<\/p>\n\n\n\n<p><strong>Helysz\u00edn<\/strong>: Zugl\u00f3i Ifj\u00fas\u00e1gi Centrum, melynek b\u00e9rl\u00e9s\u00e9ben ism\u00e9t seg\u00edts\u00e9get kaptunk az <a href=\"http:\/\/larp.ostromjatek.hu\/jatekleirasok\/\">Ostromj\u00e1t\u00e9k Hagyom\u00e1ny\u0151rz\u0151 Egyes\u00fclet<\/a>t\u0151l.<\/p>\n\n\n\n<p><strong>C\u00edm: <\/strong>1145 Budapest, Uzsoki utca 57. Tet\u0151t\u00e9r (bej\u00e1rat a Kassai t\u00e9r fel\u0151l)<\/p>\n\n\n\n<p align=\"center\"><iframe src=\"https:\/\/www.google.com\/maps\/embed?pb=!1m14!1m8!1m3!1d10777.32063363106!2d19.0972447!3d47.5224349!3m2!1i1024!2i768!4f13.1!3m3!1m2!1s0x4741db9d587a07cd%3A0x360bf4dc9ae28bdb!2zWnVnbMOzaSBJZmrDunPDoWdpIENlbnRydW0!5e0!3m2!1shu!2shu!4v1691315503480!5m2!1shu!2shu\" width=\"600\" height=\"450\" style=\"border:0;\" allowfullscreen=\"\" loading=\"lazy\" referrerpolicy=\"no-referrer-when-downgrade\"><\/iframe><\/p>\n\n\n\n<p><strong>R\u00e9szv\u00e9teli d\u00edj<\/strong>: 1500 Ft\/f\u0151, amely utal\u00e1ssal fizetend\u0151. Megjegyz\u00e9sbe k\u00e9rj\u00fck \u00edrd be a nicked \u00e9s a neved (ha nem saj\u00e1t n\u00e9v al\u00f3l utalsz).<\/p>\n\n\n\n<p><strong>FONTOS!<\/strong>&nbsp;K\u00e9rj\u00fck, hogy&nbsp;a&nbsp;jelentkez\u00e9s elk\u00fcld\u00e9se&nbsp;ut\u00e1n min\u00e9l hamarabb utald el&nbsp;a r\u00e9szv\u00e9teli&nbsp;d\u00edjat is (lehet\u0151s\u00e9g szerint m\u00e9g aznap). A jelentkez\u00e9st egy h\u00e9t ut\u00e1n t\u00f6r\u00f6lj\u00fck, ha a r\u00e9szv\u00e9teli&nbsp;d\u00edj nem \u00e9rkezik meg.<\/p>\n\n\n\n<p><strong>\u00c9tel-ital<\/strong><br>A rendezv\u00e9ny helysz\u00edn\u00e9re \u00e9tel \u00e9s ital szabadon behozhat\u00f3. Bolt \u00f6t-t\u00edz perc t\u00e1vols\u00e1gra van, instant k\u00e1v\u00e9t becs\u00fcletkassz\u00e1s alapon biztos\u00edtunk. Ha szeretn\u00e9l eb\u00e9det rendelni, seg\u00edt\u00fcnk! \u00c9rkez\u00e9skor leadhatod a szervez\u0151kn\u00e9l a&nbsp;<a href=\"https:\/betyarpizza.hu\/\" target=\"_blank\" rel=\"noreferrer noopener\"><strong>Bety\u00e1r pizz\u00e9ria<\/strong><\/a>&nbsp;helysz\u00ednen is megtal\u00e1lhat\u00f3 \u00e9tlapja alapj\u00e1n a rendel\u00e9sed (\u00e9s persze az \u00e1r\u00e1t), a t\u00f6bbit elint\u00e9zz\u00fck; a megrendel\u00e9seket egyszerre sz\u00e1ll\u00edttatjuk majd ki, eb\u00e9did\u0151ben. A rendel\u00e9seket \u00e9s az \u00f6sszegeket asztalonk\u00e9nt fogjuk begy\u0171jteni, \u00edgy k\u00e9r\u00fcnk mindenkit, hogy aki szeretne rendelni, gondoskodjon arr\u00f3l, hogy a pontos \u00f6sszeget tudja kifizetni, nem lesz m\u00f3dunk p\u00e9nzv\u00e1lt\u00e1sra.<\/p>\n\n\n\n<p><strong>Program:<\/strong><br>8:00-8:45 Nyit\u00e1s \u00e9s gy\u00fclekez\u0151<br>9:00-13:30 D\u00e9lel\u0151tti mes\u00e9k<br>13:30-14:30 Eb\u00e9dsz\u00fcnet<br>14:30-19:00 D\u00e9lut\u00e1ni mes\u00e9k<br>19:30-20:00 Rendezv\u00e9nyz\u00e1r\u00f3, tombola<\/p>\n\n\n\n<hr class=\"wp-block-separator has-alpha-channel-opacity\"\/>\n\n\n\n<p><strong>Kalandok<\/strong><br>Mes\u00e9l\u0151: <em>Mese c\u00edme<\/em> &#8211; Rendszer [\u00d6ssz\/foglalt hely]<\/p>\n\n\n\n<p>Eg\u00e9sz napos kalandok (9:00-19:30):<br>\u2022 Doc: Nyomoz\u00e1s Shaz\u00e1arban \u2013 D&amp;D 5e<\/p>\n\n\n\n<p>D\u00e9lel\u0151tti kalandok (9:00-13:30):<br>\u2022 Feri: A Hal\u00e1l Labirintusa \u2013 D&amp;D 5e<br>\u2022 Tyr: A Bossz\u00fa S\u00e1rk\u00e1nyai \u2013 BECMI D&amp;D<br>\u2022 Narmor: Blaustein kast\u00e9lya \u2013 K\u00e9K 2e<br>\u2022 Urban: \u0150sD&amp;D mes\u00e9l\u0151teli m\u00f3don \u2013 White books<br>\u2022 Dor: Yuuhr Z\u00f6ld f\u00e9nye \u2013 D&amp;D 3e<br>\u2022 M_Ferenc: Vessz\u0151fut\u00e1s! \u2013 Ad&amp;D 1e<br>\u2022 gothpunk: Kaland a h\u00e1g\u00f3n\u00e1l \u2013 D&amp;D 5e<br>\u2022 Ano: A rem\u00e9ny s\u00edrja \u2013 Pathfinder<\/p>\n\n\n\n<p>D\u00e9lut\u00e1ni kalandok (14:30-19:00):<br>\u2022 elGabor: A B\u00e9k\u00e1k Kolostora \u2013 K\u00e9M<br>\u2022 Ravenheart: Z\u00f6ld pokol \u2013 Od&amp;d<br>\u2022 Glowface: Gyilkoss\u00e1g a S\u00e1rk\u00e1nyszem Akad\u00e9mi\u00e1n \u2013 D&amp;D 5e<br>\u2022 Seya: Mr.Taylor titka \u2013 Little Fears<br>\u2022 Zagor: Khyber\u2019s Harvest \u2013 D&amp;D 4e<br>\u2022 Chomy: A S\u00f6t\u00e9t Hajsza legend\u00e1ja \u2013 Ad&amp;d 2e<br>\u2022 Premier: V\u00f6r\u00f6s Visszhang \u2013 White Lies<br>\u2022 Epi: Meng \u0150rz\u0151i \u2013 D&amp;D 5e<\/p>\n","protected":false},"excerpt":{"rendered":"<p>B\u00e1tor kalandoz\u00f3kat keres\u00fcnk kik vel\u00fcnk tartan\u00e1nak egy csod\u00e1latos \u00e9s egyed\u00fcl\u00e1ll\u00f3 utaz\u00e1sra, egy utaz\u00e1sra, amely 1974-ben indul \u00e9s eg\u00e9szen napjainkig tart. Felid\u00e9zn\u00e9d a r\u00e9gi szerepj\u00e1t\u00e9kos \u00e9lm\u00e9nyeket, nosztalgi\u00e1zn\u00e1l?&nbsp;Itt a helyed!&nbsp;A modern rendszereket kedveled ink\u00e1bb?&nbsp;Itt a helyed!&nbsp;Esetleg neh\u00e9z v\u00e1lasztani? Lesz m\u00f3dod kipr\u00f3b\u00e1lni mindkett\u0151t,&nbsp;\u00e9s megn\u00e9zni honnan-hov\u00e1 jutott a Dungeons &amp; Dragons szerepj\u00e1t\u00e9k.\u2026\u00e9s Te, kit nem ny\u0171g\u00f6z\u00f6tt le a Dungeons&#8230;<\/p>\n","protected":false},"author":1,"featured_media":0,"parent":506,"menu_order":4,"comment_status":"closed","ping_status":"closed","template":"","meta":{"_kadence_starter_templates_imported_post":false,"_kad_post_transparent":"","_kad_post_title":"","_kad_post_layout":"","_kad_post_sidebar_id":"","_kad_post_content_style":"","_kad_post_vertical_padding":"","_kad_post_feature":"","_kad_post_feature_position":"","_kad_post_header":false,"_kad_post_footer":false,"footnotes":""},"class_list":["post-68","page","type-page","status-publish","hentry"],"yoast_head":"<!-- This site is optimized with the Yoast SEO plugin v26.2 - https:\/\/yoast.com\/wordpress\/plugins\/seo\/ -->\n<title>IV. D&amp;D akkor \u00e9s most - Kalandorok T\u00e1rsas\u00e1ga<\/title>\n<meta name=\"robots\" content=\"index, follow, max-snippet:-1, max-image-preview:large, max-video-preview:-1\" \/>\n<link rel=\"canonical\" href=\"https:\/\/kalandoroktarsasaga.hu\/index.php\/rendezvenyeink\/iv-dd-akkor-es-most\/\" \/>\n<meta property=\"og:locale\" content=\"hu_HU\" \/>\n<meta property=\"og:type\" content=\"article\" \/>\n<meta property=\"og:title\" content=\"IV. D&amp;D akkor \u00e9s most - Kalandorok T\u00e1rsas\u00e1ga\" \/>\n<meta property=\"og:description\" content=\"B\u00e1tor kalandoz\u00f3kat keres\u00fcnk kik vel\u00fcnk tartan\u00e1nak egy csod\u00e1latos \u00e9s egyed\u00fcl\u00e1ll\u00f3 utaz\u00e1sra, egy utaz\u00e1sra, amely 1974-ben indul \u00e9s eg\u00e9szen napjainkig tart. Felid\u00e9zn\u00e9d a r\u00e9gi szerepj\u00e1t\u00e9kos \u00e9lm\u00e9nyeket, nosztalgi\u00e1zn\u00e1l?&nbsp;Itt a helyed!&nbsp;A modern rendszereket kedveled ink\u00e1bb?&nbsp;Itt a helyed!&nbsp;Esetleg neh\u00e9z v\u00e1lasztani? Lesz m\u00f3dod kipr\u00f3b\u00e1lni mindkett\u0151t,&nbsp;\u00e9s megn\u00e9zni honnan-hov\u00e1 jutott a Dungeons &amp; Dragons szerepj\u00e1t\u00e9k.\u2026\u00e9s Te, kit nem ny\u0171g\u00f6z\u00f6tt le a Dungeons...\" \/>\n<meta property=\"og:url\" content=\"https:\/\/kalandoroktarsasaga.hu\/index.php\/rendezvenyeink\/iv-dd-akkor-es-most\/\" \/>\n<meta property=\"og:site_name\" content=\"Kalandorok T\u00e1rsas\u00e1ga\" \/>\n<meta property=\"article:modified_time\" content=\"2023-09-22T16:43:05+00:00\" \/>\n<meta property=\"og:image\" content=\"https:\/\/kalandoroktarsasaga.hu\/wp-content\/uploads\/2023\/09\/image-1.png\" \/>\n<meta name=\"twitter:card\" content=\"summary_large_image\" \/>\n<meta name=\"twitter:label1\" content=\"Becs\u00fclt olvas\u00e1si id\u0151\" \/>\n\t<meta name=\"twitter:data1\" content=\"3 perc\" \/>\n<script type=\"application\/ld+json\" class=\"yoast-schema-graph\">{\"@context\":\"https:\/\/schema.org\",\"@graph\":[{\"@type\":\"WebPage\",\"@id\":\"https:\/\/kalandoroktarsasaga.hu\/index.php\/rendezvenyeink\/iv-dd-akkor-es-most\/\",\"url\":\"https:\/\/kalandoroktarsasaga.hu\/index.php\/rendezvenyeink\/iv-dd-akkor-es-most\/\",\"name\":\"IV. D&D akkor \u00e9s most - Kalandorok T\u00e1rsas\u00e1ga\",\"isPartOf\":{\"@id\":\"https:\/\/kalandoroktarsasaga.hu\/#website\"},\"primaryImageOfPage\":{\"@id\":\"https:\/\/kalandoroktarsasaga.hu\/index.php\/rendezvenyeink\/iv-dd-akkor-es-most\/#primaryimage\"},\"image\":{\"@id\":\"https:\/\/kalandoroktarsasaga.hu\/index.php\/rendezvenyeink\/iv-dd-akkor-es-most\/#primaryimage\"},\"thumbnailUrl\":\"https:\/\/kalandoroktarsasaga.hu\/wp-content\/uploads\/2023\/09\/image-1.png\",\"datePublished\":\"2023-09-22T13:07:32+00:00\",\"dateModified\":\"2023-09-22T16:43:05+00:00\",\"breadcrumb\":{\"@id\":\"https:\/\/kalandoroktarsasaga.hu\/index.php\/rendezvenyeink\/iv-dd-akkor-es-most\/#breadcrumb\"},\"inLanguage\":\"hu\",\"potentialAction\":[{\"@type\":\"ReadAction\",\"target\":[\"https:\/\/kalandoroktarsasaga.hu\/index.php\/rendezvenyeink\/iv-dd-akkor-es-most\/\"]}]},{\"@type\":\"ImageObject\",\"inLanguage\":\"hu\",\"@id\":\"https:\/\/kalandoroktarsasaga.hu\/index.php\/rendezvenyeink\/iv-dd-akkor-es-most\/#primaryimage\",\"url\":\"https:\/\/kalandoroktarsasaga.hu\/wp-content\/uploads\/2023\/09\/image-1.png\",\"contentUrl\":\"https:\/\/kalandoroktarsasaga.hu\/wp-content\/uploads\/2023\/09\/image-1.png\",\"width\":634,\"height\":386},{\"@type\":\"BreadcrumbList\",\"@id\":\"https:\/\/kalandoroktarsasaga.hu\/index.php\/rendezvenyeink\/iv-dd-akkor-es-most\/#breadcrumb\",\"itemListElement\":[{\"@type\":\"ListItem\",\"position\":1,\"name\":\"Kezd\u0151lap\",\"item\":\"https:\/\/kalandoroktarsasaga.hu\/\"},{\"@type\":\"ListItem\",\"position\":2,\"name\":\"Rendezv\u00e9nyeink\",\"item\":\"https:\/\/kalandoroktarsasaga.hu\/index.php\/rendezvenyeink\/\"},{\"@type\":\"ListItem\",\"position\":3,\"name\":\"IV. D&#038;D akkor \u00e9s most\"}]},{\"@type\":\"WebSite\",\"@id\":\"https:\/\/kalandoroktarsasaga.hu\/#website\",\"url\":\"https:\/\/kalandoroktarsasaga.hu\/\",\"name\":\"Kalandorok T\u00e1rsas\u00e1ga\",\"description\":\"Szerepj\u00e1t\u00e9kos rendezv\u00e9nyeket szervez\u00fcnk - veletek, nektek\",\"publisher\":{\"@id\":\"https:\/\/kalandoroktarsasaga.hu\/#organization\"},\"potentialAction\":[{\"@type\":\"SearchAction\",\"target\":{\"@type\":\"EntryPoint\",\"urlTemplate\":\"https:\/\/kalandoroktarsasaga.hu\/?s={search_term_string}\"},\"query-input\":{\"@type\":\"PropertyValueSpecification\",\"valueRequired\":true,\"valueName\":\"search_term_string\"}}],\"inLanguage\":\"hu\"},{\"@type\":\"Organization\",\"@id\":\"https:\/\/kalandoroktarsasaga.hu\/#organization\",\"name\":\"Kalandorok T\u00e1rsas\u00e1ga\",\"url\":\"https:\/\/kalandoroktarsasaga.hu\/\",\"logo\":{\"@type\":\"ImageObject\",\"inLanguage\":\"hu\",\"@id\":\"https:\/\/kalandoroktarsasaga.hu\/#\/schema\/logo\/image\/\",\"url\":\"https:\/\/kalandoroktarsasaga.hu\/wp-content\/uploads\/2023\/08\/cropped-Logo-1.png\",\"contentUrl\":\"https:\/\/kalandoroktarsasaga.hu\/wp-content\/uploads\/2023\/08\/cropped-Logo-1.png\",\"width\":599,\"height\":832,\"caption\":\"Kalandorok T\u00e1rsas\u00e1ga\"},\"image\":{\"@id\":\"https:\/\/kalandoroktarsasaga.hu\/#\/schema\/logo\/image\/\"}}]}<\/script>\n<!-- \/ Yoast SEO plugin. -->","yoast_head_json":{"title":"IV. D&D akkor \u00e9s most - Kalandorok T\u00e1rsas\u00e1ga","robots":{"index":"index","follow":"follow","max-snippet":"max-snippet:-1","max-image-preview":"max-image-preview:large","max-video-preview":"max-video-preview:-1"},"canonical":"https:\/\/kalandoroktarsasaga.hu\/index.php\/rendezvenyeink\/iv-dd-akkor-es-most\/","og_locale":"hu_HU","og_type":"article","og_title":"IV. D&D akkor \u00e9s most - Kalandorok T\u00e1rsas\u00e1ga","og_description":"B\u00e1tor kalandoz\u00f3kat keres\u00fcnk kik vel\u00fcnk tartan\u00e1nak egy csod\u00e1latos \u00e9s egyed\u00fcl\u00e1ll\u00f3 utaz\u00e1sra, egy utaz\u00e1sra, amely 1974-ben indul \u00e9s eg\u00e9szen napjainkig tart. Felid\u00e9zn\u00e9d a r\u00e9gi szerepj\u00e1t\u00e9kos \u00e9lm\u00e9nyeket, nosztalgi\u00e1zn\u00e1l?&nbsp;Itt a helyed!&nbsp;A modern rendszereket kedveled ink\u00e1bb?&nbsp;Itt a helyed!&nbsp;Esetleg neh\u00e9z v\u00e1lasztani? Lesz m\u00f3dod kipr\u00f3b\u00e1lni mindkett\u0151t,&nbsp;\u00e9s megn\u00e9zni honnan-hov\u00e1 jutott a Dungeons &amp; Dragons szerepj\u00e1t\u00e9k.\u2026\u00e9s Te, kit nem ny\u0171g\u00f6z\u00f6tt le a Dungeons...","og_url":"https:\/\/kalandoroktarsasaga.hu\/index.php\/rendezvenyeink\/iv-dd-akkor-es-most\/","og_site_name":"Kalandorok T\u00e1rsas\u00e1ga","article_modified_time":"2023-09-22T16:43:05+00:00","og_image":[{"url":"https:\/\/kalandoroktarsasaga.hu\/wp-content\/uploads\/2023\/09\/image-1.png","type":"","width":"","height":""}],"twitter_card":"summary_large_image","twitter_misc":{"Becs\u00fclt olvas\u00e1si id\u0151":"3 perc"},"schema":{"@context":"https:\/\/schema.org","@graph":[{"@type":"WebPage","@id":"https:\/\/kalandoroktarsasaga.hu\/index.php\/rendezvenyeink\/iv-dd-akkor-es-most\/","url":"https:\/\/kalandoroktarsasaga.hu\/index.php\/rendezvenyeink\/iv-dd-akkor-es-most\/","name":"IV. D&D akkor \u00e9s most - Kalandorok T\u00e1rsas\u00e1ga","isPartOf":{"@id":"https:\/\/kalandoroktarsasaga.hu\/#website"},"primaryImageOfPage":{"@id":"https:\/\/kalandoroktarsasaga.hu\/index.php\/rendezvenyeink\/iv-dd-akkor-es-most\/#primaryimage"},"image":{"@id":"https:\/\/kalandoroktarsasaga.hu\/index.php\/rendezvenyeink\/iv-dd-akkor-es-most\/#primaryimage"},"thumbnailUrl":"https:\/\/kalandoroktarsasaga.hu\/wp-content\/uploads\/2023\/09\/image-1.png","datePublished":"2023-09-22T13:07:32+00:00","dateModified":"2023-09-22T16:43:05+00:00","breadcrumb":{"@id":"https:\/\/kalandoroktarsasaga.hu\/index.php\/rendezvenyeink\/iv-dd-akkor-es-most\/#breadcrumb"},"inLanguage":"hu","potentialAction":[{"@type":"ReadAction","target":["https:\/\/kalandoroktarsasaga.hu\/index.php\/rendezvenyeink\/iv-dd-akkor-es-most\/"]}]},{"@type":"ImageObject","inLanguage":"hu","@id":"https:\/\/kalandoroktarsasaga.hu\/index.php\/rendezvenyeink\/iv-dd-akkor-es-most\/#primaryimage","url":"https:\/\/kalandoroktarsasaga.hu\/wp-content\/uploads\/2023\/09\/image-1.png","contentUrl":"https:\/\/kalandoroktarsasaga.hu\/wp-content\/uploads\/2023\/09\/image-1.png","width":634,"height":386},{"@type":"BreadcrumbList","@id":"https:\/\/kalandoroktarsasaga.hu\/index.php\/rendezvenyeink\/iv-dd-akkor-es-most\/#breadcrumb","itemListElement":[{"@type":"ListItem","position":1,"name":"Kezd\u0151lap","item":"https:\/\/kalandoroktarsasaga.hu\/"},{"@type":"ListItem","position":2,"name":"Rendezv\u00e9nyeink","item":"https:\/\/kalandoroktarsasaga.hu\/index.php\/rendezvenyeink\/"},{"@type":"ListItem","position":3,"name":"IV. D&#038;D akkor \u00e9s most"}]},{"@type":"WebSite","@id":"https:\/\/kalandoroktarsasaga.hu\/#website","url":"https:\/\/kalandoroktarsasaga.hu\/","name":"Kalandorok T\u00e1rsas\u00e1ga","description":"Szerepj\u00e1t\u00e9kos rendezv\u00e9nyeket szervez\u00fcnk - veletek, nektek","publisher":{"@id":"https:\/\/kalandoroktarsasaga.hu\/#organization"},"potentialAction":[{"@type":"SearchAction","target":{"@type":"EntryPoint","urlTemplate":"https:\/\/kalandoroktarsasaga.hu\/?s={search_term_string}"},"query-input":{"@type":"PropertyValueSpecification","valueRequired":true,"valueName":"search_term_string"}}],"inLanguage":"hu"},{"@type":"Organization","@id":"https:\/\/kalandoroktarsasaga.hu\/#organization","name":"Kalandorok T\u00e1rsas\u00e1ga","url":"https:\/\/kalandoroktarsasaga.hu\/","logo":{"@type":"ImageObject","inLanguage":"hu","@id":"https:\/\/kalandoroktarsasaga.hu\/#\/schema\/logo\/image\/","url":"https:\/\/kalandoroktarsasaga.hu\/wp-content\/uploads\/2023\/08\/cropped-Logo-1.png","contentUrl":"https:\/\/kalandoroktarsasaga.hu\/wp-content\/uploads\/2023\/08\/cropped-Logo-1.png","width":599,"height":832,"caption":"Kalandorok T\u00e1rsas\u00e1ga"},"image":{"@id":"https:\/\/kalandoroktarsasaga.hu\/#\/schema\/logo\/image\/"}}]}},"_links":{"self":[{"href":"https:\/\/kalandoroktarsasaga.hu\/index.php\/wp-json\/wp\/v2\/pages\/68","targetHints":{"allow":["GET"]}}],"collection":[{"href":"https:\/\/kalandoroktarsasaga.hu\/index.php\/wp-json\/wp\/v2\/pages"}],"about":[{"href":"https:\/\/kalandoroktarsasaga.hu\/index.php\/wp-json\/wp\/v2\/types\/page"}],"author":[{"embeddable":true,"href":"https:\/\/kalandoroktarsasaga.hu\/index.php\/wp-json\/wp\/v2\/users\/1"}],"replies":[{"embeddable":true,"href":"https:\/\/kalandoroktarsasaga.hu\/index.php\/wp-json\/wp\/v2\/comments?post=68"}],"version-history":[{"count":2,"href":"https:\/\/kalandoroktarsasaga.hu\/index.php\/wp-json\/wp\/v2\/pages\/68\/revisions"}],"predecessor-version":[{"id":488,"href":"https:\/\/kalandoroktarsasaga.hu\/index.php\/wp-json\/wp\/v2\/pages\/68\/revisions\/488"}],"up":[{"embeddable":true,"href":"https:\/\/kalandoroktarsasaga.hu\/index.php\/wp-json\/wp\/v2\/pages\/506"}],"wp:attachment":[{"href":"https:\/\/kalandoroktarsasaga.hu\/index.php\/wp-json\/wp\/v2\/media?parent=68"}],"curies":[{"name":"wp","href":"https:\/\/api.w.org\/{rel}","templated":true}]}}