{"id":73,"date":"2023-09-22T15:09:37","date_gmt":"2023-09-22T13:09:37","guid":{"rendered":"https:\/\/kalandoroktarsasaga.hu\/?page_id=73"},"modified":"2023-09-22T18:43:20","modified_gmt":"2023-09-22T16:43:20","slug":"v-ezt-mar-lattam-valahol","status":"publish","type":"page","link":"https:\/\/kalandoroktarsasaga.hu\/index.php\/rendezvenyeink\/v-ezt-mar-lattam-valahol\/","title":{"rendered":"V. \u201e\u2026ezt m\u00e1r l\u00e1ttam valahol!\u201d"},"content":{"rendered":"<div class=\"wp-block-image\">\n<figure class=\"aligncenter size-full\"><img loading=\"lazy\" decoding=\"async\" width=\"460\" height=\"276\" src=\"https:\/\/kalandoroktarsasaga.hu\/wp-content\/uploads\/2023\/09\/image-2.png\" alt=\"\" class=\"wp-image-74\" srcset=\"https:\/\/kalandoroktarsasaga.hu\/wp-content\/uploads\/2023\/09\/image-2.png 460w, https:\/\/kalandoroktarsasaga.hu\/wp-content\/uploads\/2023\/09\/image-2-300x180.png 300w\" sizes=\"auto, (max-width: 460px) 100vw, 460px\" \/><\/figure>\n<\/div>\n\n\n<p> <\/p>\n\n\n\n<p>K\u00f6vetkez\u0151 tal\u00e1lkoz\u00f3nk tematikus blokkj\u00e1ban olyan zs\u00e1nermes\u00e9ket pr\u00f3b\u00e1lhatsz ki, amelyek pof\u00e1tlanul lopnak filmekb\u0151l, sz\u00e1m\u00edt\u00f3g\u00e9pes j\u00e1t\u00e9kokb\u00f3l, k\u00f6nyvekb\u0151l j\u00f3l felismerhet\u0151, klis\u00e9s toposzokat (\u00e9s esetleg teljesen kiford\u00edtj\u00e1k azokat magukb\u00f3l).<\/p>\n\n\n\n<p>Ne lep\u0151djetek meg, ha mes\u00e9inkben hal\u00e1los csapd\u00e1kkal v\u00e9dett azt\u00e9k romok m\u00e9ly\u00e9n kutakod\u00f3 r\u00e9g\u00e9szek, vil\u00e1gokat elfoglal\u00f3 \u0171rj\u00e1r\u00f3 nekrohadseregek nemezisei, es\u0151be \u00e9s cigarettaf\u00fcstbe burkol\u00f3z\u00f3 ki\u00e9gett nyomoz\u00f3k, vagy \u00e9pp degener\u00e1lt k\u00edgy\u00f3kultuszokon bossz\u00fat \u00e1ll\u00f3 f\u00e9lpuc\u00e9r barb\u00e1rok b\u0151r\u00e9ben tal\u00e1lj\u00e1tok magatokat! De az is lehet, hogy egy fenekest\u00fcl felforgatott milli\u0151ben, vagy \u00f6nmag\u00e1b\u00f3l kiforgatott vil\u00e1gban tal\u00e1lj\u00e1tok magatokat, ahol az \u00e1thall\u00e1s j\u00f3val kev\u00e9sb\u00e9 trivi\u00e1lis.<\/p>\n\n\n\n<p>A tematikus blokk mellett term\u00e9szetesen tov\u00e1bbra is k\u00edn\u00e1lunk majd gener\u00e1lisabb (vagy m\u00e1s m\u00f3don speci\u00e1lis) mes\u00e9ket, k\u00f6zkedvelt \u00e9s \u00ednyencs\u00e9gnek sz\u00e1m\u00edt\u00f3 szerepj\u00e1t\u00e9krendszereket is a Tisztelt Nagy\u00e9rdem\u0171 sz\u00e1m\u00e1ra \u2013 teh\u00e1t sz\u00e1modra.<\/p>\n\n\n\n<p><strong>I<\/strong><strong style=\"font-size: revert; color: var(--global-palette4);\">d\u0151pont<\/strong><span style=\"font-size: revert; color: var(--global-palette4);\">: 2016.10.01<\/span><\/p>\n\n\n<p><p><strong>Helysz\u00edn<\/strong>: Zugl\u00f3i Ifj\u00fas\u00e1gi Centrum, melynek b\u00e9rl\u00e9s\u00e9ben ism\u00e9t seg\u00edts\u00e9get kaptunk az <a href=\"http:\/\/larp.ostromjatek.hu\/jatekleirasok\/\">Ostromj\u00e1t\u00e9k Hagyom\u00e1ny\u0151rz\u0151 Egyes\u00fclet<\/a>t\u0151l.<span style=\"font-size: revert; color: var(--global-palette4);\"> <\/span><strong>C\u00edm: <\/strong>1145 Budapest, Uzsoki utca 57. Tet\u0151t\u00e9r (bej\u00e1rat a Kassai t\u00e9r fel\u0151l)<\/p>\n<p align=\"center\"><iframe src=\"https:\/\/www.google.com\/maps\/embed?pb=!1m14!1m8!1m3!1d10777.32063363106!2d19.0972447!3d47.5224349!3m2!1i1024!2i768!4f13.1!3m3!1m2!1s0x4741db9d587a07cd%3A0x360bf4dc9ae28bdb!2zWnVnbMOzaSBJZmrDunPDoWdpIENlbnRydW0!5e0!3m2!1shu!2shu!4v1691315503480!5m2!1shu!2shu\" width=\"600\" height=\"450\" allowfullscreen=\"\" loading=\"lazy\" referrerpolicy=\"no-referrer-when-downgrade\"><\/iframe><\/p>\n<p><strong>R\u00e9szv\u00e9teli d\u00edj<\/strong>: 1500 Ft\/f\u0151, amely utal\u00e1ssal fizetend\u0151. Megjegyz\u00e9sbe k\u00e9rj\u00fck \u00edrd be a nicked \u00e9s a neved (ha nem saj\u00e1t n\u00e9v al\u00f3l utalsz).<span style=\"font-size: revert; color: var(--global-palette4);\">   <\/span><strong>FONTOS!<\/strong>\u00a0K\u00e9rj\u00fck, hogy\u00a0a\u00a0jelentkez\u00e9s elk\u00fcld\u00e9se\u00a0ut\u00e1n min\u00e9l hamarabb utald el\u00a0a r\u00e9sz<\/p>\n<\/p>\n\n\n<p><strong>\u00c9tel-ital<\/strong><br>A rendezv\u00e9ny helysz\u00edn\u00e9re \u00e9tel \u00e9s ital szabadon behozhat\u00f3. Bolt \u00f6t-t\u00edz perc t\u00e1vols\u00e1gra van, instant k\u00e1v\u00e9t becs\u00fcletkassz\u00e1s alapon biztos\u00edtunk. Ha szeretn\u00e9l eb\u00e9det rendelni, seg\u00edt\u00fcnk! \u00c9rkez\u00e9skor leadhatod a szervez\u0151kn\u00e9l a&nbsp;<a href=\"https:\/betyarpizza.hu\/\" target=\"_blank\" rel=\"noreferrer noopener\"><strong>Bety\u00e1r pizz\u00e9ria<\/strong><\/a>&nbsp;helysz\u00ednen is megtal\u00e1lhat\u00f3 \u00e9tlapja alapj\u00e1n a rendel\u00e9sed (\u00e9s persze az \u00e1r\u00e1t), a t\u00f6bbit elint\u00e9zz\u00fck; a megrendel\u00e9seket egyszerre sz\u00e1ll\u00edttatjuk majd ki, eb\u00e9did\u0151ben. A rendel\u00e9seket \u00e9s az \u00f6sszegeket asztalonk\u00e9nt fogjuk begy\u0171jteni, \u00edgy k\u00e9r\u00fcnk mindenkit, hogy aki szeretne rendelni, gondoskodjon arr\u00f3l, hogy a pontos \u00f6sszeget tudja kifizetni, nem lesz m\u00f3dunk p\u00e9nzv\u00e1lt\u00e1sra.<\/p>\n\n\n\n<p><strong>Program:<\/strong><br>8:00-8:45 Nyit\u00e1s \u00e9s gy\u00fclekez\u0151<br>9:00-13:30 D\u00e9lel\u0151tti mes\u00e9k<br>13:30-14:30 Eb\u00e9dsz\u00fcnet<br>14:30-19:00 D\u00e9lut\u00e1ni mes\u00e9k<br>19:30-20:00 Rendezv\u00e9nyz\u00e1r\u00f3, tombola<\/p>\n\n\n\n<hr class=\"wp-block-separator has-alpha-channel-opacity\"\/>\n\n\n\n<p><strong>Kalandok<\/strong><br>Mes\u00e9l\u0151: <em>Mese c\u00edme<\/em> &#8211; Rendszer [\u00d6ssz\/foglalt hely]<\/p>\n\n\n\n<p>Eg\u00e9sz napos kalandok (9:00-19:30):<br>\u2022 Anorien: Sobek \u00e1ld\u00e1sa \u2013 Dungeons &amp; Dragons 5. kiad\u00e1s<\/p>\n\n\n\n<p>D\u00e9lel\u0151tti kalandok (9:00-13:30):<br>\u2022 Creep: Hossz\u00fa \u0151rs\u00e9g \u2013 Dc Adventures (Mutants and Masterminds S3)<br>\u2022 Premier: Hull\u00e1m avagy A S\u00f3tenger Kal\u00f3zainak H\u00e1bor\u00faja \u2013 Kard \u00e9s M\u00e1gia<br>\u2022 Mazsin\u00f3: A 13. Harcos visszat\u00e9r \u2013 K\u00f6nny\u0171 d6 rendszer<br>\u2022 Zagor: \u2013 L\u00e1nysz\u00f6ktet\u00e9s Cyberpunk m\u00f3dra \u2013 Cyberpunk 2020 (4f\u0151)<br>\u2022 Glowface: Egy \u0151si rem\u00e9ny \u2013 Dungeons &amp; Dragons 5. kiad\u00e1s<br>\u2022 elGabor: Lorenzo Nostraverdi utols\u00f3 napjai \u2013 Helv\u00e9czia<br>\u2022 NeoPadre: A Sziget neve: Hal\u00e1l \u2013 Dungeons &amp; Dragons 5. kiad\u00e1s<br>\u2022 Arturus: Penge a neonf\u00e9nyben \u2013 \/ All flesh must be eaten \/pulp zombies<\/p>\n\n\n\n<p>D\u00e9lut\u00e1ni kalandok (14:30-19:00):<br>\u2022 Epi: VIGY\u00c1ZAT! \u0150fels\u00e9ge titkolt titkos\u00fcgyn\u00f6kei \u2013 D6 Adventure<br>\u2022 Eszka: Lame Business (Neh\u00e9z a kezd\u0151 kalandoz\u00f3k \u00e9lete) \u2013 Tales From The Floating Vagabond<br>\u2022 Ravenheart: \u00c9l\u0151halott vagy hajnalra \u2013 HackMaster<br>\u2022 Bulldy: A B\u0171n Feh\u00e9r V\u00e1rosa \u2013 Savage Worlds<br>\u2022 Godpower: \u00d3 az a nagy var\u00e1zsl\u00f3! \u2013 Dungeons &amp; Dragons 5. kiad\u00e1s<br>\u2022 Gothpunk: Talizm\u00e1n \u2013 Kard \u00e9s M\u00e1gia<br>\u2022 Narmor: Sz\u00f6rnylabirintus \u2013 Dungeons &amp; Dragons 5. kiad\u00e1s<br>\u2022 Seya: Ki\u00e1lts farkast! \u2013 Little Fears (Nightmare Edition) (4f\u0151)<\/p>\n\n\n\n<p><strong>T\u00e1mogat\u00f3ink:<\/strong><\/p>\n\n\n\n<figure class=\"wp-block-image size-full\"><img loading=\"lazy\" decoding=\"async\" width=\"205\" height=\"95\" src=\"https:\/\/kalandoroktarsasaga.hu\/wp-content\/uploads\/2023\/09\/image-3.png\" alt=\"\" class=\"wp-image-75\"\/><\/figure>\n\n\n\n<figure class=\"wp-block-image size-full\"><img loading=\"lazy\" decoding=\"async\" width=\"300\" height=\"122\" src=\"https:\/\/kalandoroktarsasaga.hu\/wp-content\/uploads\/2023\/09\/image-4.png\" alt=\"\" class=\"wp-image-76\"\/><\/figure>\n\n\n\n<p><\/p>\n","protected":false},"excerpt":{"rendered":"<p>K\u00f6vetkez\u0151 tal\u00e1lkoz\u00f3nk tematikus blokkj\u00e1ban olyan zs\u00e1nermes\u00e9ket pr\u00f3b\u00e1lhatsz ki, amelyek pof\u00e1tlanul lopnak filmekb\u0151l, sz\u00e1m\u00edt\u00f3g\u00e9pes j\u00e1t\u00e9kokb\u00f3l, k\u00f6nyvekb\u0151l j\u00f3l felismerhet\u0151, klis\u00e9s toposzokat (\u00e9s esetleg teljesen kiford\u00edtj\u00e1k azokat magukb\u00f3l). Ne lep\u0151djetek meg, ha mes\u00e9inkben hal\u00e1los csapd\u00e1kkal v\u00e9dett azt\u00e9k romok m\u00e9ly\u00e9n kutakod\u00f3 r\u00e9g\u00e9szek, vil\u00e1gokat elfoglal\u00f3 \u0171rj\u00e1r\u00f3 nekrohadseregek nemezisei, es\u0151be \u00e9s cigarettaf\u00fcstbe burkol\u00f3z\u00f3 ki\u00e9gett nyomoz\u00f3k, vagy \u00e9pp degener\u00e1lt k\u00edgy\u00f3kultuszokon bossz\u00fat \u00e1ll\u00f3&#8230;<\/p>\n","protected":false},"author":1,"featured_media":0,"parent":506,"menu_order":5,"comment_status":"closed","ping_status":"closed","template":"","meta":{"_kadence_starter_templates_imported_post":false,"_kad_post_transparent":"","_kad_post_title":"","_kad_post_layout":"","_kad_post_sidebar_id":"","_kad_post_content_style":"","_kad_post_vertical_padding":"","_kad_post_feature":"","_kad_post_feature_position":"","_kad_post_header":false,"_kad_post_footer":false,"footnotes":""},"class_list":["post-73","page","type-page","status-publish","hentry"],"yoast_head":"<!-- This site is optimized with the Yoast SEO plugin v26.2 - https:\/\/yoast.com\/wordpress\/plugins\/seo\/ -->\n<title>V. \u201e\u2026ezt m\u00e1r l\u00e1ttam valahol!\u201d - Kalandorok T\u00e1rsas\u00e1ga<\/title>\n<meta name=\"robots\" content=\"index, follow, max-snippet:-1, max-image-preview:large, max-video-preview:-1\" \/>\n<link rel=\"canonical\" href=\"https:\/\/kalandoroktarsasaga.hu\/index.php\/rendezvenyeink\/v-ezt-mar-lattam-valahol\/\" \/>\n<meta property=\"og:locale\" content=\"hu_HU\" \/>\n<meta property=\"og:type\" content=\"article\" \/>\n<meta property=\"og:title\" content=\"V. \u201e\u2026ezt m\u00e1r l\u00e1ttam valahol!\u201d - Kalandorok T\u00e1rsas\u00e1ga\" \/>\n<meta property=\"og:description\" content=\"K\u00f6vetkez\u0151 tal\u00e1lkoz\u00f3nk tematikus blokkj\u00e1ban olyan zs\u00e1nermes\u00e9ket pr\u00f3b\u00e1lhatsz ki, amelyek pof\u00e1tlanul lopnak filmekb\u0151l, sz\u00e1m\u00edt\u00f3g\u00e9pes j\u00e1t\u00e9kokb\u00f3l, k\u00f6nyvekb\u0151l j\u00f3l felismerhet\u0151, klis\u00e9s toposzokat (\u00e9s esetleg teljesen kiford\u00edtj\u00e1k azokat magukb\u00f3l). Ne lep\u0151djetek meg, ha mes\u00e9inkben hal\u00e1los csapd\u00e1kkal v\u00e9dett azt\u00e9k romok m\u00e9ly\u00e9n kutakod\u00f3 r\u00e9g\u00e9szek, vil\u00e1gokat elfoglal\u00f3 \u0171rj\u00e1r\u00f3 nekrohadseregek nemezisei, es\u0151be \u00e9s cigarettaf\u00fcstbe burkol\u00f3z\u00f3 ki\u00e9gett nyomoz\u00f3k, vagy \u00e9pp degener\u00e1lt k\u00edgy\u00f3kultuszokon bossz\u00fat \u00e1ll\u00f3...\" \/>\n<meta property=\"og:url\" content=\"https:\/\/kalandoroktarsasaga.hu\/index.php\/rendezvenyeink\/v-ezt-mar-lattam-valahol\/\" \/>\n<meta property=\"og:site_name\" content=\"Kalandorok T\u00e1rsas\u00e1ga\" \/>\n<meta property=\"article:modified_time\" content=\"2023-09-22T16:43:20+00:00\" \/>\n<meta property=\"og:image\" content=\"https:\/\/kalandoroktarsasaga.hu\/wp-content\/uploads\/2023\/09\/image-2.png\" \/>\n<meta name=\"twitter:card\" content=\"summary_large_image\" \/>\n<meta name=\"twitter:label1\" content=\"Becs\u00fclt olvas\u00e1si id\u0151\" \/>\n\t<meta name=\"twitter:data1\" content=\"3 perc\" \/>\n<script type=\"application\/ld+json\" class=\"yoast-schema-graph\">{\"@context\":\"https:\/\/schema.org\",\"@graph\":[{\"@type\":\"WebPage\",\"@id\":\"https:\/\/kalandoroktarsasaga.hu\/index.php\/rendezvenyeink\/v-ezt-mar-lattam-valahol\/\",\"url\":\"https:\/\/kalandoroktarsasaga.hu\/index.php\/rendezvenyeink\/v-ezt-mar-lattam-valahol\/\",\"name\":\"V. \u201e\u2026ezt m\u00e1r l\u00e1ttam valahol!\u201d - Kalandorok T\u00e1rsas\u00e1ga\",\"isPartOf\":{\"@id\":\"https:\/\/kalandoroktarsasaga.hu\/#website\"},\"primaryImageOfPage\":{\"@id\":\"https:\/\/kalandoroktarsasaga.hu\/index.php\/rendezvenyeink\/v-ezt-mar-lattam-valahol\/#primaryimage\"},\"image\":{\"@id\":\"https:\/\/kalandoroktarsasaga.hu\/index.php\/rendezvenyeink\/v-ezt-mar-lattam-valahol\/#primaryimage\"},\"thumbnailUrl\":\"https:\/\/kalandoroktarsasaga.hu\/wp-content\/uploads\/2023\/09\/image-2.png\",\"datePublished\":\"2023-09-22T13:09:37+00:00\",\"dateModified\":\"2023-09-22T16:43:20+00:00\",\"breadcrumb\":{\"@id\":\"https:\/\/kalandoroktarsasaga.hu\/index.php\/rendezvenyeink\/v-ezt-mar-lattam-valahol\/#breadcrumb\"},\"inLanguage\":\"hu\",\"potentialAction\":[{\"@type\":\"ReadAction\",\"target\":[\"https:\/\/kalandoroktarsasaga.hu\/index.php\/rendezvenyeink\/v-ezt-mar-lattam-valahol\/\"]}]},{\"@type\":\"ImageObject\",\"inLanguage\":\"hu\",\"@id\":\"https:\/\/kalandoroktarsasaga.hu\/index.php\/rendezvenyeink\/v-ezt-mar-lattam-valahol\/#primaryimage\",\"url\":\"https:\/\/kalandoroktarsasaga.hu\/wp-content\/uploads\/2023\/09\/image-2.png\",\"contentUrl\":\"https:\/\/kalandoroktarsasaga.hu\/wp-content\/uploads\/2023\/09\/image-2.png\",\"width\":460,\"height\":276},{\"@type\":\"BreadcrumbList\",\"@id\":\"https:\/\/kalandoroktarsasaga.hu\/index.php\/rendezvenyeink\/v-ezt-mar-lattam-valahol\/#breadcrumb\",\"itemListElement\":[{\"@type\":\"ListItem\",\"position\":1,\"name\":\"Kezd\u0151lap\",\"item\":\"https:\/\/kalandoroktarsasaga.hu\/\"},{\"@type\":\"ListItem\",\"position\":2,\"name\":\"Rendezv\u00e9nyeink\",\"item\":\"https:\/\/kalandoroktarsasaga.hu\/index.php\/rendezvenyeink\/\"},{\"@type\":\"ListItem\",\"position\":3,\"name\":\"V. \u201e\u2026ezt m\u00e1r l\u00e1ttam valahol!\u201d\"}]},{\"@type\":\"WebSite\",\"@id\":\"https:\/\/kalandoroktarsasaga.hu\/#website\",\"url\":\"https:\/\/kalandoroktarsasaga.hu\/\",\"name\":\"Kalandorok T\u00e1rsas\u00e1ga\",\"description\":\"Szerepj\u00e1t\u00e9kos rendezv\u00e9nyeket szervez\u00fcnk - veletek, nektek\",\"publisher\":{\"@id\":\"https:\/\/kalandoroktarsasaga.hu\/#organization\"},\"potentialAction\":[{\"@type\":\"SearchAction\",\"target\":{\"@type\":\"EntryPoint\",\"urlTemplate\":\"https:\/\/kalandoroktarsasaga.hu\/?s={search_term_string}\"},\"query-input\":{\"@type\":\"PropertyValueSpecification\",\"valueRequired\":true,\"valueName\":\"search_term_string\"}}],\"inLanguage\":\"hu\"},{\"@type\":\"Organization\",\"@id\":\"https:\/\/kalandoroktarsasaga.hu\/#organization\",\"name\":\"Kalandorok T\u00e1rsas\u00e1ga\",\"url\":\"https:\/\/kalandoroktarsasaga.hu\/\",\"logo\":{\"@type\":\"ImageObject\",\"inLanguage\":\"hu\",\"@id\":\"https:\/\/kalandoroktarsasaga.hu\/#\/schema\/logo\/image\/\",\"url\":\"https:\/\/kalandoroktarsasaga.hu\/wp-content\/uploads\/2023\/08\/cropped-Logo-1.png\",\"contentUrl\":\"https:\/\/kalandoroktarsasaga.hu\/wp-content\/uploads\/2023\/08\/cropped-Logo-1.png\",\"width\":599,\"height\":832,\"caption\":\"Kalandorok T\u00e1rsas\u00e1ga\"},\"image\":{\"@id\":\"https:\/\/kalandoroktarsasaga.hu\/#\/schema\/logo\/image\/\"}}]}<\/script>\n<!-- \/ Yoast SEO plugin. -->","yoast_head_json":{"title":"V. \u201e\u2026ezt m\u00e1r l\u00e1ttam valahol!\u201d - Kalandorok T\u00e1rsas\u00e1ga","robots":{"index":"index","follow":"follow","max-snippet":"max-snippet:-1","max-image-preview":"max-image-preview:large","max-video-preview":"max-video-preview:-1"},"canonical":"https:\/\/kalandoroktarsasaga.hu\/index.php\/rendezvenyeink\/v-ezt-mar-lattam-valahol\/","og_locale":"hu_HU","og_type":"article","og_title":"V. \u201e\u2026ezt m\u00e1r l\u00e1ttam valahol!\u201d - Kalandorok T\u00e1rsas\u00e1ga","og_description":"K\u00f6vetkez\u0151 tal\u00e1lkoz\u00f3nk tematikus blokkj\u00e1ban olyan zs\u00e1nermes\u00e9ket pr\u00f3b\u00e1lhatsz ki, amelyek pof\u00e1tlanul lopnak filmekb\u0151l, sz\u00e1m\u00edt\u00f3g\u00e9pes j\u00e1t\u00e9kokb\u00f3l, k\u00f6nyvekb\u0151l j\u00f3l felismerhet\u0151, klis\u00e9s toposzokat (\u00e9s esetleg teljesen kiford\u00edtj\u00e1k azokat magukb\u00f3l). Ne lep\u0151djetek meg, ha mes\u00e9inkben hal\u00e1los csapd\u00e1kkal v\u00e9dett azt\u00e9k romok m\u00e9ly\u00e9n kutakod\u00f3 r\u00e9g\u00e9szek, vil\u00e1gokat elfoglal\u00f3 \u0171rj\u00e1r\u00f3 nekrohadseregek nemezisei, es\u0151be \u00e9s cigarettaf\u00fcstbe burkol\u00f3z\u00f3 ki\u00e9gett nyomoz\u00f3k, vagy \u00e9pp degener\u00e1lt k\u00edgy\u00f3kultuszokon bossz\u00fat \u00e1ll\u00f3...","og_url":"https:\/\/kalandoroktarsasaga.hu\/index.php\/rendezvenyeink\/v-ezt-mar-lattam-valahol\/","og_site_name":"Kalandorok T\u00e1rsas\u00e1ga","article_modified_time":"2023-09-22T16:43:20+00:00","og_image":[{"url":"https:\/\/kalandoroktarsasaga.hu\/wp-content\/uploads\/2023\/09\/image-2.png","type":"","width":"","height":""}],"twitter_card":"summary_large_image","twitter_misc":{"Becs\u00fclt olvas\u00e1si id\u0151":"3 perc"},"schema":{"@context":"https:\/\/schema.org","@graph":[{"@type":"WebPage","@id":"https:\/\/kalandoroktarsasaga.hu\/index.php\/rendezvenyeink\/v-ezt-mar-lattam-valahol\/","url":"https:\/\/kalandoroktarsasaga.hu\/index.php\/rendezvenyeink\/v-ezt-mar-lattam-valahol\/","name":"V. \u201e\u2026ezt m\u00e1r l\u00e1ttam valahol!\u201d - Kalandorok T\u00e1rsas\u00e1ga","isPartOf":{"@id":"https:\/\/kalandoroktarsasaga.hu\/#website"},"primaryImageOfPage":{"@id":"https:\/\/kalandoroktarsasaga.hu\/index.php\/rendezvenyeink\/v-ezt-mar-lattam-valahol\/#primaryimage"},"image":{"@id":"https:\/\/kalandoroktarsasaga.hu\/index.php\/rendezvenyeink\/v-ezt-mar-lattam-valahol\/#primaryimage"},"thumbnailUrl":"https:\/\/kalandoroktarsasaga.hu\/wp-content\/uploads\/2023\/09\/image-2.png","datePublished":"2023-09-22T13:09:37+00:00","dateModified":"2023-09-22T16:43:20+00:00","breadcrumb":{"@id":"https:\/\/kalandoroktarsasaga.hu\/index.php\/rendezvenyeink\/v-ezt-mar-lattam-valahol\/#breadcrumb"},"inLanguage":"hu","potentialAction":[{"@type":"ReadAction","target":["https:\/\/kalandoroktarsasaga.hu\/index.php\/rendezvenyeink\/v-ezt-mar-lattam-valahol\/"]}]},{"@type":"ImageObject","inLanguage":"hu","@id":"https:\/\/kalandoroktarsasaga.hu\/index.php\/rendezvenyeink\/v-ezt-mar-lattam-valahol\/#primaryimage","url":"https:\/\/kalandoroktarsasaga.hu\/wp-content\/uploads\/2023\/09\/image-2.png","contentUrl":"https:\/\/kalandoroktarsasaga.hu\/wp-content\/uploads\/2023\/09\/image-2.png","width":460,"height":276},{"@type":"BreadcrumbList","@id":"https:\/\/kalandoroktarsasaga.hu\/index.php\/rendezvenyeink\/v-ezt-mar-lattam-valahol\/#breadcrumb","itemListElement":[{"@type":"ListItem","position":1,"name":"Kezd\u0151lap","item":"https:\/\/kalandoroktarsasaga.hu\/"},{"@type":"ListItem","position":2,"name":"Rendezv\u00e9nyeink","item":"https:\/\/kalandoroktarsasaga.hu\/index.php\/rendezvenyeink\/"},{"@type":"ListItem","position":3,"name":"V. \u201e\u2026ezt m\u00e1r l\u00e1ttam valahol!\u201d"}]},{"@type":"WebSite","@id":"https:\/\/kalandoroktarsasaga.hu\/#website","url":"https:\/\/kalandoroktarsasaga.hu\/","name":"Kalandorok T\u00e1rsas\u00e1ga","description":"Szerepj\u00e1t\u00e9kos rendezv\u00e9nyeket szervez\u00fcnk - veletek, nektek","publisher":{"@id":"https:\/\/kalandoroktarsasaga.hu\/#organization"},"potentialAction":[{"@type":"SearchAction","target":{"@type":"EntryPoint","urlTemplate":"https:\/\/kalandoroktarsasaga.hu\/?s={search_term_string}"},"query-input":{"@type":"PropertyValueSpecification","valueRequired":true,"valueName":"search_term_string"}}],"inLanguage":"hu"},{"@type":"Organization","@id":"https:\/\/kalandoroktarsasaga.hu\/#organization","name":"Kalandorok T\u00e1rsas\u00e1ga","url":"https:\/\/kalandoroktarsasaga.hu\/","logo":{"@type":"ImageObject","inLanguage":"hu","@id":"https:\/\/kalandoroktarsasaga.hu\/#\/schema\/logo\/image\/","url":"https:\/\/kalandoroktarsasaga.hu\/wp-content\/uploads\/2023\/08\/cropped-Logo-1.png","contentUrl":"https:\/\/kalandoroktarsasaga.hu\/wp-content\/uploads\/2023\/08\/cropped-Logo-1.png","width":599,"height":832,"caption":"Kalandorok T\u00e1rsas\u00e1ga"},"image":{"@id":"https:\/\/kalandoroktarsasaga.hu\/#\/schema\/logo\/image\/"}}]}},"_links":{"self":[{"href":"https:\/\/kalandoroktarsasaga.hu\/index.php\/wp-json\/wp\/v2\/pages\/73","targetHints":{"allow":["GET"]}}],"collection":[{"href":"https:\/\/kalandoroktarsasaga.hu\/index.php\/wp-json\/wp\/v2\/pages"}],"about":[{"href":"https:\/\/kalandoroktarsasaga.hu\/index.php\/wp-json\/wp\/v2\/types\/page"}],"author":[{"embeddable":true,"href":"https:\/\/kalandoroktarsasaga.hu\/index.php\/wp-json\/wp\/v2\/users\/1"}],"replies":[{"embeddable":true,"href":"https:\/\/kalandoroktarsasaga.hu\/index.php\/wp-json\/wp\/v2\/comments?post=73"}],"version-history":[{"count":2,"href":"https:\/\/kalandoroktarsasaga.hu\/index.php\/wp-json\/wp\/v2\/pages\/73\/revisions"}],"predecessor-version":[{"id":493,"href":"https:\/\/kalandoroktarsasaga.hu\/index.php\/wp-json\/wp\/v2\/pages\/73\/revisions\/493"}],"up":[{"embeddable":true,"href":"https:\/\/kalandoroktarsasaga.hu\/index.php\/wp-json\/wp\/v2\/pages\/506"}],"wp:attachment":[{"href":"https:\/\/kalandoroktarsasaga.hu\/index.php\/wp-json\/wp\/v2\/media?parent=73"}],"curies":[{"name":"wp","href":"https:\/\/api.w.org\/{rel}","templated":true}]}}