{"id":933,"date":"2024-09-03T19:28:02","date_gmt":"2024-09-03T17:28:02","guid":{"rendered":"https:\/\/kalandoroktarsasaga.hu\/?page_id=933"},"modified":"2024-10-14T09:53:42","modified_gmt":"2024-10-14T07:53:42","slug":"xii-otven-ev","status":"publish","type":"page","link":"https:\/\/kalandoroktarsasaga.hu\/index.php\/rendezvenyeink\/xii-otven-ev\/","title":{"rendered":"XII. \u00d6tven \u00e9v"},"content":{"rendered":"\n<p>50 \u00e9v telt el az\u00f3ta, hogy&nbsp;Ernest Gary Gygax \u00e9s Dave Arneson \u00f6tleteib\u0151l megsz\u00fcletett a Dungeons &amp; Dragons szerepj\u00e1t\u00e9k els\u0151 publik\u00e1lt verzi\u00f3ja. A j\u00e1t\u00e9knak a (val\u00f3di) vil\u00e1gra gyakorolt hat\u00e1sa olyan m\u00e9reteket \u00f6lt\u00f6tt, amit akkor m\u00e9g senki sem l\u00e1thatott el\u0151re: az elm\u00falt 50 \u00e9vben sz\u00e1mtalan j\u00e1t\u00e9krendszert inspir\u00e1lt, videoj\u00e1t\u00e9kok alapj\u00e1t k\u00e9pezte (vagy ink\u00e1bb: alapjaiban hat\u00e1rozta meg a videoj\u00e1t\u00e9kos szc\u00e9n\u00e1t), reg\u00e9nysorozatokat sz\u00fclt, eljutott a TV k\u00e9perny\u0151re illetve a moziv\u00e1szonra, \u00e9s m\u00e9g sorolhatn\u00e1nk, de ami a f\u0151: k\u00f6z\u00f6ss\u00e9geket teremtett.&nbsp;<\/p>\n\n\n\n<p>A D&amp;D \u00f6nmaga is folyamatosan meg\u00fajult \u00e9s v\u00e1ltozott az id\u0151k sor\u00e1n. Folyamatosan \u00e9rkeztek \u00e1t- \u00e9s feldolgoz\u00e1sai, oldalhajt\u00e1sai \u00e9s m\u00e1solatai, \u00e9s n\u00e9ha igen messzire szakadt alternat\u00edv\u00e1i is, amik egyre csak sz\u00ednes\u00edtett\u00e9k a szerepj\u00e1t\u00e9kok vil\u00e1g\u00e1t.&nbsp;\u00c9ppen ez\u00e9rt nem egy kimondottan merev tematik\u00e1val szeretn\u00e9nk \u00fcnnepelni a sz\u00fclet\u00e9snapj\u00e1t: szabadon engedj\u00fck mes\u00e9l\u0151ink kez\u00e9t, hogy a nekik tetsz\u0151 m\u00f3don mutass\u00e1k be, mit is adott nekik ez a nagym\u00falt\u00fa j\u00e1t\u00e9k. \u00cdgy h\u00e1t igyeksz\u00fcnk majd az aktu\u00e1lis reperto\u00e1rban teret engedni \u00fagy a D&amp;D r\u00e9gi \u00e9s \u00faj v\u00e1ltozatainak, mint egy\u00e9b rendszereknek, n\u00e9pszer\u0171eknek \u00e9s kev\u00e9sb\u00e9 ismert \u00ednyencs\u00e9geknek egyar\u00e1nt.<\/p>\n\n\n\n<p><strong>Gyere, \u00e9s \u00fcnnepelj\u00fck egy\u00fctt a Dungeons &amp; Dragons 50. sz\u00fclet\u00e9snapj\u00e1t!&nbsp;&nbsp;<\/strong><\/p>\n\n\n\n<p class=\"has-text-align-center has-medium-font-size\"><strong>Mes\u00e9l\u0151i jelentkez\u00e9s<\/strong><\/p>\n\n\n\n<p>A mes\u00e9l\u0151i jelentkez\u00e9s lez\u00e1rult.<\/p>\n\n\n\n<p class=\"has-text-align-center has-medium-font-size\"><strong>A rendezv\u00e9ny r\u00e9szletei<\/strong><\/p>\n\n\n\n<p class=\"has-text-align-left\"><strong>Id\u0151pont<\/strong>: 2024.11.23<\/p>\n\n\n\n<p><strong>Helysz\u00edn<\/strong>: Zugl\u00f3i Ifj\u00fas\u00e1gi Centrum<\/p>\n\n\n\n<p><strong>C\u00edm:&nbsp;<\/strong>1145 Budapest, Uzsoki utca 57. Tet\u0151t\u00e9r (bej\u00e1rat a Kassai t\u00e9r fel\u0151l)<\/p>\n\n\n\n<p align=\"center\"><iframe src=\"https:\/\/www.google.com\/maps\/embed?pb=!1m14!1m8!1m3!1d10777.32063363106!2d19.0972447!3d47.5224349!3m2!1i1024!2i768!4f13.1!3m3!1m2!1s0x4741db9d587a07cd%3A0x360bf4dc9ae28bdb!2zWnVnbMOzaSBJZmrDunPDoWdpIENlbnRydW0!5e0!3m2!1shu!2shu!4v1691315503480!5m2!1shu!2shu\" width=\"600\" height=\"450\" style=\"border:0;\" allowfullscreen=\"\" loading=\"lazy\" referrerpolicy=\"no-referrer-when-downgrade\"><\/iframe><\/p>\n\n\n\n<p><strong>A rendezv\u00e9nyre a j\u00e1t\u00e9kosi jelentkez\u00e9s&nbsp;<mark style=\"background-color:rgba(0, 0, 0, 0);color:#fa0000\" class=\"has-inline-color\">2024. okt\u00f3ber 31<\/mark><mark style=\"background-color:rgba(0, 0, 0, 0);color:#ff0000\" class=\"has-inline-color\">-\u00e9n (cs\u00fct\u00f6rt\u00f6k\u00f6n) 20:00-kor<\/mark> indul!<\/strong><\/p>\n\n\n\n<p>A jelentkez\u00e9s menete a k\u00f6vetkez\u0151 (lesz):<\/p>\n\n\n\n<ul class=\"wp-block-list\">\n<li><strong>Nyisd meg a mes\u00e9t<\/strong>, amelyre jelentkezni akarsz. Miut\u00e1n elindult a regisztr\u00e1ci\u00f3 (l\u00e1sd a fenti id\u0151pontot!), a mese le\u00edr\u00e1sa alatt fogod tal\u00e1lni a <strong>jelentkez\u00e9si \u0171rlapot <\/strong>\u00e9s a m\u00e9g<strong> <\/strong>szabad helyek sz\u00e1m\u00e1t.<\/li>\n\n\n\n<li>Add meg az \u0171rlapon a <strong>neved<\/strong>, <strong>emailc\u00edmed<\/strong>, \u00e9s (ha akarod) a <strong>telefonsz\u00e1mod<\/strong>. Ut\u00f3bbit az\u00e9rt k\u00e9rj\u00fck, hogy vis maior eset\u00e9n el tudjunk \u00e9rni. A regisztr\u00e1ci\u00f3 befogad\u00e1s\u00e1r\u00f3l visszaigazol\u00f3 emailt fogsz kapni a fizet\u00e9si lehet\u0151s\u00e9gek (revolut, utal\u00e1s) r\u00e9szleteivel.<\/li>\n\n\n\n<li>Fizesd be a <strong>r\u00e9szv\u00e9teli d\u00edjat<\/strong>. <\/li>\n<\/ul>\n\n\n\n<p><strong>FONTOS<\/strong>: ha k\u00e9t mes\u00e9re jelentkezel &#8211; egy d\u00e9lel\u0151ttire \u00e9s egy d\u00e9lut\u00e1nira -, mindkett\u0151r\u0151l automatikus visszaigazol\u00e1st fogsz kapni a fizet\u00e9si inform\u00e1ci\u00f3kkal, de <span style=\"text-decoration: underline;\">el\u00e9g egyszer fizetned<\/span>! Viszont am\u00edg nem egyenl\u00edted ki a r\u00e9szv\u00e9teli d\u00edjat, nem tekintj\u00fck v\u00e9glegesnek a jelentkez\u00e9sed, \u00e9s 2-3 nap m\u00falt\u00e1n t\u00f6r\u00f6lj\u00fck azt. A r\u00e9szv\u00e9teli d\u00edj befizet\u00e9s\u00e9vel v\u00e1llalod, hogy r\u00e9szv\u00e9teli sz\u00e1nd\u00e9kod komoly, \u00e9s mivel a helyet m\u00e1sok el\u0151l lefoglaltad, a rendezv\u00e9ny helysz\u00ednb\u00e9rlet\u00e9t pedig finansz\u00edrozni kell, visszafizet\u00e9si ig\u00e9nnyel akkor sem \u00e9lsz, ha valami miatt nem tudn\u00e1l megjelenni a rendezv\u00e9nyen (amely szerencs\u00e9tlen esetre, rem\u00e9lj\u00fck, nem ker\u00fcl majd sor :)).<\/p>\n\n\n\n<p><strong>R\u00e9szv\u00e9tel d\u00edj:<\/strong> 3500 Ft (m\u00e9gegyszer: \u00f6sszesen, nem mes\u00e9nk\u00e9nt, f\u00fcggetlen\u00fcl att\u00f3l, hogy egy vagy k\u00e9t mes\u00e9re regisztr\u00e1lsz). A r\u00e9szv\u00e9teli d\u00edjat term\u00e9szetesen tov\u00e1bbra is teljes eg\u00e9sz\u00e9ben a helysz\u00edn, tombola, k\u00e1v\u00e9sarok, \u00e9s a rendezv\u00e9ny egy\u00e9b k\u00f6lts\u00e9geinek finansz\u00edroz\u00e1s\u00e1ra \u00e9s jobb\u00e1 t\u00e9tel\u00e9re ford\u00edtjuk. <span style=\"text-decoration: underline;\">Mes\u00e9l\u0151k sz\u00e1m\u00e1ra a rendezv\u00e9nyen val\u00f3 r\u00e9szv\u00e9tel szok\u00e1s szerint ingyenes<\/span>!<\/p>\n\n\n\n<p><strong>Program<\/strong><\/p>\n\n\n\n<p>8:00-8:45&nbsp;<strong>Nyit\u00e1s \u00e9s gy\u00fclekez\u0151<br><\/strong>9:00-13:30&nbsp;<strong>D\u00e9lel\u0151tti mes\u00e9k<br><\/strong>13:30-14:30&nbsp;<strong>Eb\u00e9dsz\u00fcnet<br><\/strong>14:30-19:00&nbsp;<strong>D\u00e9lut\u00e1ni mes\u00e9k<br><\/strong>19:30-20:00&nbsp;<strong>Rendezv\u00e9nyz\u00e1r\u00f3, tombola<\/strong><br>20:00&nbsp;<strong>\u00c1tvonul\u00e1s a Helv\u00e9cia pubba, k\u00f6tetlen besz\u00e9lget\u00e9s \u00e9s s\u00f6r\u00f6z\u00e9s<\/strong><\/p>\n\n\n\n<p><strong>Eg\u00e9sznapos mese<\/strong><\/p>\n\n\n\n<figure class=\"wp-block-table\"><table><thead><tr><td><strong>Id\u0151pont<\/strong><\/td><td><strong>Mese<\/strong><\/td><\/tr><\/thead><tbody><tr><td>2024. 11. 23.<br>09:00 \u2013 19:00<\/td><td><a href=\"https:\/\/kalandoroktarsasaga.hu\/index.php\/event\/a-vegso-lehellet-fellegvara\/\">A V\u00e9gs\u0151 Lehellet Fellegv\u00e1ra<\/a><br><strong>Mes\u00e9l\u0151:<\/strong>&nbsp;Chomy&nbsp;<strong>Rendszer:<\/strong>&nbsp;OSRIC (AD&amp;D1E)<\/td><\/tr><\/tbody><\/table><\/figure>\n\n\n\n<p><strong>D\u00e9lel\u0151tti mes\u00e9k<\/strong><\/p>\n\n\n\n<figure class=\"wp-block-table\"><table><thead><tr><td><strong>Id\u0151pont<\/strong><\/td><td><strong>Mese<\/strong><\/td><\/tr><\/thead><tbody><tr><td>2024. 11. 23.<br>09:00 \u2013 13:30<\/td><td><a href=\"https:\/\/kalandoroktarsasaga.hu\/index.php\/event\/a-formicidak-udvarhaza\/\">A Formicid\u00e1k Udvarh\u00e1za<\/a><br><strong>Mes\u00e9l\u0151:<\/strong>&nbsp;Fefe&nbsp;<strong>Rendszer:<\/strong>&nbsp;Kazamat\u00e1k \u00e9s Komp\u00e1ni\u00e1k 2E<\/td><\/tr><tr><td>2024. 11. 23.<br>09:00 \u2013 13:30<\/td><td><a href=\"https:\/\/kalandoroktarsasaga.hu\/index.php\/event\/az-elveszett-sziget-titka\/\">Az elveszett sziget titka<\/a><br><strong>Mes\u00e9l\u0151:<\/strong>&nbsp;Garaboncias&nbsp;<strong>Rendszer:<\/strong>&nbsp;Kard \u00e9s M\u00e1sodteremt\u00e9s<\/td><\/tr><tr><td>2024. 11. 23.<br>09:00 \u2013 13:30<\/td><td><a href=\"https:\/\/kalandoroktarsasaga.hu\/index.php\/event\/a-nagy-szokes\/\">A nagy sz\u00f6k\u00e9s (Dark Sun)<\/a><br><strong>Mes\u00e9l\u0151:<\/strong>&nbsp;Doc&nbsp;<strong>Rendszer:<\/strong>&nbsp;AD&amp;D 2E<\/td><\/tr><tr><td>2024. 11. 23.<br>09:00 \u2013 13:30<\/td><td><a href=\"https:\/\/kalandoroktarsasaga.hu\/index.php\/event\/a-vihar-szeme\/\">A Vihar Szeme (Korongvil\u00e1g)<\/a><br><strong>Mes\u00e9l\u0151:<\/strong>&nbsp;Talbot <strong>Rendszer:<\/strong>&nbsp;Dungeon Crawl Classics<\/td><\/tr><tr><td>2024. 11. 23.<br>09:00 \u2013 13:30<\/td><td><a href=\"https:\/\/kalandoroktarsasaga.hu\/index.php\/event\/a-cabell-haz-kutyaja\/\">A Cabell h\u00e1z kuty\u00e1ja<\/a><br><strong>Mes\u00e9l\u0151:<\/strong>&nbsp;Laczk\u00f3&nbsp;<strong>Rendszer:<\/strong>&nbsp;D&amp;D 5.24E<\/td><\/tr><tr><td>2024. 11. 23.<br>09:00 \u2013 13:30<\/td><td><a href=\"https:\/\/kalandoroktarsasaga.hu\/index.php\/event\/a-kinok-tizezer-verme\/\">A K\u00ednok T\u00edzezer Verme<\/a><br><strong>Mes\u00e9l\u0151:<\/strong>&nbsp;Alister&nbsp;<strong>Rendszer:<\/strong>&nbsp;Kard \u00e9s M\u00e1gia 2E<\/td><\/tr><tr><td>2024. 11. 23.<br>09:00 \u2013 13:30<\/td><td><a href=\"https:\/\/kalandoroktarsasaga.hu\/index.php\/event\/orjarat-a-lemur-66-on\/\">\u0150rj\u00e1rat a Lemur 66-on<\/a><br><strong>Mes\u00e9l\u0151:<\/strong>&nbsp;Marvin&nbsp;<strong>Rendszer:<\/strong>&nbsp;Stay Frosty<\/td><\/tr><tr><td>2024. 11. 23.<br>09:00 \u2013 13:30<\/td><td><a href=\"https:\/\/kalandoroktarsasaga.hu\/index.php\/event\/velkosz-vel-vermei\/\">Velkosz Vel Vermei<\/a><br><strong>Mes\u00e9l\u0151:<\/strong>&nbsp;elGabor&nbsp;<strong>Rendszer:<\/strong>&nbsp;Kard \u00e9s M\u00e1gia 2E<\/td><\/tr><tr><td>2024. 11. 23.<br>09:00 \u2013 13:30<\/td><td><a href=\"https:\/\/kalandoroktarsasaga.hu\/index.php\/event\/a-rezcsillag-meseje\/\">A R\u00e9zcsillag Mes\u00e9je<\/a><br><strong>Mes\u00e9l\u0151:<\/strong>&nbsp;Premier&nbsp;<strong>Rendszer:<\/strong>&nbsp;Kard \u00e9s M\u00e1gia 2E<\/td><\/tr><\/tbody><\/table><\/figure>\n\n\n\n<p><strong>D\u00e9lut\u00e1ni mes\u00e9k<\/strong><\/p>\n\n\n\n<figure class=\"wp-block-table\"><table><thead><tr><td><strong>Id\u0151pont<\/strong><\/td><td><strong>Mese<\/strong><\/td><\/tr><\/thead><tbody><tr><td>2024. 11. 23.<br>14:30 \u2013 19:00<\/td><td><a href=\"https:\/\/kalandoroktarsasaga.hu\/index.php\/event\/sorfordito-mindennapok\/\">Sorford\u00edt\u00f3 mindennapok<\/a><br><strong>Mes\u00e9l\u0151:<\/strong>&nbsp;RatFace&nbsp;<strong>Rendszer:<\/strong>&nbsp;Helv\u00e9czia 2E<\/td><\/tr><tr><td>2024. 11. 23.<br>14:30 \u2013 19:00<\/td><td><a href=\"https:\/\/kalandoroktarsasaga.hu\/index.php\/event\/a-voros-sarkany-meseje\/\">A V\u00f6r\u00f6s S\u00e1rk\u00e1ny Mes\u00e9je<\/a><br><strong>Mes\u00e9l\u0151:<\/strong>&nbsp;Dor&nbsp;<strong>Rendszer:<\/strong> D&amp;D 5.14E<\/td><\/tr><tr><td>2024. 11. 23.<br>14:30 \u2013 19:00<\/td><td><a href=\"https:\/\/kalandoroktarsasaga.hu\/index.php\/event\/sailors-on-the-starless-sea\/\">Sailors on the Starless Sea<\/a><br><strong>Mes\u00e9l\u0151:<\/strong>&nbsp;Bad_angel&nbsp;<strong>Rendszer:<\/strong>&nbsp;Dungeon Crawl Classics<\/td><\/tr><tr><td>2024. 11. 23.<br>14:30 \u2013 19:00<\/td><td><a href=\"https:\/\/kalandoroktarsasaga.hu\/index.php\/event\/mulhatatlan-malagan-rozoga-rezidenciaja\/\">M\u00falhatatlan Malagan rozoga rezidenci\u00e1ja<\/a><br><strong>Mes\u00e9l\u0151:<\/strong>&nbsp;Kibic&nbsp;<strong>Rendszer:<\/strong>&nbsp;Kazamat\u00e1k \u00e9s Komp\u00e1ni\u00e1k 2E<\/td><\/tr><tr><td>2024. 11. 23.<br>14:30 \u2013 19:00<\/td><td><a href=\"https:\/\/kalandoroktarsasaga.hu\/index.php\/event\/sirborton-az-allokovek-pusztasagaban\/\">S\u00edrb\u00f6rt\u00f6n az \u00c1ll\u00f3k\u00f6vek Pusztas\u00e1g\u00e1ban<\/a><br><strong>Mes\u00e9l\u0151:<\/strong>&nbsp;gothpunk&nbsp;<strong>Rendszer:<\/strong>&nbsp;Kard \u00e9s M\u00e1gia 2E<\/td><\/tr><tr><td>2024. 11. 23.<br>14:30 \u2013 19:00<\/td><td><a href=\"https:\/\/kalandoroktarsasaga.hu\/index.php\/event\/szerepjatszas-a-dd-elott\/\">Szerepj\u00e1tsz\u00e1s a D&amp;D el\u0151tt!<\/a><br><strong>Mes\u00e9l\u0151:<\/strong>&nbsp;Urban <strong>Rendszer:<\/strong>&nbsp;l\u00e1sd a le\u00edr\u00e1sban<\/td><\/tr><tr><td>2024. 11. 23.<br>14:30 \u2013 19:00<\/td><td><a href=\"https:\/\/kalandoroktarsasaga.hu\/index.php\/event\/az-elfeledett-kapu\/\">Az elfeledett kapu<\/a><br><strong>Mes\u00e9l\u0151:<\/strong>&nbsp;\u00c9beren \u0150rk\u00f6d\u0151 <strong>Rendszer:<\/strong>&nbsp;D\u00e9mon\u00far \u00c1rny\u00e9ka<\/td><\/tr><tr><td>2024. 11. 23.<br>14:30 \u2013 19:00<\/td><td><a href=\"https:\/\/kalandoroktarsasaga.hu\/index.php\/event\/aegiasz-termei\/\">Aegi\u00e1sz Termei<\/a><br><strong>Mes\u00e9l\u0151:<\/strong>\u00a0Narmor <strong>Rendszer:<\/strong>\u00a0Kazamat\u00e1k \u00e9s Komp\u00e1ni\u00e1k 2E<\/td><\/tr><tr><td>2024. 11. 23.<br>14:30 \u2013 19:00<\/td><td><a href=\"https:\/\/kalandoroktarsasaga.hu\/index.php\/event\/a-szerelem-ol-butit-es-ol\/\">A szerelem \u00f6l, but\u00edt \u00e9s&#8230; \u00f6l<\/a><br><strong>Mes\u00e9l\u0151:<\/strong>&nbsp;Xinaf <strong>Rendszer:<\/strong>&nbsp;Heimurinn<\/td><\/tr><\/tbody><\/table><\/figure>\n\n\n\n<p><\/p>\n","protected":false},"excerpt":{"rendered":"<p>50 \u00e9v telt el az\u00f3ta, hogy&nbsp;Ernest Gary Gygax \u00e9s Dave Arneson \u00f6tleteib\u0151l megsz\u00fcletett a Dungeons &amp; Dragons szerepj\u00e1t\u00e9k els\u0151 publik\u00e1lt verzi\u00f3ja. A j\u00e1t\u00e9knak a (val\u00f3di) vil\u00e1gra gyakorolt hat\u00e1sa olyan m\u00e9reteket \u00f6lt\u00f6tt, amit akkor m\u00e9g senki sem l\u00e1thatott el\u0151re: az elm\u00falt 50 \u00e9vben sz\u00e1mtalan j\u00e1t\u00e9krendszert inspir\u00e1lt, videoj\u00e1t\u00e9kok alapj\u00e1t k\u00e9pezte (vagy ink\u00e1bb: alapjaiban hat\u00e1rozta meg a videoj\u00e1t\u00e9kos&#8230;<\/p>\n","protected":false},"author":1,"featured_media":0,"parent":506,"menu_order":0,"comment_status":"closed","ping_status":"closed","template":"","meta":{"_kadence_starter_templates_imported_post":false,"_kad_post_transparent":"","_kad_post_title":"","_kad_post_layout":"","_kad_post_sidebar_id":"","_kad_post_content_style":"","_kad_post_vertical_padding":"","_kad_post_feature":"","_kad_post_feature_position":"","_kad_post_header":false,"_kad_post_footer":false,"footnotes":""},"class_list":["post-933","page","type-page","status-publish","hentry"],"yoast_head":"<!-- This site is optimized with the Yoast SEO plugin v26.2 - https:\/\/yoast.com\/wordpress\/plugins\/seo\/ -->\n<title>XII. \u00d6tven \u00e9v - Kalandorok T\u00e1rsas\u00e1ga<\/title>\n<meta name=\"robots\" content=\"index, follow, max-snippet:-1, max-image-preview:large, max-video-preview:-1\" \/>\n<link rel=\"canonical\" href=\"https:\/\/kalandoroktarsasaga.hu\/index.php\/rendezvenyeink\/xii-otven-ev\/\" \/>\n<meta property=\"og:locale\" content=\"hu_HU\" \/>\n<meta property=\"og:type\" content=\"article\" \/>\n<meta property=\"og:title\" content=\"XII. \u00d6tven \u00e9v - Kalandorok T\u00e1rsas\u00e1ga\" \/>\n<meta property=\"og:description\" content=\"50 \u00e9v telt el az\u00f3ta, hogy&nbsp;Ernest Gary Gygax \u00e9s Dave Arneson \u00f6tleteib\u0151l megsz\u00fcletett a Dungeons &amp; Dragons szerepj\u00e1t\u00e9k els\u0151 publik\u00e1lt verzi\u00f3ja. A j\u00e1t\u00e9knak a (val\u00f3di) vil\u00e1gra gyakorolt hat\u00e1sa olyan m\u00e9reteket \u00f6lt\u00f6tt, amit akkor m\u00e9g senki sem l\u00e1thatott el\u0151re: az elm\u00falt 50 \u00e9vben sz\u00e1mtalan j\u00e1t\u00e9krendszert inspir\u00e1lt, videoj\u00e1t\u00e9kok alapj\u00e1t k\u00e9pezte (vagy ink\u00e1bb: alapjaiban hat\u00e1rozta meg a videoj\u00e1t\u00e9kos...\" \/>\n<meta property=\"og:url\" content=\"https:\/\/kalandoroktarsasaga.hu\/index.php\/rendezvenyeink\/xii-otven-ev\/\" \/>\n<meta property=\"og:site_name\" content=\"Kalandorok T\u00e1rsas\u00e1ga\" \/>\n<meta property=\"article:modified_time\" content=\"2024-10-14T07:53:42+00:00\" \/>\n<meta name=\"twitter:card\" content=\"summary_large_image\" \/>\n<meta name=\"twitter:label1\" content=\"Becs\u00fclt olvas\u00e1si id\u0151\" \/>\n\t<meta name=\"twitter:data1\" content=\"5 perc\" \/>\n<script type=\"application\/ld+json\" class=\"yoast-schema-graph\">{\"@context\":\"https:\/\/schema.org\",\"@graph\":[{\"@type\":\"WebPage\",\"@id\":\"https:\/\/kalandoroktarsasaga.hu\/index.php\/rendezvenyeink\/xii-otven-ev\/\",\"url\":\"https:\/\/kalandoroktarsasaga.hu\/index.php\/rendezvenyeink\/xii-otven-ev\/\",\"name\":\"XII. \u00d6tven \u00e9v - Kalandorok T\u00e1rsas\u00e1ga\",\"isPartOf\":{\"@id\":\"https:\/\/kalandoroktarsasaga.hu\/#website\"},\"datePublished\":\"2024-09-03T17:28:02+00:00\",\"dateModified\":\"2024-10-14T07:53:42+00:00\",\"breadcrumb\":{\"@id\":\"https:\/\/kalandoroktarsasaga.hu\/index.php\/rendezvenyeink\/xii-otven-ev\/#breadcrumb\"},\"inLanguage\":\"hu\",\"potentialAction\":[{\"@type\":\"ReadAction\",\"target\":[\"https:\/\/kalandoroktarsasaga.hu\/index.php\/rendezvenyeink\/xii-otven-ev\/\"]}]},{\"@type\":\"BreadcrumbList\",\"@id\":\"https:\/\/kalandoroktarsasaga.hu\/index.php\/rendezvenyeink\/xii-otven-ev\/#breadcrumb\",\"itemListElement\":[{\"@type\":\"ListItem\",\"position\":1,\"name\":\"Kezd\u0151lap\",\"item\":\"https:\/\/kalandoroktarsasaga.hu\/\"},{\"@type\":\"ListItem\",\"position\":2,\"name\":\"Rendezv\u00e9nyeink\",\"item\":\"https:\/\/kalandoroktarsasaga.hu\/index.php\/rendezvenyeink\/\"},{\"@type\":\"ListItem\",\"position\":3,\"name\":\"XII. \u00d6tven \u00e9v\"}]},{\"@type\":\"WebSite\",\"@id\":\"https:\/\/kalandoroktarsasaga.hu\/#website\",\"url\":\"https:\/\/kalandoroktarsasaga.hu\/\",\"name\":\"Kalandorok T\u00e1rsas\u00e1ga\",\"description\":\"Szerepj\u00e1t\u00e9kos rendezv\u00e9nyeket szervez\u00fcnk - veletek, nektek\",\"publisher\":{\"@id\":\"https:\/\/kalandoroktarsasaga.hu\/#organization\"},\"potentialAction\":[{\"@type\":\"SearchAction\",\"target\":{\"@type\":\"EntryPoint\",\"urlTemplate\":\"https:\/\/kalandoroktarsasaga.hu\/?s={search_term_string}\"},\"query-input\":{\"@type\":\"PropertyValueSpecification\",\"valueRequired\":true,\"valueName\":\"search_term_string\"}}],\"inLanguage\":\"hu\"},{\"@type\":\"Organization\",\"@id\":\"https:\/\/kalandoroktarsasaga.hu\/#organization\",\"name\":\"Kalandorok T\u00e1rsas\u00e1ga\",\"url\":\"https:\/\/kalandoroktarsasaga.hu\/\",\"logo\":{\"@type\":\"ImageObject\",\"inLanguage\":\"hu\",\"@id\":\"https:\/\/kalandoroktarsasaga.hu\/#\/schema\/logo\/image\/\",\"url\":\"https:\/\/kalandoroktarsasaga.hu\/wp-content\/uploads\/2023\/08\/cropped-Logo-1.png\",\"contentUrl\":\"https:\/\/kalandoroktarsasaga.hu\/wp-content\/uploads\/2023\/08\/cropped-Logo-1.png\",\"width\":599,\"height\":832,\"caption\":\"Kalandorok T\u00e1rsas\u00e1ga\"},\"image\":{\"@id\":\"https:\/\/kalandoroktarsasaga.hu\/#\/schema\/logo\/image\/\"}}]}<\/script>\n<!-- \/ Yoast SEO plugin. -->","yoast_head_json":{"title":"XII. \u00d6tven \u00e9v - Kalandorok T\u00e1rsas\u00e1ga","robots":{"index":"index","follow":"follow","max-snippet":"max-snippet:-1","max-image-preview":"max-image-preview:large","max-video-preview":"max-video-preview:-1"},"canonical":"https:\/\/kalandoroktarsasaga.hu\/index.php\/rendezvenyeink\/xii-otven-ev\/","og_locale":"hu_HU","og_type":"article","og_title":"XII. \u00d6tven \u00e9v - Kalandorok T\u00e1rsas\u00e1ga","og_description":"50 \u00e9v telt el az\u00f3ta, hogy&nbsp;Ernest Gary Gygax \u00e9s Dave Arneson \u00f6tleteib\u0151l megsz\u00fcletett a Dungeons &amp; Dragons szerepj\u00e1t\u00e9k els\u0151 publik\u00e1lt verzi\u00f3ja. A j\u00e1t\u00e9knak a (val\u00f3di) vil\u00e1gra gyakorolt hat\u00e1sa olyan m\u00e9reteket \u00f6lt\u00f6tt, amit akkor m\u00e9g senki sem l\u00e1thatott el\u0151re: az elm\u00falt 50 \u00e9vben sz\u00e1mtalan j\u00e1t\u00e9krendszert inspir\u00e1lt, videoj\u00e1t\u00e9kok alapj\u00e1t k\u00e9pezte (vagy ink\u00e1bb: alapjaiban hat\u00e1rozta meg a videoj\u00e1t\u00e9kos...","og_url":"https:\/\/kalandoroktarsasaga.hu\/index.php\/rendezvenyeink\/xii-otven-ev\/","og_site_name":"Kalandorok T\u00e1rsas\u00e1ga","article_modified_time":"2024-10-14T07:53:42+00:00","twitter_card":"summary_large_image","twitter_misc":{"Becs\u00fclt olvas\u00e1si id\u0151":"5 perc"},"schema":{"@context":"https:\/\/schema.org","@graph":[{"@type":"WebPage","@id":"https:\/\/kalandoroktarsasaga.hu\/index.php\/rendezvenyeink\/xii-otven-ev\/","url":"https:\/\/kalandoroktarsasaga.hu\/index.php\/rendezvenyeink\/xii-otven-ev\/","name":"XII. \u00d6tven \u00e9v - Kalandorok T\u00e1rsas\u00e1ga","isPartOf":{"@id":"https:\/\/kalandoroktarsasaga.hu\/#website"},"datePublished":"2024-09-03T17:28:02+00:00","dateModified":"2024-10-14T07:53:42+00:00","breadcrumb":{"@id":"https:\/\/kalandoroktarsasaga.hu\/index.php\/rendezvenyeink\/xii-otven-ev\/#breadcrumb"},"inLanguage":"hu","potentialAction":[{"@type":"ReadAction","target":["https:\/\/kalandoroktarsasaga.hu\/index.php\/rendezvenyeink\/xii-otven-ev\/"]}]},{"@type":"BreadcrumbList","@id":"https:\/\/kalandoroktarsasaga.hu\/index.php\/rendezvenyeink\/xii-otven-ev\/#breadcrumb","itemListElement":[{"@type":"ListItem","position":1,"name":"Kezd\u0151lap","item":"https:\/\/kalandoroktarsasaga.hu\/"},{"@type":"ListItem","position":2,"name":"Rendezv\u00e9nyeink","item":"https:\/\/kalandoroktarsasaga.hu\/index.php\/rendezvenyeink\/"},{"@type":"ListItem","position":3,"name":"XII. \u00d6tven \u00e9v"}]},{"@type":"WebSite","@id":"https:\/\/kalandoroktarsasaga.hu\/#website","url":"https:\/\/kalandoroktarsasaga.hu\/","name":"Kalandorok T\u00e1rsas\u00e1ga","description":"Szerepj\u00e1t\u00e9kos rendezv\u00e9nyeket szervez\u00fcnk - veletek, nektek","publisher":{"@id":"https:\/\/kalandoroktarsasaga.hu\/#organization"},"potentialAction":[{"@type":"SearchAction","target":{"@type":"EntryPoint","urlTemplate":"https:\/\/kalandoroktarsasaga.hu\/?s={search_term_string}"},"query-input":{"@type":"PropertyValueSpecification","valueRequired":true,"valueName":"search_term_string"}}],"inLanguage":"hu"},{"@type":"Organization","@id":"https:\/\/kalandoroktarsasaga.hu\/#organization","name":"Kalandorok T\u00e1rsas\u00e1ga","url":"https:\/\/kalandoroktarsasaga.hu\/","logo":{"@type":"ImageObject","inLanguage":"hu","@id":"https:\/\/kalandoroktarsasaga.hu\/#\/schema\/logo\/image\/","url":"https:\/\/kalandoroktarsasaga.hu\/wp-content\/uploads\/2023\/08\/cropped-Logo-1.png","contentUrl":"https:\/\/kalandoroktarsasaga.hu\/wp-content\/uploads\/2023\/08\/cropped-Logo-1.png","width":599,"height":832,"caption":"Kalandorok T\u00e1rsas\u00e1ga"},"image":{"@id":"https:\/\/kalandoroktarsasaga.hu\/#\/schema\/logo\/image\/"}}]}},"_links":{"self":[{"href":"https:\/\/kalandoroktarsasaga.hu\/index.php\/wp-json\/wp\/v2\/pages\/933","targetHints":{"allow":["GET"]}}],"collection":[{"href":"https:\/\/kalandoroktarsasaga.hu\/index.php\/wp-json\/wp\/v2\/pages"}],"about":[{"href":"https:\/\/kalandoroktarsasaga.hu\/index.php\/wp-json\/wp\/v2\/types\/page"}],"author":[{"embeddable":true,"href":"https:\/\/kalandoroktarsasaga.hu\/index.php\/wp-json\/wp\/v2\/users\/1"}],"replies":[{"embeddable":true,"href":"https:\/\/kalandoroktarsasaga.hu\/index.php\/wp-json\/wp\/v2\/comments?post=933"}],"version-history":[{"count":6,"href":"https:\/\/kalandoroktarsasaga.hu\/index.php\/wp-json\/wp\/v2\/pages\/933\/revisions"}],"predecessor-version":[{"id":1061,"href":"https:\/\/kalandoroktarsasaga.hu\/index.php\/wp-json\/wp\/v2\/pages\/933\/revisions\/1061"}],"up":[{"embeddable":true,"href":"https:\/\/kalandoroktarsasaga.hu\/index.php\/wp-json\/wp\/v2\/pages\/506"}],"wp:attachment":[{"href":"https:\/\/kalandoroktarsasaga.hu\/index.php\/wp-json\/wp\/v2\/media?parent=933"}],"curies":[{"name":"wp","href":"https:\/\/api.w.org\/{rel}","templated":true}]}}